{"id":2702,"date":"2024-12-17T21:31:43","date_gmt":"2024-12-17T20:31:43","guid":{"rendered":"https:\/\/chalet-beziers.fr\/ueber-jardin-de-coubertin\/"},"modified":"2024-12-26T04:31:07","modified_gmt":"2024-12-26T03:31:07","slug":"ueber-jardin-de-coubertin","status":"publish","type":"page","link":"https:\/\/chalet-beziers.fr\/de\/ueber-jardin-de-coubertin\/","title":{"rendered":"\u00dcber &#8222;Jardin de Coubertin&#8220;"},"content":{"rendered":"<h1 class=\"wp-block-heading\"><\/h1><p>Ein kleines komfortables G\u00e4stehaus. Unser Personal bietet einen aufmerksamen und hochwertigen Service und ist immer bereit, den G\u00e4sten zu helfen.<\/p><p>Das Hotel befindet sich haupts\u00e4chlich im Erdgeschoss, wobei sich die Junior-Suiten im Hauptgeb\u00e4ude und die Superior-Zimmer im Nebengeb\u00e4ude befinden. Im Obergeschoss, nachdem Sie die Treppe hinaufgestiegen sind, finden Sie unser ganz privates Loft (Superior Suite) mit einer Menge erstaunlicher Eigenschaften. Es gibt auch einen herrlichen Garten, in dem Sie sich entspannen und in den kommenden Morgen eines neuen wunderbaren Tages in der Atmosph\u00e4re des mediterranen Alltagslebens eintauchen k\u00f6nnen. Es ist eine erstaunliche Verschmelzung von Ruhe und Beschaulichkeit im Garten mit Hektik und L\u00e4rm drau\u00dfen.  <\/p><div class=\"wp-block-getwid-section alignfull alignfull getwid-section-content-custom-width\"><div class=\"wp-block-getwid-section__wrapper\"><div class=\"wp-block-getwid-section__inner-wrapper\" style=\"max-width:1130px\"><div class=\"wp-block-getwid-section__background-holder\"><div class=\"wp-block-getwid-section__background\"><\/div><div class=\"wp-block-getwid-section__foreground\"><\/div><\/div><div class=\"wp-block-getwid-section__content\"><div class=\"wp-block-getwid-section__inner-content\"><div class=\"wp-block-columns has-3-columns is-layout-flex wp-container-core-columns-is-layout-1 wp-block-columns-is-layout-flex\"><div class=\"wp-block-column is-layout-flow wp-block-column-is-layout-flow\"><div class=\"wp-block-getwid-image-box is-style-rounded has-text-left has-mobile-layout-default has-mobile-alignment-default\"><div class=\"wp-block-getwid-image-box__image-container is-position-top\"><a href=\"https:\/\/jardin-de-coubertin.fr\" target=\"_blank\" rel=\"noreferrer noopener\" class=\"wp-block-getwid-image-box__image-wrapper\"><img loading=\"lazy\" decoding=\"async\" width=\"1280\" height=\"960\" src=\"https:\/\/chalet-beziers.fr\/wp-content\/uploads\/2024\/11\/coubertin-main-side-building.jpg\" alt=\"\" class=\"wp-block-getwid-image-box__image wp-image-1694\" srcset=\"https:\/\/chalet-beziers.fr\/wp-content\/uploads\/2024\/11\/coubertin-main-side-building.jpg 1280w, https:\/\/chalet-beziers.fr\/wp-content\/uploads\/2024\/11\/coubertin-main-side-building-300x225.jpg 300w, https:\/\/chalet-beziers.fr\/wp-content\/uploads\/2024\/11\/coubertin-main-side-building-1024x768.jpg 1024w, https:\/\/chalet-beziers.fr\/wp-content\/uploads\/2024\/11\/coubertin-main-side-building-768x576.jpg 768w, https:\/\/chalet-beziers.fr\/wp-content\/uploads\/2024\/11\/coubertin-main-side-building-1170x878.jpg 1170w, https:\/\/chalet-beziers.fr\/wp-content\/uploads\/2024\/11\/coubertin-main-side-building-600x450.jpg 600w\" sizes=\"auto, (max-width: 1280px) 100vw, 1280px\" \/><\/a><\/div><div class=\"wp-block-getwid-image-box__content\"><h5 class=\"wp-block-heading has-text-align-center\">Ger\u00e4umiger Garten<\/h5>\n\n<p class=\"has-text-align-center\">Ausgestattet mit verschiedenen Sitzbereichen und einem Gasgrill.<\/p><\/div><\/div><\/div>\n\n<div class=\"wp-block-column is-layout-flow wp-block-column-is-layout-flow\"><div class=\"wp-block-getwid-image-box is-style-rounded has-text-center has-mobile-layout-default has-mobile-alignment-default\"><div class=\"wp-block-getwid-image-box__image-container is-position-top\"><a href=\"https:\/\/jardin-de-coubertin.fr\" target=\"_blank\" rel=\"noreferrer noopener\" class=\"wp-block-getwid-image-box__image-wrapper\"><img loading=\"lazy\" decoding=\"async\" width=\"1280\" height=\"1707\" src=\"https:\/\/chalet-beziers.fr\/wp-content\/uploads\/2024\/11\/coubertin-studio-light.jpg\" alt=\"\" class=\"wp-block-getwid-image-box__image wp-image-1717\" srcset=\"https:\/\/chalet-beziers.fr\/wp-content\/uploads\/2024\/11\/coubertin-studio-light.jpg 1280w, https:\/\/chalet-beziers.fr\/wp-content\/uploads\/2024\/11\/coubertin-studio-light-225x300.jpg 225w, https:\/\/chalet-beziers.fr\/wp-content\/uploads\/2024\/11\/coubertin-studio-light-768x1024.jpg 768w, https:\/\/chalet-beziers.fr\/wp-content\/uploads\/2024\/11\/coubertin-studio-light-1152x1536.jpg 1152w, https:\/\/chalet-beziers.fr\/wp-content\/uploads\/2024\/11\/coubertin-studio-light-1170x1560.jpg 1170w, https:\/\/chalet-beziers.fr\/wp-content\/uploads\/2024\/11\/coubertin-studio-light-600x800.jpg 600w\" sizes=\"auto, (max-width: 1280px) 100vw, 1280px\" \/><\/a><\/div><div class=\"wp-block-getwid-image-box__content\"><h5 class=\"wp-block-heading\">Superior Zimmer<\/h5>\n\n<p>Sch\u00f6n eingerichtete Zimmer mit K\u00fcche und Bad.<\/p><\/div><\/div><\/div>\n\n<div class=\"wp-block-column is-layout-flow wp-block-column-is-layout-flow\"><div class=\"wp-block-getwid-image-box is-style-rounded has-text-right has-mobile-layout-default has-mobile-alignment-default\"><div class=\"wp-block-getwid-image-box__image-container is-position-top\"><a href=\"https:\/\/jardin-de-coubertin.fr\" target=\"_blank\" rel=\"noreferrer noopener\" class=\"wp-block-getwid-image-box__image-wrapper\"><img loading=\"lazy\" decoding=\"async\" width=\"1280\" height=\"960\" src=\"https:\/\/chalet-beziers.fr\/wp-content\/uploads\/2024\/11\/coubertin-loft-velux.jpg\" alt=\"\" class=\"wp-block-getwid-image-box__image wp-image-1703\" srcset=\"https:\/\/chalet-beziers.fr\/wp-content\/uploads\/2024\/11\/coubertin-loft-velux.jpg 1280w, https:\/\/chalet-beziers.fr\/wp-content\/uploads\/2024\/11\/coubertin-loft-velux-300x225.jpg 300w, https:\/\/chalet-beziers.fr\/wp-content\/uploads\/2024\/11\/coubertin-loft-velux-1024x768.jpg 1024w, https:\/\/chalet-beziers.fr\/wp-content\/uploads\/2024\/11\/coubertin-loft-velux-768x576.jpg 768w, https:\/\/chalet-beziers.fr\/wp-content\/uploads\/2024\/11\/coubertin-loft-velux-1170x878.jpg 1170w, https:\/\/chalet-beziers.fr\/wp-content\/uploads\/2024\/11\/coubertin-loft-velux-600x450.jpg 600w\" sizes=\"auto, (max-width: 1280px) 100vw, 1280px\" \/><\/a><\/div><div class=\"wp-block-getwid-image-box__content\"><h5 class=\"wp-block-heading has-text-align-center\">Loft-Ansicht<\/h5>\n\n<p class=\"has-text-align-center\">Oberer Gartenblick und teilweise Blick auf die Kathedrale<\/p><\/div><\/div><\/div><\/div>\n\n<div class=\"wp-block-getwid-advanced-spacer\" style=\"height:60px\" aria-hidden=\"true\"><\/div>\n\n<div class=\"wp-block-columns has-2-columns is-layout-flex wp-container-core-columns-is-layout-2 wp-block-columns-is-layout-flex\"><div class=\"wp-block-column is-layout-flow wp-block-column-is-layout-flow\"><div class=\"wp-block-getwid-image-box is-style-rounded has-image-right has-text-left has-mobile-layout-column has-mobile-alignment-default\"><div class=\"wp-block-getwid-image-box__image-container is-position-middle\"><a href=\"https:\/\/jardin-de-coubertin.fr\" target=\"_blank\" rel=\"noreferrer noopener\" class=\"wp-block-getwid-image-box__image-wrapper\"><img loading=\"lazy\" decoding=\"async\" width=\"1280\" height=\"960\" src=\"https:\/\/chalet-beziers.fr\/wp-content\/uploads\/2024\/11\/coubertin-loft-lit-proche.jpg\" alt=\"\" class=\"wp-block-getwid-image-box__image wp-image-1700\" srcset=\"https:\/\/chalet-beziers.fr\/wp-content\/uploads\/2024\/11\/coubertin-loft-lit-proche.jpg 1280w, https:\/\/chalet-beziers.fr\/wp-content\/uploads\/2024\/11\/coubertin-loft-lit-proche-300x225.jpg 300w, https:\/\/chalet-beziers.fr\/wp-content\/uploads\/2024\/11\/coubertin-loft-lit-proche-1024x768.jpg 1024w, https:\/\/chalet-beziers.fr\/wp-content\/uploads\/2024\/11\/coubertin-loft-lit-proche-768x576.jpg 768w, https:\/\/chalet-beziers.fr\/wp-content\/uploads\/2024\/11\/coubertin-loft-lit-proche-1170x878.jpg 1170w, https:\/\/chalet-beziers.fr\/wp-content\/uploads\/2024\/11\/coubertin-loft-lit-proche-600x450.jpg 600w\" sizes=\"auto, (max-width: 1280px) 100vw, 1280px\" \/><\/a><\/div><div class=\"wp-block-getwid-image-box__content\"><h5 class=\"wp-block-heading has-text-align-right\">Loft<\/h5>\n\n<p class=\"has-text-align-right\">Design Bett sehr ger\u00e4umig.<\/p><\/div><\/div><\/div>\n\n<div class=\"wp-block-column is-layout-flow wp-block-column-is-layout-flow\"><div class=\"wp-block-getwid-image-box is-style-rounded has-image-left has-text-left has-mobile-layout-column has-mobile-alignment-default\"><div class=\"wp-block-getwid-image-box__image-container is-position-middle\"><a href=\"https:\/\/jardin-de-coubertin.fr\" target=\"_blank\" rel=\"noreferrer noopener\" class=\"wp-block-getwid-image-box__image-wrapper\"><img loading=\"lazy\" decoding=\"async\" width=\"2560\" height=\"1920\" src=\"https:\/\/chalet-beziers.fr\/wp-content\/uploads\/2024\/11\/coubertin-appartement-lounge-sofa.jpg\" alt=\"\" class=\"wp-block-getwid-image-box__image wp-image-1660\" srcset=\"https:\/\/chalet-beziers.fr\/wp-content\/uploads\/2024\/11\/coubertin-appartement-lounge-sofa.jpg 2560w, https:\/\/chalet-beziers.fr\/wp-content\/uploads\/2024\/11\/coubertin-appartement-lounge-sofa-300x225.jpg 300w, https:\/\/chalet-beziers.fr\/wp-content\/uploads\/2024\/11\/coubertin-appartement-lounge-sofa-1024x768.jpg 1024w, https:\/\/chalet-beziers.fr\/wp-content\/uploads\/2024\/11\/coubertin-appartement-lounge-sofa-768x576.jpg 768w, https:\/\/chalet-beziers.fr\/wp-content\/uploads\/2024\/11\/coubertin-appartement-lounge-sofa-1536x1152.jpg 1536w, https:\/\/chalet-beziers.fr\/wp-content\/uploads\/2024\/11\/coubertin-appartement-lounge-sofa-2048x1536.jpg 2048w, https:\/\/chalet-beziers.fr\/wp-content\/uploads\/2024\/11\/coubertin-appartement-lounge-sofa-1170x878.jpg 1170w, https:\/\/chalet-beziers.fr\/wp-content\/uploads\/2024\/11\/coubertin-appartement-lounge-sofa-600x450.jpg 600w\" sizes=\"auto, (max-width: 2560px) 100vw, 2560px\" \/><\/a><\/div><div class=\"wp-block-getwid-image-box__content\"><h5 class=\"wp-block-heading\">Appartement<\/h5>\n\n<p>Wohnzimmer der Junios Suite.<\/p><\/div><\/div><\/div><\/div><\/div><\/div><\/div><\/div><\/div>","protected":false},"excerpt":{"rendered":"<p>Ein kleines komfortables G\u00e4stehaus. Unser Personal bietet einen aufmerksamen und hochwertigen Service und ist immer bereit, den G\u00e4sten zu helfen. Das Hotel befindet sich haupts\u00e4chlich im Erdgeschoss, wobei sich die Junior-Suiten im Hauptgeb\u00e4ude und die Superior-Zimmer im Nebengeb\u00e4ude befinden. Im Obergeschoss, nachdem Sie die Treppe hinaufgestiegen sind, finden Sie unser ganz privates Loft (Superior Suite) [&hellip;]<\/p>\n","protected":false},"author":1,"featured_media":0,"parent":0,"menu_order":0,"comment_status":"closed","ping_status":"closed","template":"","meta":{"footnotes":""},"class_list":["post-2702","page","type-page","status-publish","hentry"],"_links":{"self":[{"href":"https:\/\/chalet-beziers.fr\/de\/wp-json\/wp\/v2\/pages\/2702","targetHints":{"allow":["GET"]}}],"collection":[{"href":"https:\/\/chalet-beziers.fr\/de\/wp-json\/wp\/v2\/pages"}],"about":[{"href":"https:\/\/chalet-beziers.fr\/de\/wp-json\/wp\/v2\/types\/page"}],"author":[{"embeddable":true,"href":"https:\/\/chalet-beziers.fr\/de\/wp-json\/wp\/v2\/users\/1"}],"replies":[{"embeddable":true,"href":"https:\/\/chalet-beziers.fr\/de\/wp-json\/wp\/v2\/comments?post=2702"}],"version-history":[{"count":2,"href":"https:\/\/chalet-beziers.fr\/de\/wp-json\/wp\/v2\/pages\/2702\/revisions"}],"predecessor-version":[{"id":2704,"href":"https:\/\/chalet-beziers.fr\/de\/wp-json\/wp\/v2\/pages\/2702\/revisions\/2704"}],"wp:attachment":[{"href":"https:\/\/chalet-beziers.fr\/de\/wp-json\/wp\/v2\/media?parent=2702"}],"curies":[{"name":"wp","href":"https:\/\/api.w.org\/{rel}","templated":true}]}}