{"id":2837,"date":"2019-07-15T12:01:45","date_gmt":"2019-07-15T10:01:45","guid":{"rendered":"https:\/\/chalet-beziers.fr\/ueber-vw-combi\/"},"modified":"2024-12-26T04:31:46","modified_gmt":"2024-12-26T03:31:46","slug":"ueber-vw-combi","status":"publish","type":"page","link":"https:\/\/chalet-beziers.fr\/de\/ueber-vw-combi\/","title":{"rendered":"\u00dcber &#8222;VW Combi&#8220;"},"content":{"rendered":"<h1 class=\"wp-block-heading\"><\/h1><p>Als leidenschaftliche Camper der alten Schule&#8230; haben wir gerade einen kleinen Kombi gemietet.<\/p><p>F\u00fcr alle, die davon getr\u00e4umt haben, einen kleinen Kombi-Bus zu mieten, um in S\u00fcdfrankreich herumzufahren. Alle unsere Busse verf\u00fcgen \u00fcber ein Himmelbett f\u00fcr die Erwachsenen und bei Bedarf \u00fcber ein Dachbett f\u00fcr Kinder.  <\/p><p>Mit unseren Bussen entfliehen Sie dem schnelllebigen Leben unserer Zeit und Sie entschleunigen und genie\u00dfen&#8230;<\/p><div class=\"wp-block-getwid-section alignfull alignfull getwid-section-content-custom-width\"><div class=\"wp-block-getwid-section__wrapper\"><div class=\"wp-block-getwid-section__inner-wrapper\" style=\"max-width:1130px\"><div class=\"wp-block-getwid-section__background-holder\"><div class=\"wp-block-getwid-section__background\"><\/div><div class=\"wp-block-getwid-section__foreground\"><\/div><\/div><div class=\"wp-block-getwid-section__content\"><div class=\"wp-block-getwid-section__inner-content\"><div class=\"wp-block-columns has-3-columns is-layout-flex wp-container-core-columns-is-layout-1 wp-block-columns-is-layout-flex\"><div class=\"wp-block-column is-layout-flow wp-block-column-is-layout-flow\"><div class=\"wp-block-getwid-image-box is-style-rounded has-text-left has-mobile-layout-default has-mobile-alignment-default\"><div class=\"wp-block-getwid-image-box__image-container is-position-top\"><a href=\"https:\/\/vwcombi-beziers.fr\" target=\"_blank\" rel=\"noreferrer noopener\" class=\"wp-block-getwid-image-box__image-wrapper\"><img loading=\"lazy\" decoding=\"async\" width=\"2560\" height=\"1920\" src=\"https:\/\/chalet-beziers.fr\/wp-content\/uploads\/2024\/11\/IMG_20181115_104438-scaled.jpg\" alt=\"\" class=\"wp-block-getwid-image-box__image wp-image-1722\" srcset=\"https:\/\/chalet-beziers.fr\/wp-content\/uploads\/2024\/11\/IMG_20181115_104438-scaled.jpg 2560w, https:\/\/chalet-beziers.fr\/wp-content\/uploads\/2024\/11\/IMG_20181115_104438-300x225.jpg 300w, https:\/\/chalet-beziers.fr\/wp-content\/uploads\/2024\/11\/IMG_20181115_104438-1024x768.jpg 1024w, https:\/\/chalet-beziers.fr\/wp-content\/uploads\/2024\/11\/IMG_20181115_104438-768x576.jpg 768w, https:\/\/chalet-beziers.fr\/wp-content\/uploads\/2024\/11\/IMG_20181115_104438-1536x1152.jpg 1536w, https:\/\/chalet-beziers.fr\/wp-content\/uploads\/2024\/11\/IMG_20181115_104438-2048x1536.jpg 2048w, https:\/\/chalet-beziers.fr\/wp-content\/uploads\/2024\/11\/IMG_20181115_104438-1170x878.jpg 1170w, https:\/\/chalet-beziers.fr\/wp-content\/uploads\/2024\/11\/IMG_20181115_104438-600x450.jpg 600w\" sizes=\"auto, (max-width: 2560px) 100vw, 2560px\" \/><\/a><\/div><div class=\"wp-block-getwid-image-box__content\"><h5 class=\"wp-block-heading has-text-align-center\">Sonniges Orange<\/h5>\n\n<p class=\"has-text-align-center\">Original gelb-orange Farbe und ein Hardtop-Dach.<\/p><\/div><\/div><\/div>\n\n<div class=\"wp-block-column is-layout-flow wp-block-column-is-layout-flow\"><div class=\"wp-block-getwid-image-box is-style-rounded has-text-center has-mobile-layout-default has-mobile-alignment-default\"><div class=\"wp-block-getwid-image-box__image-container is-position-top\"><a href=\"https:\/\/vwcombi-beziers.fr\" target=\"_blank\" rel=\"noreferrer noopener\" class=\"wp-block-getwid-image-box__image-wrapper\"><img loading=\"lazy\" decoding=\"async\" width=\"2560\" height=\"1920\" src=\"https:\/\/chalet-beziers.fr\/wp-content\/uploads\/2024\/11\/IMG_20230803_152413-scaled.jpg\" alt=\"\" class=\"wp-block-getwid-image-box__image wp-image-1723\" srcset=\"https:\/\/chalet-beziers.fr\/wp-content\/uploads\/2024\/11\/IMG_20230803_152413-scaled.jpg 2560w, https:\/\/chalet-beziers.fr\/wp-content\/uploads\/2024\/11\/IMG_20230803_152413-300x225.jpg 300w, https:\/\/chalet-beziers.fr\/wp-content\/uploads\/2024\/11\/IMG_20230803_152413-1024x768.jpg 1024w, https:\/\/chalet-beziers.fr\/wp-content\/uploads\/2024\/11\/IMG_20230803_152413-768x576.jpg 768w, https:\/\/chalet-beziers.fr\/wp-content\/uploads\/2024\/11\/IMG_20230803_152413-1536x1152.jpg 1536w, https:\/\/chalet-beziers.fr\/wp-content\/uploads\/2024\/11\/IMG_20230803_152413-2048x1536.jpg 2048w, https:\/\/chalet-beziers.fr\/wp-content\/uploads\/2024\/11\/IMG_20230803_152413-1170x878.jpg 1170w, https:\/\/chalet-beziers.fr\/wp-content\/uploads\/2024\/11\/IMG_20230803_152413-600x450.jpg 600w\" sizes=\"auto, (max-width: 2560px) 100vw, 2560px\" \/><\/a><\/div><div class=\"wp-block-getwid-image-box__content\"><h5 class=\"wp-block-heading\">Blauer Himmel<\/h5>\n\n<p>Mit einem faltbaren Zeltdach  <\/p><\/div><\/div><\/div>\n\n<div class=\"wp-block-column is-layout-flow wp-block-column-is-layout-flow\"><div class=\"wp-block-getwid-image-box is-style-rounded has-text-right has-mobile-layout-default has-mobile-alignment-default\"><div class=\"wp-block-getwid-image-box__image-container is-position-top\"><a href=\"https:\/\/vwcombi-beziers.fr\" target=\"_blank\" rel=\"noreferrer noopener\" class=\"wp-block-getwid-image-box__image-wrapper\"><img loading=\"lazy\" decoding=\"async\" width=\"2560\" height=\"1920\" src=\"https:\/\/chalet-beziers.fr\/wp-content\/uploads\/2024\/11\/IMG_20230803_152529-scaled.jpg\" alt=\"\" class=\"wp-block-getwid-image-box__image wp-image-1730\" srcset=\"https:\/\/chalet-beziers.fr\/wp-content\/uploads\/2024\/11\/IMG_20230803_152529-scaled.jpg 2560w, https:\/\/chalet-beziers.fr\/wp-content\/uploads\/2024\/11\/IMG_20230803_152529-300x225.jpg 300w, https:\/\/chalet-beziers.fr\/wp-content\/uploads\/2024\/11\/IMG_20230803_152529-1024x768.jpg 1024w, https:\/\/chalet-beziers.fr\/wp-content\/uploads\/2024\/11\/IMG_20230803_152529-768x576.jpg 768w, https:\/\/chalet-beziers.fr\/wp-content\/uploads\/2024\/11\/IMG_20230803_152529-1536x1152.jpg 1536w, https:\/\/chalet-beziers.fr\/wp-content\/uploads\/2024\/11\/IMG_20230803_152529-2048x1536.jpg 2048w, https:\/\/chalet-beziers.fr\/wp-content\/uploads\/2024\/11\/IMG_20230803_152529-1170x878.jpg 1170w, https:\/\/chalet-beziers.fr\/wp-content\/uploads\/2024\/11\/IMG_20230803_152529-600x450.jpg 600w\" sizes=\"auto, (max-width: 2560px) 100vw, 2560px\" \/><\/a><\/div><div class=\"wp-block-getwid-image-box__content\"><h5 class=\"wp-block-heading has-text-align-center\">Cappuccino Breeze<\/h5>\n\n<p class=\"has-text-align-center\">Zu einem voll funktionsf\u00e4higen Elektrofahrzeug umgebaut.<\/p><\/div><\/div><\/div><\/div>\n\n<div class=\"wp-block-getwid-advanced-spacer\" style=\"height:60px\" aria-hidden=\"true\"><\/div>\n\n<div class=\"wp-block-columns has-2-columns is-layout-flex wp-container-core-columns-is-layout-2 wp-block-columns-is-layout-flex\"><div class=\"wp-block-column is-layout-flow wp-block-column-is-layout-flow\"><\/div><\/div><\/div><\/div><\/div><\/div><\/div><p><\/p>","protected":false},"excerpt":{"rendered":"<p>Als leidenschaftliche Camper der alten Schule&#8230; haben wir gerade einen kleinen Kombi gemietet. F\u00fcr alle, die davon getr\u00e4umt haben, einen kleinen Kombi-Bus zu mieten, um in S\u00fcdfrankreich herumzufahren. Alle unsere Busse verf\u00fcgen \u00fcber ein Himmelbett f\u00fcr die Erwachsenen und bei Bedarf \u00fcber ein Dachbett f\u00fcr Kinder. Mit unseren Bussen entfliehen Sie dem schnelllebigen Leben unserer [&hellip;]<\/p>\n","protected":false},"author":1,"featured_media":0,"parent":0,"menu_order":0,"comment_status":"closed","ping_status":"closed","template":"","meta":{"footnotes":""},"class_list":["post-2837","page","type-page","status-publish","hentry"],"_links":{"self":[{"href":"https:\/\/chalet-beziers.fr\/de\/wp-json\/wp\/v2\/pages\/2837","targetHints":{"allow":["GET"]}}],"collection":[{"href":"https:\/\/chalet-beziers.fr\/de\/wp-json\/wp\/v2\/pages"}],"about":[{"href":"https:\/\/chalet-beziers.fr\/de\/wp-json\/wp\/v2\/types\/page"}],"author":[{"embeddable":true,"href":"https:\/\/chalet-beziers.fr\/de\/wp-json\/wp\/v2\/users\/1"}],"replies":[{"embeddable":true,"href":"https:\/\/chalet-beziers.fr\/de\/wp-json\/wp\/v2\/comments?post=2837"}],"version-history":[{"count":2,"href":"https:\/\/chalet-beziers.fr\/de\/wp-json\/wp\/v2\/pages\/2837\/revisions"}],"predecessor-version":[{"id":2842,"href":"https:\/\/chalet-beziers.fr\/de\/wp-json\/wp\/v2\/pages\/2837\/revisions\/2842"}],"wp:attachment":[{"href":"https:\/\/chalet-beziers.fr\/de\/wp-json\/wp\/v2\/media?parent=2837"}],"curies":[{"name":"wp","href":"https:\/\/api.w.org\/{rel}","templated":true}]}}