{"id":2855,"date":"2019-07-15T11:57:59","date_gmt":"2019-07-15T09:57:59","guid":{"rendered":"https:\/\/chalet-beziers.fr\/testimonials\/"},"modified":"2024-12-26T04:31:46","modified_gmt":"2024-12-26T03:31:46","slug":"testimonials","status":"publish","type":"page","link":"https:\/\/chalet-beziers.fr\/de\/testimonials\/","title":{"rendered":"Testimonials"},"content":{"rendered":"<div class=\"wp-block-columns has-2-columns is-layout-flex wp-container-core-columns-is-layout-1 wp-block-columns-is-layout-flex\"><div class=\"wp-block-column is-layout-flow wp-block-column-is-layout-flow\"><div class=\"wp-block-getwid-testimonial has-image\"><div class=\"wp-block-getwid-testimonial__wrapper\"><div class=\"wp-block-getwid-testimonial__content-wrapper\"><p class=\"wp-block-getwid-testimonial__content\">Ger\u00e4umiges und gut ausgestattetes Appartement. Die netten Besitzer waren immer hilfsbereit. Das Haus befindet sich in einer ruhigen und sch\u00f6nen Lage nur 15 Minuten vom Stadtzentrum entfernt. Wir kommen wieder, wenn wir in der N\u00e4he sind  <\/p><\/div><div class=\"wp-block-getwid-testimonial__header\"><div class=\"wp-block-getwid-testimonial__image-wrapper\"><div class=\"wp-block-getwid-testimonial__image\"><img decoding=\"async\" src=\"https:\/\/chalet-beziers.fr\/wp-content\/uploads\/2023\/08\/20170313_150901-150x150.jpg\" alt=\"\" class=\"wp-image-1067\"><\/div><\/div><div class=\"wp-block-getwid-testimonial__heading\"><span class=\"wp-block-getwid-testimonial__title\">Elena \u00fcber Booking.com<\/span><span class=\"wp-block-getwid-testimonial__subtitle\">Spanien<\/span><\/div><\/div><\/div><\/div>\n\n<div class=\"wp-block-getwid-testimonial has-image\"><div class=\"wp-block-getwid-testimonial__wrapper\"><div class=\"wp-block-getwid-testimonial__content-wrapper\"><p class=\"wp-block-getwid-testimonial__content\">Sehr nette Besitzer, Chalet wie auf den Fotos, gesicherter Parkplatz, nichts Negatives \u00fcber diesen Aufenthalt zu sagen.<\/p><\/div><div class=\"wp-block-getwid-testimonial__header\"><div class=\"wp-block-getwid-testimonial__image-wrapper\"><div class=\"wp-block-getwid-testimonial__image\"><img loading=\"lazy\" decoding=\"async\" width=\"150\" height=\"150\" src=\"https:\/\/chalet-beziers.fr\/wp-content\/uploads\/2023\/08\/chalet-beziers-tulip-150x150.jpg\" alt=\"\" class=\"wp-image-1143\" srcset=\"https:\/\/chalet-beziers.fr\/wp-content\/uploads\/2023\/08\/chalet-beziers-tulip-150x150.jpg 150w, https:\/\/chalet-beziers.fr\/wp-content\/uploads\/2023\/08\/chalet-beziers-tulip-992x992.jpg 992w, https:\/\/chalet-beziers.fr\/wp-content\/uploads\/2023\/08\/chalet-beziers-tulip-300x300.jpg 300w, https:\/\/chalet-beziers.fr\/wp-content\/uploads\/2023\/08\/chalet-beziers-tulip-100x100.jpg 100w\" sizes=\"auto, (max-width: 150px) 100vw, 150px\" \/><\/div><\/div><div class=\"wp-block-getwid-testimonial__heading\"><span class=\"wp-block-getwid-testimonial__title\">Lou-anne \u00fcber Booking.com<\/span><span class=\"wp-block-getwid-testimonial__subtitle\">frankreich<\/span><\/div><\/div><\/div><\/div>\n\n<div class=\"wp-block-getwid-testimonial has-image\"><div class=\"wp-block-getwid-testimonial__wrapper\"><div class=\"wp-block-getwid-testimonial__content-wrapper\"><p class=\"wp-block-getwid-testimonial__content\">Die Klimaanlage wurde sehr gesch\u00e4tzt, der Privatparkplatz und die Freundlichkeit der Eigent\u00fcmer. Ebenso wie der Charme des Holzhauses.<\/p><\/div><div class=\"wp-block-getwid-testimonial__header\"><div class=\"wp-block-getwid-testimonial__image-wrapper\"><div class=\"wp-block-getwid-testimonial__image\"><img loading=\"lazy\" decoding=\"async\" width=\"150\" height=\"150\" src=\"https:\/\/chalet-beziers.fr\/wp-content\/uploads\/2023\/08\/chalet-beziers-jardin-feuille-150x150.jpg\" alt=\"\" class=\"wp-image-1390\" srcset=\"https:\/\/chalet-beziers.fr\/wp-content\/uploads\/2023\/08\/chalet-beziers-jardin-feuille-150x150.jpg 150w, https:\/\/chalet-beziers.fr\/wp-content\/uploads\/2023\/08\/chalet-beziers-jardin-feuille-992x992.jpg 992w, https:\/\/chalet-beziers.fr\/wp-content\/uploads\/2023\/08\/chalet-beziers-jardin-feuille-300x300.jpg 300w, https:\/\/chalet-beziers.fr\/wp-content\/uploads\/2023\/08\/chalet-beziers-jardin-feuille-100x100.jpg 100w\" sizes=\"auto, (max-width: 150px) 100vw, 150px\" \/><\/div><\/div><div class=\"wp-block-getwid-testimonial__heading\"><span class=\"wp-block-getwid-testimonial__title\">Bernard \u00fcber Booking.com<\/span><span class=\"wp-block-getwid-testimonial__subtitle\">frankreich<\/span><\/div><\/div><\/div><\/div><\/div>\n\n<div class=\"wp-block-column is-layout-flow wp-block-column-is-layout-flow\"><div class=\"wp-block-getwid-testimonial has-image\"><div class=\"wp-block-getwid-testimonial__wrapper\"><div class=\"wp-block-getwid-testimonial__content-wrapper\"><p class=\"wp-block-getwid-testimonial__content\">Der Empfang durch die Gastgeber war sehr sympathisch und freundlich. Das Haus ist wirklich au\u00dfergew\u00f6hnlich mit allem Komfort und sehr ger\u00e4umig.<\/p><\/div><div class=\"wp-block-getwid-testimonial__header\"><div class=\"wp-block-getwid-testimonial__image-wrapper\"><div class=\"wp-block-getwid-testimonial__image\"><img loading=\"lazy\" decoding=\"async\" width=\"150\" height=\"150\" src=\"https:\/\/chalet-beziers.fr\/wp-content\/uploads\/2023\/08\/chalet-beziers-tulip-150x150.jpg\" alt=\"\" class=\"wp-image-1143\" srcset=\"https:\/\/chalet-beziers.fr\/wp-content\/uploads\/2023\/08\/chalet-beziers-tulip-150x150.jpg 150w, https:\/\/chalet-beziers.fr\/wp-content\/uploads\/2023\/08\/chalet-beziers-tulip-992x992.jpg 992w, https:\/\/chalet-beziers.fr\/wp-content\/uploads\/2023\/08\/chalet-beziers-tulip-300x300.jpg 300w, https:\/\/chalet-beziers.fr\/wp-content\/uploads\/2023\/08\/chalet-beziers-tulip-100x100.jpg 100w\" sizes=\"auto, (max-width: 150px) 100vw, 150px\" \/><\/div><\/div><div class=\"wp-block-getwid-testimonial__heading\"><span class=\"wp-block-getwid-testimonial__title\">Alexandrine \u00fcber Booking.com<\/span><span class=\"wp-block-getwid-testimonial__subtitle\">Frankreich<\/span><\/div><\/div><\/div><\/div>\n\n<div class=\"wp-block-getwid-testimonial has-image\"><div class=\"wp-block-getwid-testimonial__wrapper\"><div class=\"wp-block-getwid-testimonial__content-wrapper\"><p class=\"wp-block-getwid-testimonial__content\">Herzlicher Empfang, die Besitzer waren sehr freundlich, es fehlte an nichts bei unserer Ankunft. Viel Privatsph\u00e4re und komfortable Betten.  <br>Wir empfehlen es ohne zu z\u00f6gern.<\/p><\/div><div class=\"wp-block-getwid-testimonial__header\"><div class=\"wp-block-getwid-testimonial__image-wrapper\"><div class=\"wp-block-getwid-testimonial__image\"><img loading=\"lazy\" decoding=\"async\" width=\"150\" height=\"150\" src=\"https:\/\/chalet-beziers.fr\/wp-content\/uploads\/2023\/08\/20170313_150843-150x150.jpg\" alt=\"\" class=\"wp-image-1064\" srcset=\"https:\/\/chalet-beziers.fr\/wp-content\/uploads\/2023\/08\/20170313_150843-150x150.jpg 150w, https:\/\/chalet-beziers.fr\/wp-content\/uploads\/2023\/08\/20170313_150843-992x992.jpg 992w, https:\/\/chalet-beziers.fr\/wp-content\/uploads\/2023\/08\/20170313_150843-300x300.jpg 300w, https:\/\/chalet-beziers.fr\/wp-content\/uploads\/2023\/08\/20170313_150843-100x100.jpg 100w\" sizes=\"auto, (max-width: 150px) 100vw, 150px\" \/><\/div><\/div><div class=\"wp-block-getwid-testimonial__heading\"><span class=\"wp-block-getwid-testimonial__title\">Nicole \u00fcber Booking.com<\/span><span class=\"wp-block-getwid-testimonial__subtitle\">Lyon, Frankreich<\/span><\/div><\/div><\/div><\/div>\n\n<div class=\"wp-block-getwid-testimonial has-image\"><div class=\"wp-block-getwid-testimonial__wrapper\"><div class=\"wp-block-getwid-testimonial__content-wrapper\"><p class=\"wp-block-getwid-testimonial__content\">Selbstverpflegung, Chalet liegt zentral, man kann zu Fu\u00df ins Zentrum gehen, sehr sch\u00f6ne Stadt. Nichts Negatives.<\/p><\/div><div class=\"wp-block-getwid-testimonial__header\"><div class=\"wp-block-getwid-testimonial__image-wrapper\"><div class=\"wp-block-getwid-testimonial__image\"><img loading=\"lazy\" decoding=\"async\" width=\"150\" height=\"150\" src=\"https:\/\/chalet-beziers.fr\/wp-content\/uploads\/2023\/08\/chalet-beziers-jardin-feuille-150x150.jpg\" alt=\"\" class=\"wp-image-1390\" srcset=\"https:\/\/chalet-beziers.fr\/wp-content\/uploads\/2023\/08\/chalet-beziers-jardin-feuille-150x150.jpg 150w, https:\/\/chalet-beziers.fr\/wp-content\/uploads\/2023\/08\/chalet-beziers-jardin-feuille-992x992.jpg 992w, https:\/\/chalet-beziers.fr\/wp-content\/uploads\/2023\/08\/chalet-beziers-jardin-feuille-300x300.jpg 300w, https:\/\/chalet-beziers.fr\/wp-content\/uploads\/2023\/08\/chalet-beziers-jardin-feuille-100x100.jpg 100w\" sizes=\"auto, (max-width: 150px) 100vw, 150px\" \/><\/div><\/div><div class=\"wp-block-getwid-testimonial__heading\"><span class=\"wp-block-getwid-testimonial__title\">Wolfgang \u00fcber Booking.com<\/span><span class=\"wp-block-getwid-testimonial__subtitle\">Deutschland<\/span><\/div><\/div><\/div><\/div><\/div><\/div>","protected":false},"excerpt":{"rendered":"<p>Unsere ersten Kommentare sind von unserer Booking.com Pr\u00e4sentation kopiert.<\/p>\n","protected":false},"author":1,"featured_media":0,"parent":0,"menu_order":0,"comment_status":"closed","ping_status":"closed","template":"","meta":{"footnotes":""},"class_list":["post-2855","page","type-page","status-publish","hentry"],"_links":{"self":[{"href":"https:\/\/chalet-beziers.fr\/de\/wp-json\/wp\/v2\/pages\/2855","targetHints":{"allow":["GET"]}}],"collection":[{"href":"https:\/\/chalet-beziers.fr\/de\/wp-json\/wp\/v2\/pages"}],"about":[{"href":"https:\/\/chalet-beziers.fr\/de\/wp-json\/wp\/v2\/types\/page"}],"author":[{"embeddable":true,"href":"https:\/\/chalet-beziers.fr\/de\/wp-json\/wp\/v2\/users\/1"}],"replies":[{"embeddable":true,"href":"https:\/\/chalet-beziers.fr\/de\/wp-json\/wp\/v2\/comments?post=2855"}],"version-history":[{"count":2,"href":"https:\/\/chalet-beziers.fr\/de\/wp-json\/wp\/v2\/pages\/2855\/revisions"}],"predecessor-version":[{"id":2857,"href":"https:\/\/chalet-beziers.fr\/de\/wp-json\/wp\/v2\/pages\/2855\/revisions\/2857"}],"wp:attachment":[{"href":"https:\/\/chalet-beziers.fr\/de\/wp-json\/wp\/v2\/media?parent=2855"}],"curies":[{"name":"wp","href":"https:\/\/api.w.org\/{rel}","templated":true}]}}