{"id":2864,"date":"2019-07-11T13:57:30","date_gmt":"2019-07-11T11:57:30","guid":{"rendered":"https:\/\/chalet-beziers.fr\/kontaktieren-sie-uns\/"},"modified":"2024-12-26T04:31:47","modified_gmt":"2024-12-26T03:31:47","slug":"kontaktieren-sie-uns","status":"publish","type":"page","link":"https:\/\/chalet-beziers.fr\/de\/kontaktieren-sie-uns\/","title":{"rendered":"Kontaktieren Sie uns"},"content":{"rendered":"<div class=\"wp-block-getwid-section alignfull alignfull\"><div class=\"wp-block-getwid-section__wrapper getwid-padding-top-none getwid-padding-bottom-none getwid-padding-left-medium getwid-padding-right-medium getwid-padding-mobile-left-small getwid-padding-mobile-right-small\"><div class=\"wp-block-getwid-section__inner-wrapper\"><div class=\"wp-block-getwid-section__background-holder\"><div class=\"wp-block-getwid-section__background\"><\/div><div class=\"wp-block-getwid-section__foreground\"><\/div><\/div><div class=\"wp-block-getwid-section__content\"><div class=\"wp-block-getwid-section__inner-content\"><div class=\"wp-block-columns has-4-columns is-layout-flex wp-container-core-columns-is-layout-1 wp-block-columns-is-layout-flex\"><div class=\"wp-block-column is-layout-flow wp-block-column-is-layout-flow\"><div class=\"wp-block-getwid-advanced-heading\" style=\"margin-bottom:20px\"><h5 class=\"wp-block-getwid-advanced-heading__content\">Unser Standort<\/h5><\/div>\n\n<div class=\"wp-block-getwid-icon-box has-icon-left has-text-left\"><div style=\"margin-top:7px;margin-right:15px\" class=\"wp-block-getwid-icon-box__icon-container is-position-top\"><div class=\"wp-block-getwid-icon-box__icon-wrapper has-text-color has-gold-color\" style=\"font-size:16px;padding:0px\"><i class=\"fas fa-map-marker-alt\"><\/i><\/div><\/div><div class=\"wp-block-getwid-icon-box__content\"><p>24 Av Henri Galinier<br\/>34500 Beziers Frankreich<\/p><\/div><\/div><\/div>\n\n<div class=\"wp-block-column is-layout-flow wp-block-column-is-layout-flow\"><div class=\"wp-block-getwid-advanced-heading\" style=\"margin-bottom:20px\"><h5 class=\"wp-block-getwid-advanced-heading__content\">Rufen Sie uns an<\/h5><\/div>\n\n<div class=\"wp-block-getwid-icon-box has-icon-left has-text-left\"><div style=\"margin-top:7px;margin-right:15px\" class=\"wp-block-getwid-icon-box__icon-container is-position-top\"><div class=\"wp-block-getwid-icon-box__icon-wrapper has-text-color has-gold-color\" style=\"font-size:16px;padding:0px\"><i class=\"fas fa-phone\"><\/i><\/div><\/div><div class=\"wp-block-getwid-icon-box__content\"><p>  +33 6 78 32 54 50<br\/> +33 7 60 91 32 98<br\/> <\/p><\/div><\/div><\/div>\n\n<div class=\"wp-block-column is-layout-flow wp-block-column-is-layout-flow\"><div class=\"wp-block-getwid-advanced-heading\" style=\"margin-bottom:20px\"><h5 class=\"wp-block-getwid-advanced-heading__content\">Arbeitszeiten<\/h5><\/div>\n\n<div class=\"wp-block-getwid-icon-box has-icon-left has-text-left\"><div style=\"margin-top:7px;margin-right:15px\" class=\"wp-block-getwid-icon-box__icon-container is-position-top\"><div class=\"wp-block-getwid-icon-box__icon-wrapper has-text-color has-gold-color\" style=\"font-size:16px;padding:0px\"><i class=\"fas fa-clock\"><\/i><\/div><\/div><div class=\"wp-block-getwid-icon-box__content\"><p>Mo. &#8211; Fr. 7 &#8211; 20 Uhr<br\/>Samstag 9 &#8211; 17 Uhr<br\/>Sonntag 10 &#8211; 17 Uhr  <\/p><\/div><\/div><\/div>\n\n<div class=\"wp-block-column is-layout-flow wp-block-column-is-layout-flow\"><div class=\"wp-block-getwid-advanced-heading\" style=\"margin-bottom:20px\"><h5 class=\"wp-block-getwid-advanced-heading__content\">Kontakt aufnehmen<\/h5><\/div>\n\n<div class=\"wp-block-getwid-icon-box has-icon-left has-text-left\"><div style=\"margin-top:7px;margin-right:15px\" class=\"wp-block-getwid-icon-box__icon-container is-position-top\"><div class=\"wp-block-getwid-icon-box__icon-wrapper has-text-color has-gold-color\" style=\"font-size:16px;padding:0px\"><i class=\"fas fa-envelope\"><\/i><\/div><\/div><div class=\"wp-block-getwid-icon-box__content\"><p>Um unser Team zu kontaktieren, senden Sie bitte eine E-Mail an <a href=\"#\">chaletbeziers@gmail.com<\/a><\/p><\/div><\/div><\/div><\/div><\/div><\/div><\/div><\/div><\/div><div class=\"wp-block-getwid-section alignfull alignfull getwid-section-content-full-width\" style=\"margin-top:90px\"><div class=\"wp-block-getwid-section__wrapper getwid-padding-top-none getwid-padding-bottom-none getwid-padding-left-none getwid-padding-right-none\"><div class=\"wp-block-getwid-section__inner-wrapper\"><div class=\"wp-block-getwid-section__background-holder\"><div class=\"wp-block-getwid-section__background\" style=\"background-image:url('https:\/\/chalet-beziers.fr\/wp-content\/uploads\/2019\/07\/image_placeholder-copy-5.png');background-size:contain\"><div class=\"wp-block-getwid-section__background-image-wrapper\"><img decoding=\"async\" class=\"wp-block-getwid-section__background-image\" src=\"https:\/\/chalet-beziers.fr\/wp-content\/uploads\/2019\/07\/image_placeholder-copy-5.png\" alt=\"\"\/><\/div><\/div><div class=\"wp-block-getwid-section__foreground\"><\/div><\/div><div class=\"wp-block-getwid-section__content\"><div class=\"wp-block-getwid-section__inner-content\"><div class=\"wp-block-columns has-2-columns is-layout-flex wp-container-core-columns-is-layout-2 wp-block-columns-is-layout-flex\"><div class=\"wp-block-column is-layout-flow wp-block-column-is-layout-flow\"><div class=\"wp-block-getwid-section bring-to-top getwid-section-content-custom-width\" style=\"margin-top:90px;margin-bottom:90px\"><div class=\"wp-block-getwid-section__wrapper getwid-padding-top-none getwid-padding-bottom-none getwid-padding-left-none getwid-padding-right-none getwid-justify-content-flex-end getwid-justify-content-tablet-center getwid-reset-min-height-tablet getwid-reset-min-height-mobile\" style=\"min-height:852px\"><div class=\"wp-block-getwid-section__inner-wrapper\" style=\"max-width:500px\"><div class=\"wp-block-getwid-section__background-holder\"><div class=\"wp-block-getwid-section__background\"><\/div><div class=\"wp-block-getwid-section__foreground\"><\/div><\/div><div class=\"wp-block-getwid-section__content\"><div class=\"wp-block-getwid-section__inner-content\"><div class=\"wp-block-getwid-section\"><div class=\"wp-block-getwid-section__wrapper\" style=\"padding-top:75px;padding-bottom:75px;padding-left:60px;padding-right:60px\"><div class=\"wp-block-getwid-section__inner-wrapper\"><div class=\"wp-block-getwid-section__background-holder\"><div class=\"wp-block-getwid-section__background has-background has-white-background-color\"><\/div><div class=\"wp-block-getwid-section__foreground\"><\/div><\/div><div class=\"wp-block-getwid-section__content\"><div class=\"wp-block-getwid-section__inner-content\"><div class=\"wp-block-getwid-advanced-heading is-style-default\" style=\"margin-bottom:20px\"><h2 class=\"wp-block-getwid-advanced-heading__content\">Senden Sie eine Nachricht<\/h2><\/div>\n\n<p>Wenn Sie Fragen haben, z\u00f6gern Sie nicht, unser Team zu kontaktieren. Wir sind immer f\u00fcr Sie da, um Ihre Fragen zu beantworten. <\/p>\n\n<div class=\"wp-block-getwid-contact-form\" >\n            <form class='wp-block-getwid-contact-form__form'>\n    \n<p class='wp-block-getwid-field-name'>\n\t    <label\n        for='name-69fb7a1611d1c'\n        class='wp-block-getwid-field-name__label'\n    >Name<\/label>\n\t    <input id='name-69fb7a1611d1c' type='text' name='name'            required=''\n            \/>\n<\/p>\n\n<p class='wp-block-getwid-field-email'>\n\t    <label\n\t\tfor='email-69fb7a1611e23'\n        class='wp-block-getwid-field-email__label'\n    >Email<\/label>\n\t    <input id='email-69fb7a1611e23' type='email' name='email'             required=''    \/>\n<\/p>\n\n<p class='wp-block-getwid-field-textarea'>\n\t    <label\n\t\tfor='message-69fb7a1611f25'\n        class='wp-block-getwid-field-textarea__label'\n    >Message<\/label>\n\t    <textarea\n\t\tid='message-69fb7a1611f25' rows='5' name='message'            required=''\n            ><\/textarea>\n<\/p>\n\n    <input name='subject' \t\ttype='hidden'\n\t\/>\n\n\t<p class='wp-block-getwid-contact-form__result'><\/p>\n\n\t<div class='wp-block-getwid-contact-form__submit'>\n\t\t<div class='wp-block-button'>\n\t\t\t<button\n\t\t\t\ttype='submit'\n\t\t\t\tclass='wp-block-button__link '\t\t\t\t\tstyle=''\t\t\t>Submit<\/button>\n\t\t<\/div>\n\n\t<\/div>\n<\/form>\n        <\/div><\/div><\/div><\/div><\/div><\/div><\/div><\/div><\/div><\/div><\/div><\/div>\n\n<div class=\"wp-block-column is-layout-flow wp-block-column-is-layout-flow\"><div class=\"wp-block-getwid-section getwid-section-content-full-width\" style=\"margin-top:45px;margin-bottom:45px\"><div class=\"wp-block-getwid-section__wrapper getwid-padding-top-none getwid-padding-bottom-none getwid-padding-left-none getwid-padding-right-none\" style=\"margin-left:-90px\"><div class=\"wp-block-getwid-section__inner-wrapper\"><div class=\"wp-block-getwid-section__background-holder\"><div class=\"wp-block-getwid-section__background\"><\/div><div class=\"wp-block-getwid-section__foreground\"><\/div><\/div><div class=\"wp-block-getwid-section__content\"><div class=\"wp-block-getwid-section__inner-content\"><div data-map-zoom=\"16\" data-interaction=\"cooperative\" data-map-style=\"default\" data-map-center=\"{\"lat\":43.33804062623782,\"lng\":3.2008364200591943}\" data-zoom-control=\"false\" data-type-control=\"false\" data-street-view-control=\"false\" data-full-screen-control=\"false\" data-map-markers=\"[{\"name\":\"Chalet Beziers\",\"description\":\"24 Av Henri Galinier\\n34500 Beziers\\nFrance\",\"popUpOpen\":false,\"popUpMaxWidth\":250,\"bounce\":false,\"coords\":{\"lat\":35.34218217026727,\"lng\":25.138617085351825}},{\"name\":\"Chalet Beziers\",\"description\":\"24 Av Henri Galinier\\n34500 B\u00e9ziers, France\",\"popUpOpen\":false,\"popUpMaxWidth\":250,\"bounce\":false,\"coords\":{\"lat\":43.33884033397808,\"lng\":3.200291931629171}},{\"name\":\"#3\",\"description\":\"\",\"popUpOpen\":false,\"popUpMaxWidth\":250,\"bounce\":false,\"coords\":{\"lat\":0,\"lng\":0}}]\" class=\"wp-block-getwid-map\"><div style=\"height:940px\" class=\"wp-block-getwid-map__container\"><\/div><ul class=\"wp-block-getwid-map__points\"><li><a href=\"https:\/\/maps.google.com\/?q=35.34218217026727,25.138617085351825&amp;ll=35.34218217026727,25.138617085351825&amp;z=16\">Chalet Beziers<\/a><\/li><li><a href=\"https:\/\/maps.google.com\/?q=43.33884033397808,3.200291931629171&amp;ll=43.33884033397808,3.200291931629171&amp;z=16\">Chalet Beziers<\/a><\/li><li><a href=\"https:\/\/maps.google.com\/?q=0,0&amp;ll=0,0&amp;z=16\">#3<\/a><\/li><\/ul><\/div><\/div><\/div><\/div><\/div><\/div><\/div><\/div><\/div><\/div><\/div><\/div><\/div>","protected":false},"excerpt":{"rendered":"<p>Wenn Sie Fragen zur Unterkunft haben, k\u00f6nnen Sie sich direkt an uns wenden. Wir w\u00fcrden uns freuen, Sie bei uns begr\u00fc\u00dfen zu d\u00fcrfen! <\/p>\n","protected":false},"author":1,"featured_media":0,"parent":0,"menu_order":0,"comment_status":"closed","ping_status":"closed","template":"","meta":{"footnotes":""},"class_list":["post-2864","page","type-page","status-publish","hentry"],"_links":{"self":[{"href":"https:\/\/chalet-beziers.fr\/de\/wp-json\/wp\/v2\/pages\/2864","targetHints":{"allow":["GET"]}}],"collection":[{"href":"https:\/\/chalet-beziers.fr\/de\/wp-json\/wp\/v2\/pages"}],"about":[{"href":"https:\/\/chalet-beziers.fr\/de\/wp-json\/wp\/v2\/types\/page"}],"author":[{"embeddable":true,"href":"https:\/\/chalet-beziers.fr\/de\/wp-json\/wp\/v2\/users\/1"}],"replies":[{"embeddable":true,"href":"https:\/\/chalet-beziers.fr\/de\/wp-json\/wp\/v2\/comments?post=2864"}],"version-history":[{"count":2,"href":"https:\/\/chalet-beziers.fr\/de\/wp-json\/wp\/v2\/pages\/2864\/revisions"}],"predecessor-version":[{"id":2866,"href":"https:\/\/chalet-beziers.fr\/de\/wp-json\/wp\/v2\/pages\/2864\/revisions\/2866"}],"wp:attachment":[{"href":"https:\/\/chalet-beziers.fr\/de\/wp-json\/wp\/v2\/media?parent=2864"}],"curies":[{"name":"wp","href":"https:\/\/api.w.org\/{rel}","templated":true}]}}