{"id":2892,"date":"2019-06-12T11:51:44","date_gmt":"2019-06-12T09:51:44","guid":{"rendered":"https:\/\/chalet-beziers.fr\/bildergalerie-chalet-beziers\/"},"modified":"2024-12-26T04:31:56","modified_gmt":"2024-12-26T03:31:56","slug":"bildergalerie-chalet-beziers","status":"publish","type":"page","link":"https:\/\/chalet-beziers.fr\/de\/bildergalerie-chalet-beziers\/","title":{"rendered":"Bildergalerie Chalet Beziers"},"content":{"rendered":"<div class=\"wp-block-getwid-section alignfull alignfull\"><div class=\"wp-block-getwid-section__wrapper getwid-padding-top-none getwid-padding-bottom-none getwid-padding-left-medium getwid-padding-right-medium getwid-padding-mobile-left-small getwid-padding-mobile-right-small\"><div class=\"wp-block-getwid-section__inner-wrapper\"><div class=\"wp-block-getwid-section__background-holder\"><div class=\"wp-block-getwid-section__background\"><\/div><div class=\"wp-block-getwid-section__foreground\"><\/div><\/div><div class=\"wp-block-getwid-section__content\"><div class=\"wp-block-getwid-section__inner-content\"><figure class=\"wp-block-gallery has-nested-images columns-3 is-cropped wp-block-gallery-1 is-layout-flex wp-block-gallery-is-layout-flex\"><figure class=\"wp-block-image size-large\"><a href=\"https:\/\/chalet-beziers.fr\/wp-content\/uploads\/2023\/08\/chalet-beziers-cour-proche.jpg\"><img loading=\"lazy\" decoding=\"async\" width=\"1024\" height=\"769\" src=\"https:\/\/chalet-beziers.fr\/wp-content\/uploads\/2023\/08\/chalet-beziers-cour-proche-1024x769.jpg\" alt=\"Chalet Beziers cour proche\" class=\"wp-image-1385\" srcset=\"https:\/\/chalet-beziers.fr\/wp-content\/uploads\/2023\/08\/chalet-beziers-cour-proche-1024x769.jpg 1024w, https:\/\/chalet-beziers.fr\/wp-content\/uploads\/2023\/08\/chalet-beziers-cour-proche-300x225.jpg 300w, https:\/\/chalet-beziers.fr\/wp-content\/uploads\/2023\/08\/chalet-beziers-cour-proche-768x577.jpg 768w, https:\/\/chalet-beziers.fr\/wp-content\/uploads\/2023\/08\/chalet-beziers-cour-proche-1536x1154.jpg 1536w, https:\/\/chalet-beziers.fr\/wp-content\/uploads\/2023\/08\/chalet-beziers-cour-proche-2048x1538.jpg 2048w, https:\/\/chalet-beziers.fr\/wp-content\/uploads\/2023\/08\/chalet-beziers-cour-proche-1170x879.jpg 1170w, https:\/\/chalet-beziers.fr\/wp-content\/uploads\/2023\/08\/chalet-beziers-cour-proche-600x451.jpg 600w\" sizes=\"auto, (max-width: 1024px) 100vw, 1024px\" \/><\/a><\/figure>\n\n<figure class=\"wp-block-image size-large\"><a href=\"https:\/\/chalet-beziers.fr\/de\/img_20230803_121244-2\/\"><img loading=\"lazy\" decoding=\"async\" width=\"1024\" height=\"769\" src=\"https:\/\/chalet-beziers.fr\/wp-content\/uploads\/2023\/08\/chalet-beziers-banque-proche-1024x769.jpg\" alt=\"\" class=\"wp-image-1387\" srcset=\"https:\/\/chalet-beziers.fr\/wp-content\/uploads\/2023\/08\/chalet-beziers-banque-proche-1024x769.jpg 1024w, https:\/\/chalet-beziers.fr\/wp-content\/uploads\/2023\/08\/chalet-beziers-banque-proche-300x225.jpg 300w, https:\/\/chalet-beziers.fr\/wp-content\/uploads\/2023\/08\/chalet-beziers-banque-proche-768x577.jpg 768w, https:\/\/chalet-beziers.fr\/wp-content\/uploads\/2023\/08\/chalet-beziers-banque-proche-1536x1154.jpg 1536w, https:\/\/chalet-beziers.fr\/wp-content\/uploads\/2023\/08\/chalet-beziers-banque-proche-2048x1538.jpg 2048w, https:\/\/chalet-beziers.fr\/wp-content\/uploads\/2023\/08\/chalet-beziers-banque-proche-1170x879.jpg 1170w, https:\/\/chalet-beziers.fr\/wp-content\/uploads\/2023\/08\/chalet-beziers-banque-proche-600x451.jpg 600w\" sizes=\"auto, (max-width: 1024px) 100vw, 1024px\" \/><\/a><\/figure>\n\n<figure class=\"wp-block-image size-large\"><a href=\"https:\/\/chalet-beziers.fr\/de\/chbbq-2\/\"><img loading=\"lazy\" decoding=\"async\" width=\"1024\" height=\"769\" src=\"https:\/\/chalet-beziers.fr\/wp-content\/uploads\/2024\/11\/chalet-bbq-sky-1024x769.jpg\" alt=\"\" class=\"wp-image-1527\" srcset=\"https:\/\/chalet-beziers.fr\/wp-content\/uploads\/2024\/11\/chalet-bbq-sky-1024x769.jpg 1024w, https:\/\/chalet-beziers.fr\/wp-content\/uploads\/2024\/11\/chalet-bbq-sky-300x225.jpg 300w, https:\/\/chalet-beziers.fr\/wp-content\/uploads\/2024\/11\/chalet-bbq-sky-768x577.jpg 768w, https:\/\/chalet-beziers.fr\/wp-content\/uploads\/2024\/11\/chalet-bbq-sky-1536x1154.jpg 1536w, https:\/\/chalet-beziers.fr\/wp-content\/uploads\/2024\/11\/chalet-bbq-sky-2048x1538.jpg 2048w, https:\/\/chalet-beziers.fr\/wp-content\/uploads\/2024\/11\/chalet-bbq-sky-1170x879.jpg 1170w, https:\/\/chalet-beziers.fr\/wp-content\/uploads\/2024\/11\/chalet-bbq-sky-600x451.jpg 600w\" sizes=\"auto, (max-width: 1024px) 100vw, 1024px\" \/><\/a><\/figure>\n\n<figure class=\"wp-block-image size-large\"><a href=\"https:\/\/chalet-beziers.fr\/de\/img_20230803_121051-2\/\"><img loading=\"lazy\" decoding=\"async\" width=\"1024\" height=\"769\" src=\"https:\/\/chalet-beziers.fr\/wp-content\/uploads\/2023\/08\/chalet-beziers-parking-proche-1024x769.jpg\" alt=\"Chalet Beziers Parkplatz proche\" class=\"wp-image-1393\" srcset=\"https:\/\/chalet-beziers.fr\/wp-content\/uploads\/2023\/08\/chalet-beziers-parking-proche-1024x769.jpg 1024w, https:\/\/chalet-beziers.fr\/wp-content\/uploads\/2023\/08\/chalet-beziers-parking-proche-300x225.jpg 300w, https:\/\/chalet-beziers.fr\/wp-content\/uploads\/2023\/08\/chalet-beziers-parking-proche-768x577.jpg 768w, https:\/\/chalet-beziers.fr\/wp-content\/uploads\/2023\/08\/chalet-beziers-parking-proche-1536x1154.jpg 1536w, https:\/\/chalet-beziers.fr\/wp-content\/uploads\/2023\/08\/chalet-beziers-parking-proche-2048x1538.jpg 2048w, https:\/\/chalet-beziers.fr\/wp-content\/uploads\/2023\/08\/chalet-beziers-parking-proche-1170x879.jpg 1170w, https:\/\/chalet-beziers.fr\/wp-content\/uploads\/2023\/08\/chalet-beziers-parking-proche-600x451.jpg 600w\" sizes=\"auto, (max-width: 1024px) 100vw, 1024px\" \/><\/a><\/figure>\n\n<figure class=\"wp-block-image size-large\"><a href=\"https:\/\/chalet-beziers.fr\/de\/img_20230803_121133-2\/\"><img loading=\"lazy\" decoding=\"async\" width=\"1024\" height=\"769\" src=\"https:\/\/chalet-beziers.fr\/wp-content\/uploads\/2023\/08\/chalet-beziers-jardin-feuille-1024x769.jpg\" alt=\"\" class=\"wp-image-1390\" srcset=\"https:\/\/chalet-beziers.fr\/wp-content\/uploads\/2023\/08\/chalet-beziers-jardin-feuille-1024x769.jpg 1024w, https:\/\/chalet-beziers.fr\/wp-content\/uploads\/2023\/08\/chalet-beziers-jardin-feuille-300x225.jpg 300w, https:\/\/chalet-beziers.fr\/wp-content\/uploads\/2023\/08\/chalet-beziers-jardin-feuille-768x577.jpg 768w, https:\/\/chalet-beziers.fr\/wp-content\/uploads\/2023\/08\/chalet-beziers-jardin-feuille-1536x1154.jpg 1536w, https:\/\/chalet-beziers.fr\/wp-content\/uploads\/2023\/08\/chalet-beziers-jardin-feuille-2048x1538.jpg 2048w, https:\/\/chalet-beziers.fr\/wp-content\/uploads\/2023\/08\/chalet-beziers-jardin-feuille-1170x879.jpg 1170w, https:\/\/chalet-beziers.fr\/wp-content\/uploads\/2023\/08\/chalet-beziers-jardin-feuille-600x451.jpg 600w\" sizes=\"auto, (max-width: 1024px) 100vw, 1024px\" \/><\/a><\/figure>\n\n<figure class=\"wp-block-image size-large\"><a href=\"https:\/\/chalet-beziers.fr\/wp-content\/uploads\/2023\/08\/chalet-beziers-jardin-banque.jpg\"><img loading=\"lazy\" decoding=\"async\" width=\"1024\" height=\"769\" src=\"https:\/\/chalet-beziers.fr\/wp-content\/uploads\/2023\/08\/chalet-beziers-jardin-banque-1024x769.jpg\" alt=\"\" class=\"wp-image-1401\" srcset=\"https:\/\/chalet-beziers.fr\/wp-content\/uploads\/2023\/08\/chalet-beziers-jardin-banque-1024x769.jpg 1024w, https:\/\/chalet-beziers.fr\/wp-content\/uploads\/2023\/08\/chalet-beziers-jardin-banque-300x225.jpg 300w, https:\/\/chalet-beziers.fr\/wp-content\/uploads\/2023\/08\/chalet-beziers-jardin-banque-768x577.jpg 768w, https:\/\/chalet-beziers.fr\/wp-content\/uploads\/2023\/08\/chalet-beziers-jardin-banque-1536x1154.jpg 1536w, https:\/\/chalet-beziers.fr\/wp-content\/uploads\/2023\/08\/chalet-beziers-jardin-banque-2048x1538.jpg 2048w, https:\/\/chalet-beziers.fr\/wp-content\/uploads\/2023\/08\/chalet-beziers-jardin-banque-1170x879.jpg 1170w, https:\/\/chalet-beziers.fr\/wp-content\/uploads\/2023\/08\/chalet-beziers-jardin-banque-600x451.jpg 600w\" sizes=\"auto, (max-width: 1024px) 100vw, 1024px\" \/><\/a><\/figure>\n\n<figure class=\"wp-block-image size-large\"><a href=\"https:\/\/chalet-beziers.fr\/de\/chtele-2\/\"><img loading=\"lazy\" decoding=\"async\" width=\"1024\" height=\"768\" src=\"https:\/\/chalet-beziers.fr\/wp-content\/uploads\/2024\/11\/chalet-beziers-sofa-tv-1024x768.jpg\" alt=\"\" class=\"wp-image-1541\" srcset=\"https:\/\/chalet-beziers.fr\/wp-content\/uploads\/2024\/11\/chalet-beziers-sofa-tv-1024x768.jpg 1024w, https:\/\/chalet-beziers.fr\/wp-content\/uploads\/2024\/11\/chalet-beziers-sofa-tv-300x225.jpg 300w, https:\/\/chalet-beziers.fr\/wp-content\/uploads\/2024\/11\/chalet-beziers-sofa-tv-768x576.jpg 768w, https:\/\/chalet-beziers.fr\/wp-content\/uploads\/2024\/11\/chalet-beziers-sofa-tv-1536x1152.jpg 1536w, https:\/\/chalet-beziers.fr\/wp-content\/uploads\/2024\/11\/chalet-beziers-sofa-tv-2048x1536.jpg 2048w, https:\/\/chalet-beziers.fr\/wp-content\/uploads\/2024\/11\/chalet-beziers-sofa-tv-1170x878.jpg 1170w, https:\/\/chalet-beziers.fr\/wp-content\/uploads\/2024\/11\/chalet-beziers-sofa-tv-600x450.jpg 600w\" sizes=\"auto, (max-width: 1024px) 100vw, 1024px\" \/><\/a><\/figure>\n\n<figure class=\"wp-block-image size-large\"><a href=\"https:\/\/chalet-beziers.fr\/de\/chsaloncoin-2\/\"><img loading=\"lazy\" decoding=\"async\" width=\"1024\" height=\"768\" src=\"https:\/\/chalet-beziers.fr\/wp-content\/uploads\/2024\/11\/chalet-beziers-salon-coin-1024x768.jpg\" alt=\"\" class=\"wp-image-1539\" srcset=\"https:\/\/chalet-beziers.fr\/wp-content\/uploads\/2024\/11\/chalet-beziers-salon-coin-1024x768.jpg 1024w, https:\/\/chalet-beziers.fr\/wp-content\/uploads\/2024\/11\/chalet-beziers-salon-coin-300x225.jpg 300w, https:\/\/chalet-beziers.fr\/wp-content\/uploads\/2024\/11\/chalet-beziers-salon-coin-768x576.jpg 768w, https:\/\/chalet-beziers.fr\/wp-content\/uploads\/2024\/11\/chalet-beziers-salon-coin-1536x1152.jpg 1536w, https:\/\/chalet-beziers.fr\/wp-content\/uploads\/2024\/11\/chalet-beziers-salon-coin-2048x1536.jpg 2048w, https:\/\/chalet-beziers.fr\/wp-content\/uploads\/2024\/11\/chalet-beziers-salon-coin-1170x878.jpg 1170w, https:\/\/chalet-beziers.fr\/wp-content\/uploads\/2024\/11\/chalet-beziers-salon-coin-600x450.jpg 600w\" sizes=\"auto, (max-width: 1024px) 100vw, 1024px\" \/><\/a><\/figure>\n\n<figure class=\"wp-block-image size-large\"><a href=\"https:\/\/chalet-beziers.fr\/wp-content\/uploads\/2024\/11\/chalet-beziers-salon-manger.jpg\"><img loading=\"lazy\" decoding=\"async\" width=\"1024\" height=\"768\" src=\"https:\/\/chalet-beziers.fr\/wp-content\/uploads\/2024\/11\/chalet-beziers-salon-manger-1024x768.jpg\" alt=\"\" class=\"wp-image-1538\" srcset=\"https:\/\/chalet-beziers.fr\/wp-content\/uploads\/2024\/11\/chalet-beziers-salon-manger-1024x768.jpg 1024w, https:\/\/chalet-beziers.fr\/wp-content\/uploads\/2024\/11\/chalet-beziers-salon-manger-300x225.jpg 300w, https:\/\/chalet-beziers.fr\/wp-content\/uploads\/2024\/11\/chalet-beziers-salon-manger-768x576.jpg 768w, https:\/\/chalet-beziers.fr\/wp-content\/uploads\/2024\/11\/chalet-beziers-salon-manger-1536x1152.jpg 1536w, https:\/\/chalet-beziers.fr\/wp-content\/uploads\/2024\/11\/chalet-beziers-salon-manger-2048x1536.jpg 2048w, https:\/\/chalet-beziers.fr\/wp-content\/uploads\/2024\/11\/chalet-beziers-salon-manger-1170x878.jpg 1170w, https:\/\/chalet-beziers.fr\/wp-content\/uploads\/2024\/11\/chalet-beziers-salon-manger-600x450.jpg 600w\" sizes=\"auto, (max-width: 1024px) 100vw, 1024px\" \/><\/a><\/figure>\n\n<figure class=\"wp-block-image size-large\"><a href=\"https:\/\/chalet-beziers.fr\/wp-content\/uploads\/2024\/11\/chalet-beziers-cuisine.jpg\"><img loading=\"lazy\" decoding=\"async\" width=\"768\" height=\"1024\" src=\"https:\/\/chalet-beziers.fr\/wp-content\/uploads\/2024\/11\/chalet-beziers-cuisine-768x1024.jpg\" alt=\"\" class=\"wp-image-1547\" srcset=\"https:\/\/chalet-beziers.fr\/wp-content\/uploads\/2024\/11\/chalet-beziers-cuisine-768x1024.jpg 768w, https:\/\/chalet-beziers.fr\/wp-content\/uploads\/2024\/11\/chalet-beziers-cuisine-225x300.jpg 225w, https:\/\/chalet-beziers.fr\/wp-content\/uploads\/2024\/11\/chalet-beziers-cuisine-1152x1536.jpg 1152w, https:\/\/chalet-beziers.fr\/wp-content\/uploads\/2024\/11\/chalet-beziers-cuisine-1536x2048.jpg 1536w, https:\/\/chalet-beziers.fr\/wp-content\/uploads\/2024\/11\/chalet-beziers-cuisine-1170x1560.jpg 1170w, https:\/\/chalet-beziers.fr\/wp-content\/uploads\/2024\/11\/chalet-beziers-cuisine-600x800.jpg 600w, https:\/\/chalet-beziers.fr\/wp-content\/uploads\/2024\/11\/chalet-beziers-cuisine.jpg 1920w\" sizes=\"auto, (max-width: 768px) 100vw, 768px\" \/><\/a><\/figure>\n\n<figure class=\"wp-block-image size-large\"><a href=\"https:\/\/chalet-beziers.fr\/de\/?attachment_id=2497\"><img loading=\"lazy\" decoding=\"async\" width=\"1024\" height=\"768\" src=\"https:\/\/chalet-beziers.fr\/wp-content\/uploads\/2024\/12\/chalet-beziers-douche-lavabo-1024x768.jpg\" alt=\"\" class=\"wp-image-1835\" srcset=\"https:\/\/chalet-beziers.fr\/wp-content\/uploads\/2024\/12\/chalet-beziers-douche-lavabo-1024x768.jpg 1024w, https:\/\/chalet-beziers.fr\/wp-content\/uploads\/2024\/12\/chalet-beziers-douche-lavabo-300x225.jpg 300w, https:\/\/chalet-beziers.fr\/wp-content\/uploads\/2024\/12\/chalet-beziers-douche-lavabo-768x576.jpg 768w, https:\/\/chalet-beziers.fr\/wp-content\/uploads\/2024\/12\/chalet-beziers-douche-lavabo-1536x1152.jpg 1536w, https:\/\/chalet-beziers.fr\/wp-content\/uploads\/2024\/12\/chalet-beziers-douche-lavabo-2048x1536.jpg 2048w, https:\/\/chalet-beziers.fr\/wp-content\/uploads\/2024\/12\/chalet-beziers-douche-lavabo-1170x878.jpg 1170w, https:\/\/chalet-beziers.fr\/wp-content\/uploads\/2024\/12\/chalet-beziers-douche-lavabo-600x450.jpg 600w\" sizes=\"auto, (max-width: 1024px) 100vw, 1024px\" \/><\/a><\/figure>\n\n<figure class=\"wp-block-image size-large\"><a href=\"https:\/\/chalet-beziers.fr\/de\/?attachment_id=2506\"><img loading=\"lazy\" decoding=\"async\" width=\"768\" height=\"1024\" src=\"https:\/\/chalet-beziers.fr\/wp-content\/uploads\/2024\/12\/chalet-beziers-bath-toilette-768x1024.jpg\" alt=\"\" class=\"wp-image-1838\" srcset=\"https:\/\/chalet-beziers.fr\/wp-content\/uploads\/2024\/12\/chalet-beziers-bath-toilette-768x1024.jpg 768w, https:\/\/chalet-beziers.fr\/wp-content\/uploads\/2024\/12\/chalet-beziers-bath-toilette-225x300.jpg 225w, https:\/\/chalet-beziers.fr\/wp-content\/uploads\/2024\/12\/chalet-beziers-bath-toilette-1152x1536.jpg 1152w, https:\/\/chalet-beziers.fr\/wp-content\/uploads\/2024\/12\/chalet-beziers-bath-toilette-1536x2048.jpg 1536w, https:\/\/chalet-beziers.fr\/wp-content\/uploads\/2024\/12\/chalet-beziers-bath-toilette-1170x1560.jpg 1170w, https:\/\/chalet-beziers.fr\/wp-content\/uploads\/2024\/12\/chalet-beziers-bath-toilette-600x800.jpg 600w, https:\/\/chalet-beziers.fr\/wp-content\/uploads\/2024\/12\/chalet-beziers-bath-toilette.jpg 1920w\" sizes=\"auto, (max-width: 768px) 100vw, 768px\" \/><\/a><\/figure>\n\n<figure class=\"wp-block-image size-large\"><a href=\"https:\/\/chalet-beziers.fr\/wp-content\/uploads\/2024\/12\/chalet-beziers-deuxieme-chambre.jpg\"><img loading=\"lazy\" decoding=\"async\" width=\"768\" height=\"1024\" src=\"https:\/\/chalet-beziers.fr\/wp-content\/uploads\/2024\/12\/chalet-beziers-deuxieme-chambre-768x1024.jpg\" alt=\"\" class=\"wp-image-1844\" srcset=\"https:\/\/chalet-beziers.fr\/wp-content\/uploads\/2024\/12\/chalet-beziers-deuxieme-chambre-768x1024.jpg 768w, https:\/\/chalet-beziers.fr\/wp-content\/uploads\/2024\/12\/chalet-beziers-deuxieme-chambre-225x300.jpg 225w, https:\/\/chalet-beziers.fr\/wp-content\/uploads\/2024\/12\/chalet-beziers-deuxieme-chambre-1152x1536.jpg 1152w, https:\/\/chalet-beziers.fr\/wp-content\/uploads\/2024\/12\/chalet-beziers-deuxieme-chambre-1536x2048.jpg 1536w, https:\/\/chalet-beziers.fr\/wp-content\/uploads\/2024\/12\/chalet-beziers-deuxieme-chambre-1170x1560.jpg 1170w, https:\/\/chalet-beziers.fr\/wp-content\/uploads\/2024\/12\/chalet-beziers-deuxieme-chambre-600x800.jpg 600w, https:\/\/chalet-beziers.fr\/wp-content\/uploads\/2024\/12\/chalet-beziers-deuxieme-chambre.jpg 1920w\" sizes=\"auto, (max-width: 768px) 100vw, 768px\" \/><\/a><\/figure>\n\n<figure class=\"wp-block-image size-large\"><a href=\"https:\/\/chalet-beziers.fr\/wp-content\/uploads\/2024\/11\/chalet-beziers-deuxieme-placard.jpg\"><img loading=\"lazy\" decoding=\"async\" width=\"1024\" height=\"768\" src=\"https:\/\/chalet-beziers.fr\/wp-content\/uploads\/2024\/11\/chalet-beziers-deuxieme-placard-1024x768.jpg\" alt=\"\" class=\"wp-image-1548\" srcset=\"https:\/\/chalet-beziers.fr\/wp-content\/uploads\/2024\/11\/chalet-beziers-deuxieme-placard-1024x768.jpg 1024w, https:\/\/chalet-beziers.fr\/wp-content\/uploads\/2024\/11\/chalet-beziers-deuxieme-placard-300x225.jpg 300w, https:\/\/chalet-beziers.fr\/wp-content\/uploads\/2024\/11\/chalet-beziers-deuxieme-placard-768x576.jpg 768w, https:\/\/chalet-beziers.fr\/wp-content\/uploads\/2024\/11\/chalet-beziers-deuxieme-placard-1536x1152.jpg 1536w, https:\/\/chalet-beziers.fr\/wp-content\/uploads\/2024\/11\/chalet-beziers-deuxieme-placard-2048x1536.jpg 2048w, https:\/\/chalet-beziers.fr\/wp-content\/uploads\/2024\/11\/chalet-beziers-deuxieme-placard-1170x878.jpg 1170w, https:\/\/chalet-beziers.fr\/wp-content\/uploads\/2024\/11\/chalet-beziers-deuxieme-placard-600x450.jpg 600w\" sizes=\"auto, (max-width: 1024px) 100vw, 1024px\" \/><\/a><\/figure>\n\n<figure class=\"wp-block-image size-large\"><a href=\"https:\/\/chalet-beziers.fr\/wp-content\/uploads\/2024\/11\/chalet-grand-lit-large.jpg\"><img loading=\"lazy\" decoding=\"async\" width=\"1024\" height=\"768\" src=\"https:\/\/chalet-beziers.fr\/wp-content\/uploads\/2024\/11\/chalet-grand-lit-large-1024x768.jpg\" alt=\"\" class=\"wp-image-1529\" srcset=\"https:\/\/chalet-beziers.fr\/wp-content\/uploads\/2024\/11\/chalet-grand-lit-large-1024x768.jpg 1024w, https:\/\/chalet-beziers.fr\/wp-content\/uploads\/2024\/11\/chalet-grand-lit-large-300x225.jpg 300w, https:\/\/chalet-beziers.fr\/wp-content\/uploads\/2024\/11\/chalet-grand-lit-large-768x576.jpg 768w, https:\/\/chalet-beziers.fr\/wp-content\/uploads\/2024\/11\/chalet-grand-lit-large-1536x1152.jpg 1536w, https:\/\/chalet-beziers.fr\/wp-content\/uploads\/2024\/11\/chalet-grand-lit-large-2048x1536.jpg 2048w, https:\/\/chalet-beziers.fr\/wp-content\/uploads\/2024\/11\/chalet-grand-lit-large-1170x878.jpg 1170w, https:\/\/chalet-beziers.fr\/wp-content\/uploads\/2024\/11\/chalet-grand-lit-large-600x450.jpg 600w\" sizes=\"auto, (max-width: 1024px) 100vw, 1024px\" \/><\/a><\/figure>\n\n<figure class=\"wp-block-image size-large\"><img loading=\"lazy\" decoding=\"async\" width=\"1024\" height=\"768\" src=\"https:\/\/chalet-beziers.fr\/wp-content\/uploads\/2023\/08\/chalet-beziers-tulip-1024x768.jpg\" alt=\"\" class=\"wp-image-1143\" srcset=\"https:\/\/chalet-beziers.fr\/wp-content\/uploads\/2023\/08\/chalet-beziers-tulip-1024x768.jpg 1024w, https:\/\/chalet-beziers.fr\/wp-content\/uploads\/2023\/08\/chalet-beziers-tulip-300x225.jpg 300w, https:\/\/chalet-beziers.fr\/wp-content\/uploads\/2023\/08\/chalet-beziers-tulip-768x576.jpg 768w, https:\/\/chalet-beziers.fr\/wp-content\/uploads\/2023\/08\/chalet-beziers-tulip-1536x1152.jpg 1536w, https:\/\/chalet-beziers.fr\/wp-content\/uploads\/2023\/08\/chalet-beziers-tulip-2048x1536.jpg 2048w, https:\/\/chalet-beziers.fr\/wp-content\/uploads\/2023\/08\/chalet-beziers-tulip-1170x878.jpg 1170w, https:\/\/chalet-beziers.fr\/wp-content\/uploads\/2023\/08\/chalet-beziers-tulip-600x450.jpg 600w\" sizes=\"auto, (max-width: 1024px) 100vw, 1024px\" \/><\/figure>\n\n<figure class=\"wp-block-image size-large\"><img loading=\"lazy\" decoding=\"async\" width=\"1024\" height=\"768\" src=\"https:\/\/chalet-beziers.fr\/wp-content\/uploads\/2023\/08\/chalet-beziers-jardin-outside-1024x768.jpg\" alt=\"\" class=\"wp-image-1363\" srcset=\"https:\/\/chalet-beziers.fr\/wp-content\/uploads\/2023\/08\/chalet-beziers-jardin-outside-1024x768.jpg 1024w, https:\/\/chalet-beziers.fr\/wp-content\/uploads\/2023\/08\/chalet-beziers-jardin-outside-300x225.jpg 300w, https:\/\/chalet-beziers.fr\/wp-content\/uploads\/2023\/08\/chalet-beziers-jardin-outside-768x576.jpg 768w, https:\/\/chalet-beziers.fr\/wp-content\/uploads\/2023\/08\/chalet-beziers-jardin-outside-1536x1152.jpg 1536w, https:\/\/chalet-beziers.fr\/wp-content\/uploads\/2023\/08\/chalet-beziers-jardin-outside-2048x1536.jpg 2048w, https:\/\/chalet-beziers.fr\/wp-content\/uploads\/2023\/08\/chalet-beziers-jardin-outside-1170x878.jpg 1170w, https:\/\/chalet-beziers.fr\/wp-content\/uploads\/2023\/08\/chalet-beziers-jardin-outside-600x450.jpg 600w\" sizes=\"auto, (max-width: 1024px) 100vw, 1024px\" \/><\/figure>\n\n<figure class=\"wp-block-image size-large\"><img loading=\"lazy\" decoding=\"async\" width=\"1024\" height=\"768\" src=\"https:\/\/chalet-beziers.fr\/wp-content\/uploads\/2024\/11\/chalet-beziers-outside-right-1024x768.jpg\" alt=\"\" class=\"wp-image-1536\" srcset=\"https:\/\/chalet-beziers.fr\/wp-content\/uploads\/2024\/11\/chalet-beziers-outside-right-1024x768.jpg 1024w, https:\/\/chalet-beziers.fr\/wp-content\/uploads\/2024\/11\/chalet-beziers-outside-right-300x225.jpg 300w, https:\/\/chalet-beziers.fr\/wp-content\/uploads\/2024\/11\/chalet-beziers-outside-right-768x576.jpg 768w, https:\/\/chalet-beziers.fr\/wp-content\/uploads\/2024\/11\/chalet-beziers-outside-right-1536x1152.jpg 1536w, https:\/\/chalet-beziers.fr\/wp-content\/uploads\/2024\/11\/chalet-beziers-outside-right-2048x1536.jpg 2048w, https:\/\/chalet-beziers.fr\/wp-content\/uploads\/2024\/11\/chalet-beziers-outside-right-1170x878.jpg 1170w, https:\/\/chalet-beziers.fr\/wp-content\/uploads\/2024\/11\/chalet-beziers-outside-right-600x450.jpg 600w\" sizes=\"auto, (max-width: 1024px) 100vw, 1024px\" \/><\/figure><\/figure><\/div><\/div><\/div><\/div><\/div><p><\/p>","protected":false},"excerpt":{"rendered":"<p>Wir haben spektakul\u00e4re Bilder von unserem Chalet und seiner Lage zusammengestellt, um die reine Sch\u00f6nheit der Natur und den perfekten Stil und das Design unserer Unterk\u00fcnfte zu zeigen und Sie zu inspirieren.  <\/p>\n","protected":false},"author":1,"featured_media":2227,"parent":0,"menu_order":0,"comment_status":"closed","ping_status":"closed","template":"","meta":{"footnotes":""},"class_list":["post-2892","page","type-page","status-publish","has-post-thumbnail","hentry"],"_links":{"self":[{"href":"https:\/\/chalet-beziers.fr\/de\/wp-json\/wp\/v2\/pages\/2892","targetHints":{"allow":["GET"]}}],"collection":[{"href":"https:\/\/chalet-beziers.fr\/de\/wp-json\/wp\/v2\/pages"}],"about":[{"href":"https:\/\/chalet-beziers.fr\/de\/wp-json\/wp\/v2\/types\/page"}],"author":[{"embeddable":true,"href":"https:\/\/chalet-beziers.fr\/de\/wp-json\/wp\/v2\/users\/1"}],"replies":[{"embeddable":true,"href":"https:\/\/chalet-beziers.fr\/de\/wp-json\/wp\/v2\/comments?post=2892"}],"version-history":[{"count":3,"href":"https:\/\/chalet-beziers.fr\/de\/wp-json\/wp\/v2\/pages\/2892\/revisions"}],"predecessor-version":[{"id":2898,"href":"https:\/\/chalet-beziers.fr\/de\/wp-json\/wp\/v2\/pages\/2892\/revisions\/2898"}],"wp:featuredmedia":[{"embeddable":true,"href":"https:\/\/chalet-beziers.fr\/de\/wp-json\/wp\/v2\/media\/2227"}],"wp:attachment":[{"href":"https:\/\/chalet-beziers.fr\/de\/wp-json\/wp\/v2\/media?parent=2892"}],"curies":[{"name":"wp","href":"https:\/\/api.w.org\/{rel}","templated":true}]}}