{"id":2992,"date":"2019-06-11T09:53:36","date_gmt":"2019-06-11T07:53:36","guid":{"rendered":"https:\/\/chalet-beziers.fr\/startseite\/kueche-kochen\/"},"modified":"2024-12-26T04:32:22","modified_gmt":"2024-12-26T03:32:22","slug":"kueche-kochen","status":"publish","type":"page","link":"https:\/\/chalet-beziers.fr\/de\/startseite\/kueche-kochen\/","title":{"rendered":"K\u00fcche &amp; Kochen"},"content":{"rendered":"<p>In Ihrer voll ausgestatteten K\u00fcche k\u00f6nnen Sie die exquisitesten, k\u00f6stlichsten und schmackhaftesten Gerichte selbst zubereiten. Um unter freiem Himmel zu kochen, k\u00f6nnen Sie den einfach zu bedienenden Gasgrill benutzen. Genie\u00dfen Sie die Zeit ohne zu kochen&#8230; holen Sie sich die beste Pizza aus Beziers mit einem Lieferservice oder essen Sie einfach im Stadtzentrum zu Abend&#8230;  <\/p><!--more--><div class=\"wp-block-getwid-section alignfull alignfull has-inner-blocks-gap-none\"><div class=\"wp-block-getwid-section__wrapper getwid-padding-top-medium getwid-padding-bottom-none getwid-padding-left-medium getwid-padding-right-medium getwid-padding-mobile-left-small getwid-padding-mobile-right-small\"><div class=\"wp-block-getwid-section__inner-wrapper\"><div class=\"wp-block-getwid-section__background-holder\"><div class=\"wp-block-getwid-section__background\"><\/div><div class=\"wp-block-getwid-section__foreground\"><\/div><\/div><div class=\"wp-block-getwid-section__content\"><div class=\"wp-block-getwid-section__inner-content\"><div class=\"wp-block-getwid-image-box has-image-left has-text-left has-mobile-layout-column has-mobile-alignment-default\"><div style=\"margin-right:90px\" class=\"wp-block-getwid-image-box__image-container is-position-middle\"><div class=\"wp-block-getwid-image-box__image-wrapper\"><img loading=\"lazy\" decoding=\"async\" width=\"1920\" height=\"2560\" src=\"https:\/\/chalet-beziers.fr\/wp-content\/uploads\/2024\/11\/chalet-beziers-cuisine.jpg\" alt=\"\" class=\"wp-block-getwid-image-box__image wp-image-1547\" srcset=\"https:\/\/chalet-beziers.fr\/wp-content\/uploads\/2024\/11\/chalet-beziers-cuisine.jpg 1920w, https:\/\/chalet-beziers.fr\/wp-content\/uploads\/2024\/11\/chalet-beziers-cuisine-225x300.jpg 225w, https:\/\/chalet-beziers.fr\/wp-content\/uploads\/2024\/11\/chalet-beziers-cuisine-768x1024.jpg 768w, https:\/\/chalet-beziers.fr\/wp-content\/uploads\/2024\/11\/chalet-beziers-cuisine-1152x1536.jpg 1152w, https:\/\/chalet-beziers.fr\/wp-content\/uploads\/2024\/11\/chalet-beziers-cuisine-1536x2048.jpg 1536w, https:\/\/chalet-beziers.fr\/wp-content\/uploads\/2024\/11\/chalet-beziers-cuisine-1170x1560.jpg 1170w, https:\/\/chalet-beziers.fr\/wp-content\/uploads\/2024\/11\/chalet-beziers-cuisine-600x800.jpg 600w\" sizes=\"auto, (max-width: 1920px) 100vw, 1920px\" \/><\/div><\/div><div class=\"wp-block-getwid-image-box__content\"><div class=\"wp-block-getwid-advanced-heading\" style=\"margin-bottom:30px\"><h2 class=\"wp-block-getwid-advanced-heading__content\">Selbst kochen<br><\/h2><\/div>\n\n<p>Unsere K\u00fcche ist komplett ausgestattet mit Kaffeemaschine und Senseo. Vierflammiger Gasherd, Mikrowelle und Geschirrsp\u00fcler. Sogar ein Racclette-Grill ist vorhanden.<\/p>\n\n<p>F\u00fcr Ihre Vorr\u00e4te gibt es einen Lidl-Supermarkt, der 3 Autominuten entfernt ist.<\/p>\n\n<div style=\"height:20px\" aria-hidden=\"true\" class=\"wp-block-spacer\"><\/div>\n\n<div class=\"wp-block-button is-style-link\"><a class=\"wp-block-button__link wp-element-button\" href=\"#\">Mehr lesen<\/a><\/div><\/div><\/div>\n\n<div class=\"wp-block-getwid-image-box has-image-right has-text-left has-mobile-layout-column has-mobile-alignment-default\"><div style=\"margin-left:90px\" class=\"wp-block-getwid-image-box__image-container is-position-middle\"><div class=\"wp-block-getwid-image-box__image-wrapper\"><img decoding=\"async\" src=\"https:\/\/chalet-beziers.fr\/wp-content\/uploads\/2023\/08\/IMG_20230803_120904-scaled.jpg\" alt=\"\" class=\"wp-block-getwid-image-box__image wp-image-1402\"\/><\/div><\/div><div class=\"wp-block-getwid-image-box__content\"><div class=\"wp-block-getwid-advanced-heading\" style=\"margin-bottom:30px\"><h2 class=\"wp-block-getwid-advanced-heading__content\">Barbeque<br><\/h2><\/div>\n\n<p>F\u00fcr Ihre Bequemlichkeit haben wir uns f\u00fcr einen Gasgrill entschieden. Einfach und leise in der Anwendung und kein m\u00f6gliches Ausbreiten von Feuer in den trockenen Sommermonaten.  <\/p>\n\n<div style=\"height:20px\" aria-hidden=\"true\" class=\"wp-block-spacer\"><\/div>\n\n<div class=\"wp-block-button is-style-link\"><a class=\"wp-block-button__link wp-element-button\" href=\"#\">Mehr lesen<\/a><\/div><\/div><\/div>\n\n<div class=\"wp-block-getwid-image-box has-image-left has-text-left has-mobile-layout-column has-mobile-alignment-default\"><div style=\"margin-right:90px\" class=\"wp-block-getwid-image-box__image-container is-position-middle\"><div class=\"wp-block-getwid-image-box__image-wrapper\"><img decoding=\"async\" src=\"https:\/\/chalet-beziers.fr\/wp-content\/uploads\/2019\/07\/indian-kitchen.jpg\" alt=\"\" class=\"wp-block-getwid-image-box__image wp-image-589\"\/><\/div><\/div><div class=\"wp-block-getwid-image-box__content\"><div class=\"wp-block-getwid-advanced-heading\" style=\"margin-bottom:30px\"><h2 class=\"wp-block-getwid-advanced-heading__content\">Lieferservice<br><\/h2><\/div>\n\n<p>Wir haben uns f\u00fcr den besten Pizzaservice von Beziers entschieden. Normalerweise haben Sie innerhalb von 30 Minuten ein feines italienisches Essen.<\/p>\n\n<p>Uper eats ist ebenfalls verf\u00fcgbar&#8230;<\/p>\n\n<p><\/p>\n\n<div style=\"height:20px\" aria-hidden=\"true\" class=\"wp-block-spacer\"><\/div>\n\n<div class=\"wp-block-button is-style-link\"><a class=\"wp-block-button__link wp-element-button\" href=\"#\">Mehr lesen<\/a><\/div><\/div><\/div>\n\n<div class=\"wp-block-getwid-image-box has-image-right has-text-left has-mobile-layout-column has-mobile-alignment-default\"><div style=\"margin-left:90px\" class=\"wp-block-getwid-image-box__image-container is-position-middle\"><div class=\"wp-block-getwid-image-box__image-wrapper\"><img decoding=\"async\" src=\"https:\/\/chalet-beziers.fr\/wp-content\/uploads\/2019\/07\/book-a-table.jpg\" alt=\"\" class=\"wp-block-getwid-image-box__image wp-image-590\"\/><\/div><\/div><div class=\"wp-block-getwid-image-box__content\"><div class=\"wp-block-getwid-advanced-heading\" style=\"margin-bottom:30px\"><h2 class=\"wp-block-getwid-advanced-heading__content\">Restaurants<br><\/h2><\/div>\n\n<p>Innerhalb von 20 Minuten sind Sie zu Fu\u00df im Stadtzentrum. Mit dem Auto geht es viel schneller.  <\/p>\n\n<p>Dort haben Sie die volle Auswahl an feinen Restaurants.<\/p>\n\n<div style=\"height:20px\" aria-hidden=\"true\" class=\"wp-block-spacer\"><\/div>\n\n<div class=\"wp-block-button is-style-link\"><a class=\"wp-block-button__link wp-element-button\" href=\"#\">Mehr lesen<\/a><\/div><\/div><\/div><\/div><\/div><\/div><\/div><\/div>","protected":false},"excerpt":{"rendered":"<p>Verw\u00f6hnen Sie Ihre Geschmacksknospen, indem Sie Ihr eigener Koch sind, oder lassen Sie sich Ihr Essen liefern&#8230; Essen Sie entspannt zu Hause, oder essen Sie in einem Restaurant zu Abend.<\/p>\n","protected":false},"author":1,"featured_media":2227,"parent":2797,"menu_order":2,"comment_status":"closed","ping_status":"closed","template":"","meta":{"footnotes":""},"class_list":["post-2992","page","type-page","status-publish","has-post-thumbnail","hentry"],"_links":{"self":[{"href":"https:\/\/chalet-beziers.fr\/de\/wp-json\/wp\/v2\/pages\/2992","targetHints":{"allow":["GET"]}}],"collection":[{"href":"https:\/\/chalet-beziers.fr\/de\/wp-json\/wp\/v2\/pages"}],"about":[{"href":"https:\/\/chalet-beziers.fr\/de\/wp-json\/wp\/v2\/types\/page"}],"author":[{"embeddable":true,"href":"https:\/\/chalet-beziers.fr\/de\/wp-json\/wp\/v2\/users\/1"}],"replies":[{"embeddable":true,"href":"https:\/\/chalet-beziers.fr\/de\/wp-json\/wp\/v2\/comments?post=2992"}],"version-history":[{"count":2,"href":"https:\/\/chalet-beziers.fr\/de\/wp-json\/wp\/v2\/pages\/2992\/revisions"}],"predecessor-version":[{"id":2995,"href":"https:\/\/chalet-beziers.fr\/de\/wp-json\/wp\/v2\/pages\/2992\/revisions\/2995"}],"up":[{"embeddable":true,"href":"https:\/\/chalet-beziers.fr\/de\/wp-json\/wp\/v2\/pages\/2797"}],"wp:featuredmedia":[{"embeddable":true,"href":"https:\/\/chalet-beziers.fr\/de\/wp-json\/wp\/v2\/media\/2227"}],"wp:attachment":[{"href":"https:\/\/chalet-beziers.fr\/de\/wp-json\/wp\/v2\/media?parent=2992"}],"curies":[{"name":"wp","href":"https:\/\/api.w.org\/{rel}","templated":true}]}}