{"id":2695,"date":"2024-12-17T21:31:43","date_gmt":"2024-12-17T20:31:43","guid":{"rendered":"https:\/\/chalet-beziers.fr\/sobre-el-jardin-de-coubertin\/"},"modified":"2024-12-26T04:31:07","modified_gmt":"2024-12-26T03:31:07","slug":"sobre-el-jardin-de-coubertin","status":"publish","type":"page","link":"https:\/\/chalet-beziers.fr\/es\/sobre-el-jardin-de-coubertin\/","title":{"rendered":"Sobre el \u00abJardin de Coubertin"},"content":{"rendered":"<h1 class=\"wp-block-heading\"><\/h1><p>Una peque\u00f1a y confortable casa de hu\u00e9spedes. Nuestro personal ofrece un atento servicio de alta calidad y est\u00e1 siempre dispuesto a ofrecer cualquier ayuda a los hu\u00e9spedes.<\/p><p>El hotel est\u00e1 dispuesto principalmente en la planta baja, con las suites junior en el edificio principal y las habitaciones superiores en el edificio lateral. En la planta superior, tras subir las escaleras, encontrar\u00e1s nuestro Loft (Suite Superior), completamente privado y con un mont\u00f3n de caracter\u00edsticas asombrosas. Tambi\u00e9n hay un espl\u00e9ndido jard\u00edn, donde podr\u00e1s relajarte y sumergirte en la ma\u00f1ana pr\u00f3xima de un nuevo d\u00eda maravilloso en la atm\u00f3sfera de la vida cotidiana meditarr\u00e1nea Hay una sorprendente fusi\u00f3n de calma y tranquilidad en el jard\u00edn con el ajetreo y el ruido del exterior.  <\/p><div class=\"wp-block-getwid-section alignfull alignfull getwid-section-content-custom-width\"><div class=\"wp-block-getwid-section__wrapper\"><div class=\"wp-block-getwid-section__inner-wrapper\" style=\"max-width:1130px\"><div class=\"wp-block-getwid-section__background-holder\"><div class=\"wp-block-getwid-section__background\"><\/div><div class=\"wp-block-getwid-section__foreground\"><\/div><\/div><div class=\"wp-block-getwid-section__content\"><div class=\"wp-block-getwid-section__inner-content\"><div class=\"wp-block-columns has-3-columns is-layout-flex wp-container-core-columns-is-layout-1 wp-block-columns-is-layout-flex\"><div class=\"wp-block-column is-layout-flow wp-block-column-is-layout-flow\"><div class=\"wp-block-getwid-image-box is-style-rounded has-text-left has-mobile-layout-default has-mobile-alignment-default\"><div class=\"wp-block-getwid-image-box__image-container is-position-top\"><a href=\"https:\/\/jardin-de-coubertin.fr\" target=\"_blank\" rel=\"noreferrer noopener\" class=\"wp-block-getwid-image-box__image-wrapper\"><img loading=\"lazy\" decoding=\"async\" width=\"1280\" height=\"960\" src=\"https:\/\/chalet-beziers.fr\/wp-content\/uploads\/2024\/11\/coubertin-main-side-building.jpg\" alt=\"\" class=\"wp-block-getwid-image-box__image wp-image-1694\" srcset=\"https:\/\/chalet-beziers.fr\/wp-content\/uploads\/2024\/11\/coubertin-main-side-building.jpg 1280w, https:\/\/chalet-beziers.fr\/wp-content\/uploads\/2024\/11\/coubertin-main-side-building-300x225.jpg 300w, https:\/\/chalet-beziers.fr\/wp-content\/uploads\/2024\/11\/coubertin-main-side-building-1024x768.jpg 1024w, https:\/\/chalet-beziers.fr\/wp-content\/uploads\/2024\/11\/coubertin-main-side-building-768x576.jpg 768w, https:\/\/chalet-beziers.fr\/wp-content\/uploads\/2024\/11\/coubertin-main-side-building-1170x878.jpg 1170w, https:\/\/chalet-beziers.fr\/wp-content\/uploads\/2024\/11\/coubertin-main-side-building-600x450.jpg 600w\" sizes=\"auto, (max-width: 1280px) 100vw, 1280px\" \/><\/a><\/div><div class=\"wp-block-getwid-image-box__content\"><h5 class=\"wp-block-heading has-text-align-center\">Amplio jard\u00edn<\/h5>\n\n<p class=\"has-text-align-center\">Equipado con diferentes zonas de estar y una barbacoa de gas.<\/p><\/div><\/div><\/div>\n\n<div class=\"wp-block-column is-layout-flow wp-block-column-is-layout-flow\"><div class=\"wp-block-getwid-image-box is-style-rounded has-text-center has-mobile-layout-default has-mobile-alignment-default\"><div class=\"wp-block-getwid-image-box__image-container is-position-top\"><a href=\"https:\/\/jardin-de-coubertin.fr\" target=\"_blank\" rel=\"noreferrer noopener\" class=\"wp-block-getwid-image-box__image-wrapper\"><img loading=\"lazy\" decoding=\"async\" width=\"1280\" height=\"1707\" src=\"https:\/\/chalet-beziers.fr\/wp-content\/uploads\/2024\/11\/coubertin-studio-light.jpg\" alt=\"\" class=\"wp-block-getwid-image-box__image wp-image-1717\" srcset=\"https:\/\/chalet-beziers.fr\/wp-content\/uploads\/2024\/11\/coubertin-studio-light.jpg 1280w, https:\/\/chalet-beziers.fr\/wp-content\/uploads\/2024\/11\/coubertin-studio-light-225x300.jpg 225w, https:\/\/chalet-beziers.fr\/wp-content\/uploads\/2024\/11\/coubertin-studio-light-768x1024.jpg 768w, https:\/\/chalet-beziers.fr\/wp-content\/uploads\/2024\/11\/coubertin-studio-light-1152x1536.jpg 1152w, https:\/\/chalet-beziers.fr\/wp-content\/uploads\/2024\/11\/coubertin-studio-light-1170x1560.jpg 1170w, https:\/\/chalet-beziers.fr\/wp-content\/uploads\/2024\/11\/coubertin-studio-light-600x800.jpg 600w\" sizes=\"auto, (max-width: 1280px) 100vw, 1280px\" \/><\/a><\/div><div class=\"wp-block-getwid-image-box__content\"><h5 class=\"wp-block-heading\">Habitaci\u00f3n superior<\/h5>\n\n<p>Habitaci\u00f3n bien arreglada con cocina y ba\u00f1o.<\/p><\/div><\/div><\/div>\n\n<div class=\"wp-block-column is-layout-flow wp-block-column-is-layout-flow\"><div class=\"wp-block-getwid-image-box is-style-rounded has-text-right has-mobile-layout-default has-mobile-alignment-default\"><div class=\"wp-block-getwid-image-box__image-container is-position-top\"><a href=\"https:\/\/jardin-de-coubertin.fr\" target=\"_blank\" rel=\"noreferrer noopener\" class=\"wp-block-getwid-image-box__image-wrapper\"><img loading=\"lazy\" decoding=\"async\" width=\"1280\" height=\"960\" src=\"https:\/\/chalet-beziers.fr\/wp-content\/uploads\/2024\/11\/coubertin-loft-velux.jpg\" alt=\"\" class=\"wp-block-getwid-image-box__image wp-image-1703\" srcset=\"https:\/\/chalet-beziers.fr\/wp-content\/uploads\/2024\/11\/coubertin-loft-velux.jpg 1280w, https:\/\/chalet-beziers.fr\/wp-content\/uploads\/2024\/11\/coubertin-loft-velux-300x225.jpg 300w, https:\/\/chalet-beziers.fr\/wp-content\/uploads\/2024\/11\/coubertin-loft-velux-1024x768.jpg 1024w, https:\/\/chalet-beziers.fr\/wp-content\/uploads\/2024\/11\/coubertin-loft-velux-768x576.jpg 768w, https:\/\/chalet-beziers.fr\/wp-content\/uploads\/2024\/11\/coubertin-loft-velux-1170x878.jpg 1170w, https:\/\/chalet-beziers.fr\/wp-content\/uploads\/2024\/11\/coubertin-loft-velux-600x450.jpg 600w\" sizes=\"auto, (max-width: 1280px) 100vw, 1280px\" \/><\/a><\/div><div class=\"wp-block-getwid-image-box__content\"><h5 class=\"wp-block-heading has-text-align-center\">Vista del desv\u00e1n<\/h5>\n\n<p class=\"has-text-align-center\">Vista superior al jard\u00edn y vista parcial a la catedral<\/p><\/div><\/div><\/div><\/div>\n\n<div class=\"wp-block-getwid-advanced-spacer\" style=\"height:60px\" aria-hidden=\"true\"><\/div>\n\n<div class=\"wp-block-columns has-2-columns is-layout-flex wp-container-core-columns-is-layout-2 wp-block-columns-is-layout-flex\"><div class=\"wp-block-column is-layout-flow wp-block-column-is-layout-flow\"><div class=\"wp-block-getwid-image-box is-style-rounded has-image-right has-text-left has-mobile-layout-column has-mobile-alignment-default\"><div class=\"wp-block-getwid-image-box__image-container is-position-middle\"><a href=\"https:\/\/jardin-de-coubertin.fr\" target=\"_blank\" rel=\"noreferrer noopener\" class=\"wp-block-getwid-image-box__image-wrapper\"><img loading=\"lazy\" decoding=\"async\" width=\"1280\" height=\"960\" src=\"https:\/\/chalet-beziers.fr\/wp-content\/uploads\/2024\/11\/coubertin-loft-lit-proche.jpg\" alt=\"\" class=\"wp-block-getwid-image-box__image wp-image-1700\" srcset=\"https:\/\/chalet-beziers.fr\/wp-content\/uploads\/2024\/11\/coubertin-loft-lit-proche.jpg 1280w, https:\/\/chalet-beziers.fr\/wp-content\/uploads\/2024\/11\/coubertin-loft-lit-proche-300x225.jpg 300w, https:\/\/chalet-beziers.fr\/wp-content\/uploads\/2024\/11\/coubertin-loft-lit-proche-1024x768.jpg 1024w, https:\/\/chalet-beziers.fr\/wp-content\/uploads\/2024\/11\/coubertin-loft-lit-proche-768x576.jpg 768w, https:\/\/chalet-beziers.fr\/wp-content\/uploads\/2024\/11\/coubertin-loft-lit-proche-1170x878.jpg 1170w, https:\/\/chalet-beziers.fr\/wp-content\/uploads\/2024\/11\/coubertin-loft-lit-proche-600x450.jpg 600w\" sizes=\"auto, (max-width: 1280px) 100vw, 1280px\" \/><\/a><\/div><div class=\"wp-block-getwid-image-box__content\"><h5 class=\"wp-block-heading has-text-align-right\">Loft<\/h5>\n\n<p class=\"has-text-align-right\">Cama de dise\u00f1o muy spacios.<\/p><\/div><\/div><\/div>\n\n<div class=\"wp-block-column is-layout-flow wp-block-column-is-layout-flow\"><div class=\"wp-block-getwid-image-box is-style-rounded has-image-left has-text-left has-mobile-layout-column has-mobile-alignment-default\"><div class=\"wp-block-getwid-image-box__image-container is-position-middle\"><a href=\"https:\/\/jardin-de-coubertin.fr\" target=\"_blank\" rel=\"noreferrer noopener\" class=\"wp-block-getwid-image-box__image-wrapper\"><img loading=\"lazy\" decoding=\"async\" width=\"2560\" height=\"1920\" src=\"https:\/\/chalet-beziers.fr\/wp-content\/uploads\/2024\/11\/coubertin-appartement-lounge-sofa.jpg\" alt=\"\" class=\"wp-block-getwid-image-box__image wp-image-1660\" srcset=\"https:\/\/chalet-beziers.fr\/wp-content\/uploads\/2024\/11\/coubertin-appartement-lounge-sofa.jpg 2560w, https:\/\/chalet-beziers.fr\/wp-content\/uploads\/2024\/11\/coubertin-appartement-lounge-sofa-300x225.jpg 300w, https:\/\/chalet-beziers.fr\/wp-content\/uploads\/2024\/11\/coubertin-appartement-lounge-sofa-1024x768.jpg 1024w, https:\/\/chalet-beziers.fr\/wp-content\/uploads\/2024\/11\/coubertin-appartement-lounge-sofa-768x576.jpg 768w, https:\/\/chalet-beziers.fr\/wp-content\/uploads\/2024\/11\/coubertin-appartement-lounge-sofa-1536x1152.jpg 1536w, https:\/\/chalet-beziers.fr\/wp-content\/uploads\/2024\/11\/coubertin-appartement-lounge-sofa-2048x1536.jpg 2048w, https:\/\/chalet-beziers.fr\/wp-content\/uploads\/2024\/11\/coubertin-appartement-lounge-sofa-1170x878.jpg 1170w, https:\/\/chalet-beziers.fr\/wp-content\/uploads\/2024\/11\/coubertin-appartement-lounge-sofa-600x450.jpg 600w\" sizes=\"auto, (max-width: 2560px) 100vw, 2560px\" \/><\/a><\/div><div class=\"wp-block-getwid-image-box__content\"><h5 class=\"wp-block-heading\">Apartamento<\/h5>\n\n<p>Sala de estar de la suite junios.<\/p><\/div><\/div><\/div><\/div><\/div><\/div><\/div><\/div><\/div>","protected":false},"excerpt":{"rendered":"<p>Una peque\u00f1a y confortable casa de hu\u00e9spedes. Nuestro personal ofrece un atento servicio de alta calidad y est\u00e1 siempre dispuesto a ofrecer cualquier ayuda a los hu\u00e9spedes. El hotel est\u00e1 dispuesto principalmente en la planta baja, con las suites junior en el edificio principal y las habitaciones superiores en el edificio lateral. En la planta [&hellip;]<\/p>\n","protected":false},"author":1,"featured_media":0,"parent":0,"menu_order":0,"comment_status":"closed","ping_status":"closed","template":"","meta":{"footnotes":""},"class_list":["post-2695","page","type-page","status-publish","hentry"],"_links":{"self":[{"href":"https:\/\/chalet-beziers.fr\/es\/wp-json\/wp\/v2\/pages\/2695","targetHints":{"allow":["GET"]}}],"collection":[{"href":"https:\/\/chalet-beziers.fr\/es\/wp-json\/wp\/v2\/pages"}],"about":[{"href":"https:\/\/chalet-beziers.fr\/es\/wp-json\/wp\/v2\/types\/page"}],"author":[{"embeddable":true,"href":"https:\/\/chalet-beziers.fr\/es\/wp-json\/wp\/v2\/users\/1"}],"replies":[{"embeddable":true,"href":"https:\/\/chalet-beziers.fr\/es\/wp-json\/wp\/v2\/comments?post=2695"}],"version-history":[{"count":2,"href":"https:\/\/chalet-beziers.fr\/es\/wp-json\/wp\/v2\/pages\/2695\/revisions"}],"predecessor-version":[{"id":2698,"href":"https:\/\/chalet-beziers.fr\/es\/wp-json\/wp\/v2\/pages\/2695\/revisions\/2698"}],"wp:attachment":[{"href":"https:\/\/chalet-beziers.fr\/es\/wp-json\/wp\/v2\/media?parent=2695"}],"curies":[{"name":"wp","href":"https:\/\/api.w.org\/{rel}","templated":true}]}}