{"id":2834,"date":"2019-07-15T12:01:45","date_gmt":"2019-07-15T10:01:45","guid":{"rendered":"https:\/\/chalet-beziers.fr\/acerca-de-vw-combi\/"},"modified":"2024-12-26T04:31:41","modified_gmt":"2024-12-26T03:31:41","slug":"acerca-de-vw-combi","status":"publish","type":"page","link":"https:\/\/chalet-beziers.fr\/es\/acerca-de-vw-combi\/","title":{"rendered":"Acerca de \u00abVW Combi"},"content":{"rendered":"<h1 class=\"wp-block-heading\"><\/h1><p>Como apasionados campistas de la vieja escuela&#8230; acabamos de empezar a alquilar una peque\u00f1a combi.<\/p><p>Para todos aquellos que so\u00f1aban con alquilar un peque\u00f1o autob\u00fas combi para pasear por el sur de Francia. Todos nuestros autobuses tienen una cama rodante para los adultos y, si es necesario, una cama en el techo para los ni\u00f1os.  <\/p><p>Con nuestros autobuses huyes de la vida acelerada de nuestro tiempo y te ralentizas y disfrutas&#8230;<\/p><div class=\"wp-block-getwid-section alignfull alignfull getwid-section-content-custom-width\"><div class=\"wp-block-getwid-section__wrapper\"><div class=\"wp-block-getwid-section__inner-wrapper\" style=\"max-width:1130px\"><div class=\"wp-block-getwid-section__background-holder\"><div class=\"wp-block-getwid-section__background\"><\/div><div class=\"wp-block-getwid-section__foreground\"><\/div><\/div><div class=\"wp-block-getwid-section__content\"><div class=\"wp-block-getwid-section__inner-content\"><div class=\"wp-block-columns has-3-columns is-layout-flex wp-container-core-columns-is-layout-1 wp-block-columns-is-layout-flex\"><div class=\"wp-block-column is-layout-flow wp-block-column-is-layout-flow\"><div class=\"wp-block-getwid-image-box is-style-rounded has-text-left has-mobile-layout-default has-mobile-alignment-default\"><div class=\"wp-block-getwid-image-box__image-container is-position-top\"><a href=\"https:\/\/vwcombi-beziers.fr\" target=\"_blank\" rel=\"noreferrer noopener\" class=\"wp-block-getwid-image-box__image-wrapper\"><img loading=\"lazy\" decoding=\"async\" width=\"2560\" height=\"1920\" src=\"https:\/\/chalet-beziers.fr\/wp-content\/uploads\/2024\/11\/IMG_20181115_104438-scaled.jpg\" alt=\"\" class=\"wp-block-getwid-image-box__image wp-image-1722\" srcset=\"https:\/\/chalet-beziers.fr\/wp-content\/uploads\/2024\/11\/IMG_20181115_104438-scaled.jpg 2560w, https:\/\/chalet-beziers.fr\/wp-content\/uploads\/2024\/11\/IMG_20181115_104438-300x225.jpg 300w, https:\/\/chalet-beziers.fr\/wp-content\/uploads\/2024\/11\/IMG_20181115_104438-1024x768.jpg 1024w, https:\/\/chalet-beziers.fr\/wp-content\/uploads\/2024\/11\/IMG_20181115_104438-768x576.jpg 768w, https:\/\/chalet-beziers.fr\/wp-content\/uploads\/2024\/11\/IMG_20181115_104438-1536x1152.jpg 1536w, https:\/\/chalet-beziers.fr\/wp-content\/uploads\/2024\/11\/IMG_20181115_104438-2048x1536.jpg 2048w, https:\/\/chalet-beziers.fr\/wp-content\/uploads\/2024\/11\/IMG_20181115_104438-1170x878.jpg 1170w, https:\/\/chalet-beziers.fr\/wp-content\/uploads\/2024\/11\/IMG_20181115_104438-600x450.jpg 600w\" sizes=\"auto, (max-width: 2560px) 100vw, 2560px\" \/><\/a><\/div><div class=\"wp-block-getwid-image-box__content\"><h5 class=\"wp-block-heading has-text-align-center\">Naranja soleado<\/h5>\n\n<p class=\"has-text-align-center\">Color original amarillo anaranjado y techo r\u00edgido.<\/p><\/div><\/div><\/div>\n\n<div class=\"wp-block-column is-layout-flow wp-block-column-is-layout-flow\"><div class=\"wp-block-getwid-image-box is-style-rounded has-text-center has-mobile-layout-default has-mobile-alignment-default\"><div class=\"wp-block-getwid-image-box__image-container is-position-top\"><a href=\"https:\/\/vwcombi-beziers.fr\" target=\"_blank\" rel=\"noreferrer noopener\" class=\"wp-block-getwid-image-box__image-wrapper\"><img loading=\"lazy\" decoding=\"async\" width=\"2560\" height=\"1920\" src=\"https:\/\/chalet-beziers.fr\/wp-content\/uploads\/2024\/11\/IMG_20230803_152413-scaled.jpg\" alt=\"\" class=\"wp-block-getwid-image-box__image wp-image-1723\" srcset=\"https:\/\/chalet-beziers.fr\/wp-content\/uploads\/2024\/11\/IMG_20230803_152413-scaled.jpg 2560w, https:\/\/chalet-beziers.fr\/wp-content\/uploads\/2024\/11\/IMG_20230803_152413-300x225.jpg 300w, https:\/\/chalet-beziers.fr\/wp-content\/uploads\/2024\/11\/IMG_20230803_152413-1024x768.jpg 1024w, https:\/\/chalet-beziers.fr\/wp-content\/uploads\/2024\/11\/IMG_20230803_152413-768x576.jpg 768w, https:\/\/chalet-beziers.fr\/wp-content\/uploads\/2024\/11\/IMG_20230803_152413-1536x1152.jpg 1536w, https:\/\/chalet-beziers.fr\/wp-content\/uploads\/2024\/11\/IMG_20230803_152413-2048x1536.jpg 2048w, https:\/\/chalet-beziers.fr\/wp-content\/uploads\/2024\/11\/IMG_20230803_152413-1170x878.jpg 1170w, https:\/\/chalet-beziers.fr\/wp-content\/uploads\/2024\/11\/IMG_20230803_152413-600x450.jpg 600w\" sizes=\"auto, (max-width: 2560px) 100vw, 2560px\" \/><\/a><\/div><div class=\"wp-block-getwid-image-box__content\"><h5 class=\"wp-block-heading\">Cielo azul<\/h5>\n\n<p>Con techo de tienda plegable  <\/p><\/div><\/div><\/div>\n\n<div class=\"wp-block-column is-layout-flow wp-block-column-is-layout-flow\"><div class=\"wp-block-getwid-image-box is-style-rounded has-text-right has-mobile-layout-default has-mobile-alignment-default\"><div class=\"wp-block-getwid-image-box__image-container is-position-top\"><a href=\"https:\/\/vwcombi-beziers.fr\" target=\"_blank\" rel=\"noreferrer noopener\" class=\"wp-block-getwid-image-box__image-wrapper\"><img loading=\"lazy\" decoding=\"async\" width=\"2560\" height=\"1920\" src=\"https:\/\/chalet-beziers.fr\/wp-content\/uploads\/2024\/11\/IMG_20230803_152529-scaled.jpg\" alt=\"\" class=\"wp-block-getwid-image-box__image wp-image-1730\" srcset=\"https:\/\/chalet-beziers.fr\/wp-content\/uploads\/2024\/11\/IMG_20230803_152529-scaled.jpg 2560w, https:\/\/chalet-beziers.fr\/wp-content\/uploads\/2024\/11\/IMG_20230803_152529-300x225.jpg 300w, https:\/\/chalet-beziers.fr\/wp-content\/uploads\/2024\/11\/IMG_20230803_152529-1024x768.jpg 1024w, https:\/\/chalet-beziers.fr\/wp-content\/uploads\/2024\/11\/IMG_20230803_152529-768x576.jpg 768w, https:\/\/chalet-beziers.fr\/wp-content\/uploads\/2024\/11\/IMG_20230803_152529-1536x1152.jpg 1536w, https:\/\/chalet-beziers.fr\/wp-content\/uploads\/2024\/11\/IMG_20230803_152529-2048x1536.jpg 2048w, https:\/\/chalet-beziers.fr\/wp-content\/uploads\/2024\/11\/IMG_20230803_152529-1170x878.jpg 1170w, https:\/\/chalet-beziers.fr\/wp-content\/uploads\/2024\/11\/IMG_20230803_152529-600x450.jpg 600w\" sizes=\"auto, (max-width: 2560px) 100vw, 2560px\" \/><\/a><\/div><div class=\"wp-block-getwid-image-box__content\"><h5 class=\"wp-block-heading has-text-align-center\">Capuchino Brisa<\/h5>\n\n<p class=\"has-text-align-center\">Convertido en un veh\u00edculo el\u00e9ctrico totalmente funcional.<\/p><\/div><\/div><\/div><\/div>\n\n<div class=\"wp-block-getwid-advanced-spacer\" style=\"height:60px\" aria-hidden=\"true\"><\/div>\n\n<div class=\"wp-block-columns has-2-columns is-layout-flex wp-container-core-columns-is-layout-2 wp-block-columns-is-layout-flex\"><div class=\"wp-block-column is-layout-flow wp-block-column-is-layout-flow\"><\/div><\/div><\/div><\/div><\/div><\/div><\/div><p><\/p>","protected":false},"excerpt":{"rendered":"<p>Como apasionados campistas de la vieja escuela&#8230; acabamos de empezar a alquilar una peque\u00f1a combi. Para todos aquellos que so\u00f1aban con alquilar un peque\u00f1o autob\u00fas combi para pasear por el sur de Francia. Todos nuestros autobuses tienen una cama rodante para los adultos y, si es necesario, una cama en el techo para los ni\u00f1os. [&hellip;]<\/p>\n","protected":false},"author":1,"featured_media":0,"parent":0,"menu_order":0,"comment_status":"closed","ping_status":"closed","template":"","meta":{"footnotes":""},"class_list":["post-2834","page","type-page","status-publish","hentry"],"_links":{"self":[{"href":"https:\/\/chalet-beziers.fr\/es\/wp-json\/wp\/v2\/pages\/2834","targetHints":{"allow":["GET"]}}],"collection":[{"href":"https:\/\/chalet-beziers.fr\/es\/wp-json\/wp\/v2\/pages"}],"about":[{"href":"https:\/\/chalet-beziers.fr\/es\/wp-json\/wp\/v2\/types\/page"}],"author":[{"embeddable":true,"href":"https:\/\/chalet-beziers.fr\/es\/wp-json\/wp\/v2\/users\/1"}],"replies":[{"embeddable":true,"href":"https:\/\/chalet-beziers.fr\/es\/wp-json\/wp\/v2\/comments?post=2834"}],"version-history":[{"count":2,"href":"https:\/\/chalet-beziers.fr\/es\/wp-json\/wp\/v2\/pages\/2834\/revisions"}],"predecessor-version":[{"id":2836,"href":"https:\/\/chalet-beziers.fr\/es\/wp-json\/wp\/v2\/pages\/2834\/revisions\/2836"}],"wp:attachment":[{"href":"https:\/\/chalet-beziers.fr\/es\/wp-json\/wp\/v2\/media?parent=2834"}],"curies":[{"name":"wp","href":"https:\/\/api.w.org\/{rel}","templated":true}]}}