{"id":2849,"date":"2019-07-15T11:57:59","date_gmt":"2019-07-15T09:57:59","guid":{"rendered":"https:\/\/chalet-beziers.fr\/testimonios\/"},"modified":"2024-12-26T04:31:46","modified_gmt":"2024-12-26T03:31:46","slug":"testimonios","status":"publish","type":"page","link":"https:\/\/chalet-beziers.fr\/es\/testimonios\/","title":{"rendered":"Testimonios"},"content":{"rendered":"<div class=\"wp-block-columns has-2-columns is-layout-flex wp-container-core-columns-is-layout-1 wp-block-columns-is-layout-flex\"><div class=\"wp-block-column is-layout-flow wp-block-column-is-layout-flow\"><div class=\"wp-block-getwid-testimonial has-image\"><div class=\"wp-block-getwid-testimonial__wrapper\"><div class=\"wp-block-getwid-testimonial__content-wrapper\"><p class=\"wp-block-getwid-testimonial__content\">Apartamento espacioso y bien equipado. Los encantadores propietarios siempre estaban ah\u00ed para ayudar. La casa est\u00e1 en un sitio tranquilo y encantador, a s\u00f3lo 15 minutos del centro de la ciudad. Volveremos cuando estemos cerca  <\/p><\/div><div class=\"wp-block-getwid-testimonial__header\"><div class=\"wp-block-getwid-testimonial__image-wrapper\"><div class=\"wp-block-getwid-testimonial__image\"><img decoding=\"async\" src=\"https:\/\/chalet-beziers.fr\/wp-content\/uploads\/2023\/08\/20170313_150901-150x150.jpg\" alt=\"\" class=\"wp-image-1067\"><\/div><\/div><div class=\"wp-block-getwid-testimonial__heading\"><span class=\"wp-block-getwid-testimonial__title\">Elena a trav\u00e9s de Booking.com<\/span><span class=\"wp-block-getwid-testimonial__subtitle\">Espa\u00f1a<\/span><\/div><\/div><\/div><\/div>\n\n<div class=\"wp-block-getwid-testimonial has-image\"><div class=\"wp-block-getwid-testimonial__wrapper\"><div class=\"wp-block-getwid-testimonial__content-wrapper\"><p class=\"wp-block-getwid-testimonial__content\">Propietarios muy agradables, chalet como en las fotos, aparcamiento vigilado, nada negativo que decir sobre esa estancia.<\/p><\/div><div class=\"wp-block-getwid-testimonial__header\"><div class=\"wp-block-getwid-testimonial__image-wrapper\"><div class=\"wp-block-getwid-testimonial__image\"><img loading=\"lazy\" decoding=\"async\" width=\"150\" height=\"150\" src=\"https:\/\/chalet-beziers.fr\/wp-content\/uploads\/2023\/08\/chalet-beziers-tulip-150x150.jpg\" alt=\"\" class=\"wp-image-1143\" srcset=\"https:\/\/chalet-beziers.fr\/wp-content\/uploads\/2023\/08\/chalet-beziers-tulip-150x150.jpg 150w, https:\/\/chalet-beziers.fr\/wp-content\/uploads\/2023\/08\/chalet-beziers-tulip-992x992.jpg 992w, https:\/\/chalet-beziers.fr\/wp-content\/uploads\/2023\/08\/chalet-beziers-tulip-300x300.jpg 300w, https:\/\/chalet-beziers.fr\/wp-content\/uploads\/2023\/08\/chalet-beziers-tulip-100x100.jpg 100w\" sizes=\"auto, (max-width: 150px) 100vw, 150px\" \/><\/div><\/div><div class=\"wp-block-getwid-testimonial__heading\"><span class=\"wp-block-getwid-testimonial__title\">Lou-anne via Booking.com<\/span><span class=\"wp-block-getwid-testimonial__subtitle\">francia<\/span><\/div><\/div><\/div><\/div>\n\n<div class=\"wp-block-getwid-testimonial has-image\"><div class=\"wp-block-getwid-testimonial__wrapper\"><div class=\"wp-block-getwid-testimonial__content-wrapper\"><p class=\"wp-block-getwid-testimonial__content\">Aire acondicionado muy apreciado, aparcamiento privado, y la amabilidad de los propietarios. Adem\u00e1s del encanto de la casa de madera.<\/p><\/div><div class=\"wp-block-getwid-testimonial__header\"><div class=\"wp-block-getwid-testimonial__image-wrapper\"><div class=\"wp-block-getwid-testimonial__image\"><img loading=\"lazy\" decoding=\"async\" width=\"150\" height=\"150\" src=\"https:\/\/chalet-beziers.fr\/wp-content\/uploads\/2023\/08\/chalet-beziers-jardin-feuille-150x150.jpg\" alt=\"\" class=\"wp-image-1390\" srcset=\"https:\/\/chalet-beziers.fr\/wp-content\/uploads\/2023\/08\/chalet-beziers-jardin-feuille-150x150.jpg 150w, https:\/\/chalet-beziers.fr\/wp-content\/uploads\/2023\/08\/chalet-beziers-jardin-feuille-992x992.jpg 992w, https:\/\/chalet-beziers.fr\/wp-content\/uploads\/2023\/08\/chalet-beziers-jardin-feuille-300x300.jpg 300w, https:\/\/chalet-beziers.fr\/wp-content\/uploads\/2023\/08\/chalet-beziers-jardin-feuille-100x100.jpg 100w\" sizes=\"auto, (max-width: 150px) 100vw, 150px\" \/><\/div><\/div><div class=\"wp-block-getwid-testimonial__heading\"><span class=\"wp-block-getwid-testimonial__title\">Bernard via Booking.com<\/span><span class=\"wp-block-getwid-testimonial__subtitle\">francia<\/span><\/div><\/div><\/div><\/div><\/div>\n\n<div class=\"wp-block-column is-layout-flow wp-block-column-is-layout-flow\"><div class=\"wp-block-getwid-testimonial has-image\"><div class=\"wp-block-getwid-testimonial__wrapper\"><div class=\"wp-block-getwid-testimonial__content-wrapper\"><p class=\"wp-block-getwid-testimonial__content\">La acogida de los anfitriones fue muy simp\u00e1tica y amable. La casa es realmente exepcional con todo el confort y muy espaciosa.<\/p><\/div><div class=\"wp-block-getwid-testimonial__header\"><div class=\"wp-block-getwid-testimonial__image-wrapper\"><div class=\"wp-block-getwid-testimonial__image\"><img loading=\"lazy\" decoding=\"async\" width=\"150\" height=\"150\" src=\"https:\/\/chalet-beziers.fr\/wp-content\/uploads\/2023\/08\/chalet-beziers-tulip-150x150.jpg\" alt=\"\" class=\"wp-image-1143\" srcset=\"https:\/\/chalet-beziers.fr\/wp-content\/uploads\/2023\/08\/chalet-beziers-tulip-150x150.jpg 150w, https:\/\/chalet-beziers.fr\/wp-content\/uploads\/2023\/08\/chalet-beziers-tulip-992x992.jpg 992w, https:\/\/chalet-beziers.fr\/wp-content\/uploads\/2023\/08\/chalet-beziers-tulip-300x300.jpg 300w, https:\/\/chalet-beziers.fr\/wp-content\/uploads\/2023\/08\/chalet-beziers-tulip-100x100.jpg 100w\" sizes=\"auto, (max-width: 150px) 100vw, 150px\" \/><\/div><\/div><div class=\"wp-block-getwid-testimonial__heading\"><span class=\"wp-block-getwid-testimonial__title\">Alexandrine via Booking.com<\/span><span class=\"wp-block-getwid-testimonial__subtitle\">Francia<\/span><\/div><\/div><\/div><\/div>\n\n<div class=\"wp-block-getwid-testimonial has-image\"><div class=\"wp-block-getwid-testimonial__wrapper\"><div class=\"wp-block-getwid-testimonial__content-wrapper\"><p class=\"wp-block-getwid-testimonial__content\">C\u00e1lida bienvenida, los propietarios fueron muy amables, no falt\u00f3 de nada a nuestra llegada. Mucha intimidad y ropa de cama c\u00f3moda.  <br>Recomendamos sin dudarlo.<\/p><\/div><div class=\"wp-block-getwid-testimonial__header\"><div class=\"wp-block-getwid-testimonial__image-wrapper\"><div class=\"wp-block-getwid-testimonial__image\"><img loading=\"lazy\" decoding=\"async\" width=\"150\" height=\"150\" src=\"https:\/\/chalet-beziers.fr\/wp-content\/uploads\/2023\/08\/20170313_150843-150x150.jpg\" alt=\"\" class=\"wp-image-1064\" srcset=\"https:\/\/chalet-beziers.fr\/wp-content\/uploads\/2023\/08\/20170313_150843-150x150.jpg 150w, https:\/\/chalet-beziers.fr\/wp-content\/uploads\/2023\/08\/20170313_150843-992x992.jpg 992w, https:\/\/chalet-beziers.fr\/wp-content\/uploads\/2023\/08\/20170313_150843-300x300.jpg 300w, https:\/\/chalet-beziers.fr\/wp-content\/uploads\/2023\/08\/20170313_150843-100x100.jpg 100w\" sizes=\"auto, (max-width: 150px) 100vw, 150px\" \/><\/div><\/div><div class=\"wp-block-getwid-testimonial__heading\"><span class=\"wp-block-getwid-testimonial__title\">Nicole via Booking.com<\/span><span class=\"wp-block-getwid-testimonial__subtitle\">Lyon, Francia<\/span><\/div><\/div><\/div><\/div>\n\n<div class=\"wp-block-getwid-testimonial has-image\"><div class=\"wp-block-getwid-testimonial__wrapper\"><div class=\"wp-block-getwid-testimonial__content-wrapper\"><p class=\"wp-block-getwid-testimonial__content\">Autococina, Chalet c\u00e9ntrico, se puede ir andando al centro, pueblo muy bonito. Nada negativo.<\/p><\/div><div class=\"wp-block-getwid-testimonial__header\"><div class=\"wp-block-getwid-testimonial__image-wrapper\"><div class=\"wp-block-getwid-testimonial__image\"><img loading=\"lazy\" decoding=\"async\" width=\"150\" height=\"150\" src=\"https:\/\/chalet-beziers.fr\/wp-content\/uploads\/2023\/08\/chalet-beziers-jardin-feuille-150x150.jpg\" alt=\"\" class=\"wp-image-1390\" srcset=\"https:\/\/chalet-beziers.fr\/wp-content\/uploads\/2023\/08\/chalet-beziers-jardin-feuille-150x150.jpg 150w, https:\/\/chalet-beziers.fr\/wp-content\/uploads\/2023\/08\/chalet-beziers-jardin-feuille-992x992.jpg 992w, https:\/\/chalet-beziers.fr\/wp-content\/uploads\/2023\/08\/chalet-beziers-jardin-feuille-300x300.jpg 300w, https:\/\/chalet-beziers.fr\/wp-content\/uploads\/2023\/08\/chalet-beziers-jardin-feuille-100x100.jpg 100w\" sizes=\"auto, (max-width: 150px) 100vw, 150px\" \/><\/div><\/div><div class=\"wp-block-getwid-testimonial__heading\"><span class=\"wp-block-getwid-testimonial__title\">Wolfgang via Booking.com<\/span><span class=\"wp-block-getwid-testimonial__subtitle\">Alemania<\/span><\/div><\/div><\/div><\/div><\/div><\/div>","protected":false},"excerpt":{"rendered":"<p>Nuestros primeros comentarios est\u00e1n copiados de nuestra presentaci\u00f3n en Booking.com.<\/p>\n","protected":false},"author":1,"featured_media":0,"parent":0,"menu_order":0,"comment_status":"closed","ping_status":"closed","template":"","meta":{"footnotes":""},"class_list":["post-2849","page","type-page","status-publish","hentry"],"_links":{"self":[{"href":"https:\/\/chalet-beziers.fr\/es\/wp-json\/wp\/v2\/pages\/2849","targetHints":{"allow":["GET"]}}],"collection":[{"href":"https:\/\/chalet-beziers.fr\/es\/wp-json\/wp\/v2\/pages"}],"about":[{"href":"https:\/\/chalet-beziers.fr\/es\/wp-json\/wp\/v2\/types\/page"}],"author":[{"embeddable":true,"href":"https:\/\/chalet-beziers.fr\/es\/wp-json\/wp\/v2\/users\/1"}],"replies":[{"embeddable":true,"href":"https:\/\/chalet-beziers.fr\/es\/wp-json\/wp\/v2\/comments?post=2849"}],"version-history":[{"count":2,"href":"https:\/\/chalet-beziers.fr\/es\/wp-json\/wp\/v2\/pages\/2849\/revisions"}],"predecessor-version":[{"id":2851,"href":"https:\/\/chalet-beziers.fr\/es\/wp-json\/wp\/v2\/pages\/2849\/revisions\/2851"}],"wp:attachment":[{"href":"https:\/\/chalet-beziers.fr\/es\/wp-json\/wp\/v2\/media?parent=2849"}],"curies":[{"name":"wp","href":"https:\/\/api.w.org\/{rel}","templated":true}]}}