{"id":2906,"date":"2019-06-12T07:44:45","date_gmt":"2019-06-12T05:44:45","guid":{"rendered":"https:\/\/chalet-beziers.fr\/sobre-el-chalet-beziers\/"},"modified":"2024-12-29T20:19:08","modified_gmt":"2024-12-29T19:19:08","slug":"sobre-el-chalet-beziers","status":"publish","type":"page","link":"https:\/\/chalet-beziers.fr\/es\/sobre-el-chalet-beziers\/","title":{"rendered":"Sobre el \u00abChalet Beziers"},"content":{"rendered":"<div class=\"wp-block-getwid-section alignfull alignfull getwid-margin-top-none getwid-margin-bottom-none\"><div class=\"wp-block-getwid-section__wrapper getwid-padding-top-none getwid-padding-bottom-none getwid-padding-left-medium getwid-padding-right-medium getwid-padding-mobile-left-small getwid-padding-mobile-right-small\"><div class=\"wp-block-getwid-section__inner-wrapper\"><div class=\"wp-block-getwid-section__background-holder\"><div class=\"wp-block-getwid-section__background\"><\/div><div class=\"wp-block-getwid-section__foreground\"><\/div><\/div><div class=\"wp-block-getwid-section__content\"><div class=\"wp-block-getwid-section__inner-content\"><div class=\"wp-block-columns has-2-columns is-layout-flex wp-container-core-columns-is-layout-1 wp-block-columns-is-layout-flex\"><div class=\"wp-block-column is-layout-flow wp-block-column-is-layout-flow\"><div class=\"wp-block-getwid-advanced-heading is-style-style-1 has-custom-font-size\" style=\"font-size:12px;margin-bottom:0px\"><p class=\"wp-block-getwid-advanced-heading__content\" style=\"letter-spacing:0.1em\">ELEVANDO EL CONFORT AL M\u00c1XIMO NIVEL<\/p><\/div>\n\n<div class=\"wp-block-getwid-advanced-heading is-style-default\" style=\"margin-top:10px\"><h2 class=\"wp-block-getwid-advanced-heading__content\">Bienvenido al Chalet Beziers<\/h2><\/div><\/div>\n\n<div class=\"wp-block-column is-layout-flow wp-block-column-is-layout-flow\"><p>Es una c\u00f3moda casa de madera. Nuestro personal ofrece un atento servicio de alta calidad y est\u00e1 siempre dispuesto a ofrecer cualquier ayuda a los hu\u00e9spedes.<\/p>\n\n<p>El chalet tiene su jard\u00edn privado, donde puedes sentarte bajo un viejo \u00e1rbol de akazia y disfrutar de la sombra en un d\u00eda soleado. Dispones de una zona de estar, donde podr\u00e1s relajarte y sumergirte en la ma\u00f1ana pr\u00f3xima de un nuevo d\u00eda maravilloso en la atm\u00f3sfera de la vida cotidiana mediterr\u00e1nea. A s\u00f3lo unos pasos, pasando por el viejo puente \u00abpont vieux\u00bb recientemente renovado, estar\u00e1s en 20 minutos en el centro hist\u00f3rico de la ciudad por el paso bajo la Catedral. Una vez en la cima tienes una magn\u00edfica vista sobre la parte baja de Beziers y el r\u00edo Orb. El callej\u00f3n Paul Riquet te invita a sentarte bajo los enormes pl\u00e1tanos y a disfrutar del clima mediterr\u00e1neo en medio de la ciudad m\u00e1s antigua de Francia<\/p><\/div><\/div><\/div><\/div><\/div><\/div><\/div><div class=\"wp-block-getwid-section alignfull alignfull getwid-margin-top-none getwid-margin-bottom-none\"><div class=\"wp-block-getwid-section__wrapper getwid-padding-top-normal getwid-padding-bottom-normal getwid-padding-left-medium getwid-padding-right-medium getwid-padding-mobile-left-small getwid-padding-mobile-right-small\"><div class=\"wp-block-getwid-section__inner-wrapper\"><div class=\"wp-block-getwid-section__background-holder\"><div class=\"wp-block-getwid-section__background\"><\/div><div class=\"wp-block-getwid-section__foreground\"><\/div><\/div><div class=\"wp-block-getwid-section__content\"><div class=\"wp-block-getwid-section__inner-content\"><div class=\"wp-block-columns has-2-columns is-layout-flex wp-container-core-columns-is-layout-2 wp-block-columns-is-layout-flex\"><div class=\"wp-block-column is-layout-flow wp-block-column-is-layout-flow\"><figure class=\"wp-block-image size-large\"><img loading=\"lazy\" decoding=\"async\" width=\"1024\" height=\"768\" src=\"https:\/\/chalet-beziers.fr\/wp-content\/uploads\/2024\/11\/chalet-beziers-salon-manger-1024x768.jpg\" alt=\"Sal&#xF3;n con zona de estar y cocina\" class=\"wp-image-1538\" srcset=\"https:\/\/chalet-beziers.fr\/wp-content\/uploads\/2024\/11\/chalet-beziers-salon-manger-1024x768.jpg 1024w, https:\/\/chalet-beziers.fr\/wp-content\/uploads\/2024\/11\/chalet-beziers-salon-manger-300x225.jpg 300w, https:\/\/chalet-beziers.fr\/wp-content\/uploads\/2024\/11\/chalet-beziers-salon-manger-768x576.jpg 768w, https:\/\/chalet-beziers.fr\/wp-content\/uploads\/2024\/11\/chalet-beziers-salon-manger-1536x1152.jpg 1536w, https:\/\/chalet-beziers.fr\/wp-content\/uploads\/2024\/11\/chalet-beziers-salon-manger-2048x1536.jpg 2048w, https:\/\/chalet-beziers.fr\/wp-content\/uploads\/2024\/11\/chalet-beziers-salon-manger-1170x878.jpg 1170w, https:\/\/chalet-beziers.fr\/wp-content\/uploads\/2024\/11\/chalet-beziers-salon-manger-600x450.jpg 600w\" sizes=\"auto, (max-width: 1024px) 100vw, 1024px\" \/><\/figure><\/div>\n\n<div class=\"wp-block-column is-layout-flow wp-block-column-is-layout-flow\"><figure class=\"wp-block-image size-large\"><img loading=\"lazy\" decoding=\"async\" width=\"1024\" height=\"768\" src=\"https:\/\/chalet-beziers.fr\/wp-content\/uploads\/2024\/11\/chalet-beziers-sofa-tv-1024x768.jpg\" alt=\"Sal&#xF3;n con televisi&#xF3;n\" class=\"wp-image-1541\" srcset=\"https:\/\/chalet-beziers.fr\/wp-content\/uploads\/2024\/11\/chalet-beziers-sofa-tv-1024x768.jpg 1024w, https:\/\/chalet-beziers.fr\/wp-content\/uploads\/2024\/11\/chalet-beziers-sofa-tv-300x225.jpg 300w, https:\/\/chalet-beziers.fr\/wp-content\/uploads\/2024\/11\/chalet-beziers-sofa-tv-768x576.jpg 768w, https:\/\/chalet-beziers.fr\/wp-content\/uploads\/2024\/11\/chalet-beziers-sofa-tv-1536x1152.jpg 1536w, https:\/\/chalet-beziers.fr\/wp-content\/uploads\/2024\/11\/chalet-beziers-sofa-tv-2048x1536.jpg 2048w, https:\/\/chalet-beziers.fr\/wp-content\/uploads\/2024\/11\/chalet-beziers-sofa-tv-1170x878.jpg 1170w, https:\/\/chalet-beziers.fr\/wp-content\/uploads\/2024\/11\/chalet-beziers-sofa-tv-600x450.jpg 600w\" sizes=\"auto, (max-width: 1024px) 100vw, 1024px\" \/><\/figure><\/div><\/div><\/div><\/div><\/div><\/div><\/div><div class=\"wp-block-getwid-section alignfull alignfull getwid-margin-top-none getwid-margin-bottom-none\"><div class=\"wp-block-getwid-section__wrapper getwid-padding-top-none getwid-padding-bottom-none getwid-padding-left-medium getwid-padding-right-medium getwid-padding-mobile-left-small getwid-padding-mobile-right-small\"><div class=\"wp-block-getwid-section__inner-wrapper\"><div class=\"wp-block-getwid-section__background-holder\"><div class=\"wp-block-getwid-section__background\"><\/div><div class=\"wp-block-getwid-section__foreground\"><\/div><\/div><div class=\"wp-block-getwid-section__content\"><div class=\"wp-block-getwid-section__inner-content\"><div class=\"wp-block-columns has-2-columns is-layout-flex wp-container-core-columns-is-layout-3 wp-block-columns-is-layout-flex\"><div class=\"wp-block-column is-layout-flow wp-block-column-is-layout-flow\"><div class=\"wp-block-getwid-advanced-heading is-style-style-1 has-custom-font-size\" style=\"font-size:12px;margin-bottom:0px\"><p class=\"wp-block-getwid-advanced-heading__content\" style=\"letter-spacing:0.1em\">DESCUBRE EL ENCANTO DEL CHALET<\/p><\/div>\n\n<div class=\"wp-block-getwid-advanced-heading is-style-default\" style=\"margin-top:10px\"><h2 class=\"wp-block-getwid-advanced-heading__content\">Resumen fotogr\u00e1fico<\/h2><\/div><\/div>\n\n<div class=\"wp-block-column is-layout-flow wp-block-column-is-layout-flow\"><p>Las habitaciones est\u00e1n dispuestas en la parte trasera de la casa, lejos de la calle.\nUna habitaci\u00f3n tiene una cama doble de 140\/200 con armario y espejo.\nLa segunda habitaci\u00f3n tiene 2 camas individuales de 90\/200 tambi\u00e9n con armario y espejo.  <\/p><\/div><\/div><\/div><\/div><\/div><\/div><\/div><div class=\"wp-block-getwid-section alignfull alignfull getwid-margin-top-none getwid-margin-bottom-none\"><div class=\"wp-block-getwid-section__wrapper getwid-padding-top-normal getwid-padding-bottom-normal getwid-padding-left-medium getwid-padding-right-medium getwid-padding-mobile-left-small getwid-padding-mobile-right-small\"><div class=\"wp-block-getwid-section__inner-wrapper\"><div class=\"wp-block-getwid-section__background-holder\"><div class=\"wp-block-getwid-section__background\"><\/div><div class=\"wp-block-getwid-section__foreground\"><\/div><\/div><div class=\"wp-block-getwid-section__content\"><div class=\"wp-block-getwid-section__inner-content\"><div class=\"wp-block-columns has-2-columns is-layout-flex wp-container-core-columns-is-layout-4 wp-block-columns-is-layout-flex\"><div class=\"wp-block-column is-layout-flow wp-block-column-is-layout-flow\"><div class=\"wp-block-getwid-images-stack is-layout-zeta\"><div class=\"wp-block-getwid-images-stack__wrapper\"><div class=\"wp-block-getwid-images-stack__chunk\"><div class=\"wp-block-getwid-images-stack__media-wrapper\"><div class=\"wp-block-getwid-images-stack__media-inner-wrapper\"><img loading=\"lazy\" decoding=\"async\" width=\"2560\" height=\"1920\" class=\"wp-block-getwid-images-stack__media wp-image-1850\" src=\"https:\/\/chalet-beziers.fr\/wp-content\/uploads\/2024\/12\/chalet-beziers-lounge-scaled.jpg\" data-id=\"1850\" data-link=\"https:\/\/chalet-beziers.fr\/image-gallery-chalet-beziers\/chalet-beziers-lounge\/\" srcset=\"https:\/\/chalet-beziers.fr\/wp-content\/uploads\/2024\/12\/chalet-beziers-lounge-scaled.jpg 2560w, https:\/\/chalet-beziers.fr\/wp-content\/uploads\/2024\/12\/chalet-beziers-lounge-300x225.jpg 300w, https:\/\/chalet-beziers.fr\/wp-content\/uploads\/2024\/12\/chalet-beziers-lounge-1024x768.jpg 1024w, https:\/\/chalet-beziers.fr\/wp-content\/uploads\/2024\/12\/chalet-beziers-lounge-768x576.jpg 768w, https:\/\/chalet-beziers.fr\/wp-content\/uploads\/2024\/12\/chalet-beziers-lounge-1536x1152.jpg 1536w, https:\/\/chalet-beziers.fr\/wp-content\/uploads\/2024\/12\/chalet-beziers-lounge-2048x1536.jpg 2048w, https:\/\/chalet-beziers.fr\/wp-content\/uploads\/2024\/12\/chalet-beziers-lounge-1170x878.jpg 1170w, https:\/\/chalet-beziers.fr\/wp-content\/uploads\/2024\/12\/chalet-beziers-lounge-600x450.jpg 600w\" sizes=\"auto, (max-width: 2560px) 100vw, 2560px\" \/><\/div><\/div><div class=\"wp-block-getwid-images-stack__media-wrapper\"><div class=\"wp-block-getwid-images-stack__media-inner-wrapper\"><img loading=\"lazy\" decoding=\"async\" width=\"2560\" height=\"1920\" class=\"wp-block-getwid-images-stack__media wp-image-1213\" src=\"https:\/\/chalet-beziers.fr\/wp-content\/uploads\/2023\/08\/chalet-beziers-cuisine-manger.jpg\" alt=\"Chalet Beziers cocina manger\" data-id=\"1213\" data-link=\"https:\/\/chalet-beziers.fr\/home\/welcome\/kueche\/\" srcset=\"https:\/\/chalet-beziers.fr\/wp-content\/uploads\/2023\/08\/chalet-beziers-cuisine-manger.jpg 2560w, https:\/\/chalet-beziers.fr\/wp-content\/uploads\/2023\/08\/chalet-beziers-cuisine-manger-300x225.jpg 300w, https:\/\/chalet-beziers.fr\/wp-content\/uploads\/2023\/08\/chalet-beziers-cuisine-manger-1024x768.jpg 1024w, https:\/\/chalet-beziers.fr\/wp-content\/uploads\/2023\/08\/chalet-beziers-cuisine-manger-768x576.jpg 768w, https:\/\/chalet-beziers.fr\/wp-content\/uploads\/2023\/08\/chalet-beziers-cuisine-manger-1536x1152.jpg 1536w, https:\/\/chalet-beziers.fr\/wp-content\/uploads\/2023\/08\/chalet-beziers-cuisine-manger-2048x1536.jpg 2048w, https:\/\/chalet-beziers.fr\/wp-content\/uploads\/2023\/08\/chalet-beziers-cuisine-manger-1170x878.jpg 1170w, https:\/\/chalet-beziers.fr\/wp-content\/uploads\/2023\/08\/chalet-beziers-cuisine-manger-600x450.jpg 600w\" sizes=\"auto, (max-width: 2560px) 100vw, 2560px\" \/><\/div><\/div><div class=\"wp-block-getwid-images-stack__media-wrapper\"><div class=\"wp-block-getwid-images-stack__media-inner-wrapper\"><img loading=\"lazy\" decoding=\"async\" width=\"2560\" height=\"1920\" class=\"wp-block-getwid-images-stack__media wp-image-1541\" src=\"https:\/\/chalet-beziers.fr\/wp-content\/uploads\/2024\/11\/chalet-beziers-sofa-tv.jpg\" alt=\"Chalet Beziers Sof\u00e1 TV\" data-id=\"1541\" data-link=\"https:\/\/chalet-beziers.fr\/chtele\/\" srcset=\"https:\/\/chalet-beziers.fr\/wp-content\/uploads\/2024\/11\/chalet-beziers-sofa-tv.jpg 2560w, https:\/\/chalet-beziers.fr\/wp-content\/uploads\/2024\/11\/chalet-beziers-sofa-tv-300x225.jpg 300w, https:\/\/chalet-beziers.fr\/wp-content\/uploads\/2024\/11\/chalet-beziers-sofa-tv-1024x768.jpg 1024w, https:\/\/chalet-beziers.fr\/wp-content\/uploads\/2024\/11\/chalet-beziers-sofa-tv-768x576.jpg 768w, https:\/\/chalet-beziers.fr\/wp-content\/uploads\/2024\/11\/chalet-beziers-sofa-tv-1536x1152.jpg 1536w, https:\/\/chalet-beziers.fr\/wp-content\/uploads\/2024\/11\/chalet-beziers-sofa-tv-2048x1536.jpg 2048w, https:\/\/chalet-beziers.fr\/wp-content\/uploads\/2024\/11\/chalet-beziers-sofa-tv-1170x878.jpg 1170w, https:\/\/chalet-beziers.fr\/wp-content\/uploads\/2024\/11\/chalet-beziers-sofa-tv-600x450.jpg 600w\" sizes=\"auto, (max-width: 2560px) 100vw, 2560px\" \/><\/div><\/div><\/div><div class=\"wp-block-getwid-images-stack__chunk\"><div class=\"wp-block-getwid-images-stack__media-wrapper\"><div class=\"wp-block-getwid-images-stack__media-inner-wrapper\"><img loading=\"lazy\" decoding=\"async\" width=\"2560\" height=\"1920\" class=\"wp-block-getwid-images-stack__media wp-image-1546\" src=\"https:\/\/chalet-beziers.fr\/wp-content\/uploads\/2024\/11\/chalet-beziers-chambre-grand.jpg\" alt=\"Chalet Beziers chambre grand\" data-id=\"1546\" data-link=\"https:\/\/chalet-beziers.fr\/image-gallery-chalet-beziers\/chchambre1quer-2\/\" srcset=\"https:\/\/chalet-beziers.fr\/wp-content\/uploads\/2024\/11\/chalet-beziers-chambre-grand.jpg 2560w, https:\/\/chalet-beziers.fr\/wp-content\/uploads\/2024\/11\/chalet-beziers-chambre-grand-300x225.jpg 300w, https:\/\/chalet-beziers.fr\/wp-content\/uploads\/2024\/11\/chalet-beziers-chambre-grand-1024x768.jpg 1024w, https:\/\/chalet-beziers.fr\/wp-content\/uploads\/2024\/11\/chalet-beziers-chambre-grand-768x576.jpg 768w, https:\/\/chalet-beziers.fr\/wp-content\/uploads\/2024\/11\/chalet-beziers-chambre-grand-1536x1152.jpg 1536w, https:\/\/chalet-beziers.fr\/wp-content\/uploads\/2024\/11\/chalet-beziers-chambre-grand-2048x1536.jpg 2048w, https:\/\/chalet-beziers.fr\/wp-content\/uploads\/2024\/11\/chalet-beziers-chambre-grand-1170x878.jpg 1170w, https:\/\/chalet-beziers.fr\/wp-content\/uploads\/2024\/11\/chalet-beziers-chambre-grand-600x450.jpg 600w\" sizes=\"auto, (max-width: 2560px) 100vw, 2560px\" \/><\/div><\/div><div class=\"wp-block-getwid-images-stack__media-wrapper\"><div class=\"wp-block-getwid-images-stack__media-inner-wrapper\"><img loading=\"lazy\" decoding=\"async\" width=\"2560\" height=\"1920\" class=\"wp-block-getwid-images-stack__media wp-image-1540\" src=\"https:\/\/chalet-beziers.fr\/wp-content\/uploads\/2024\/11\/chalet-beziers-bain-douche.jpg\" alt=\"Chalet Beziers bain douche\" data-id=\"1540\" data-link=\"https:\/\/chalet-beziers.fr\/chsdbdouche\/\" srcset=\"https:\/\/chalet-beziers.fr\/wp-content\/uploads\/2024\/11\/chalet-beziers-bain-douche.jpg 2560w, https:\/\/chalet-beziers.fr\/wp-content\/uploads\/2024\/11\/chalet-beziers-bain-douche-300x225.jpg 300w, https:\/\/chalet-beziers.fr\/wp-content\/uploads\/2024\/11\/chalet-beziers-bain-douche-1024x768.jpg 1024w, https:\/\/chalet-beziers.fr\/wp-content\/uploads\/2024\/11\/chalet-beziers-bain-douche-768x576.jpg 768w, https:\/\/chalet-beziers.fr\/wp-content\/uploads\/2024\/11\/chalet-beziers-bain-douche-1536x1152.jpg 1536w, https:\/\/chalet-beziers.fr\/wp-content\/uploads\/2024\/11\/chalet-beziers-bain-douche-2048x1536.jpg 2048w, https:\/\/chalet-beziers.fr\/wp-content\/uploads\/2024\/11\/chalet-beziers-bain-douche-1170x878.jpg 1170w, https:\/\/chalet-beziers.fr\/wp-content\/uploads\/2024\/11\/chalet-beziers-bain-douche-600x450.jpg 600w\" sizes=\"auto, (max-width: 2560px) 100vw, 2560px\" \/><\/div><\/div><div class=\"wp-block-getwid-images-stack__media-wrapper\"><div class=\"wp-block-getwid-images-stack__media-inner-wrapper\"><img loading=\"lazy\" decoding=\"async\" width=\"1920\" height=\"2560\" class=\"wp-block-getwid-images-stack__media wp-image-1973\" src=\"https:\/\/chalet-beziers.fr\/wp-content\/uploads\/2024\/12\/chalet-beziers-chambre-deux-lits.jpg\" alt=\"Chalet Beziers chambre deux lits\" data-id=\"1973\" data-link=\"https:\/\/chalet-beziers.fr\/home\/rooms\/img_20241224_152658\/\" srcset=\"https:\/\/chalet-beziers.fr\/wp-content\/uploads\/2024\/12\/chalet-beziers-chambre-deux-lits.jpg 1920w, https:\/\/chalet-beziers.fr\/wp-content\/uploads\/2024\/12\/chalet-beziers-chambre-deux-lits-225x300.jpg 225w, https:\/\/chalet-beziers.fr\/wp-content\/uploads\/2024\/12\/chalet-beziers-chambre-deux-lits-768x1024.jpg 768w, https:\/\/chalet-beziers.fr\/wp-content\/uploads\/2024\/12\/chalet-beziers-chambre-deux-lits-1152x1536.jpg 1152w, https:\/\/chalet-beziers.fr\/wp-content\/uploads\/2024\/12\/chalet-beziers-chambre-deux-lits-1536x2048.jpg 1536w, https:\/\/chalet-beziers.fr\/wp-content\/uploads\/2024\/12\/chalet-beziers-chambre-deux-lits-1170x1560.jpg 1170w, https:\/\/chalet-beziers.fr\/wp-content\/uploads\/2024\/12\/chalet-beziers-chambre-deux-lits-600x800.jpg 600w\" sizes=\"auto, (max-width: 1920px) 100vw, 1920px\" \/><\/div><\/div><\/div><\/div><\/div><\/div>\n\n<div class=\"wp-block-column is-layout-flow wp-block-column-is-layout-flow\"><div class=\"wp-block-getwid-images-stack\"><div class=\"wp-block-getwid-images-stack__wrapper\"><div class=\"wp-block-getwid-images-stack__chunk\"><div class=\"wp-block-getwid-images-stack__media-wrapper\"><div class=\"wp-block-getwid-images-stack__media-inner-wrapper\"><img loading=\"lazy\" decoding=\"async\" width=\"2560\" height=\"1923\" class=\"wp-block-getwid-images-stack__media wp-image-1387\" src=\"https:\/\/chalet-beziers.fr\/wp-content\/uploads\/2023\/08\/chalet-beziers-banque-proche.jpg\" alt=\"Chalet Beziers banque proche\" data-id=\"1387\" data-link=\"https:\/\/chalet-beziers.fr\/img_20230803_121244\/\" srcset=\"https:\/\/chalet-beziers.fr\/wp-content\/uploads\/2023\/08\/chalet-beziers-banque-proche.jpg 2560w, https:\/\/chalet-beziers.fr\/wp-content\/uploads\/2023\/08\/chalet-beziers-banque-proche-300x225.jpg 300w, https:\/\/chalet-beziers.fr\/wp-content\/uploads\/2023\/08\/chalet-beziers-banque-proche-1024x769.jpg 1024w, https:\/\/chalet-beziers.fr\/wp-content\/uploads\/2023\/08\/chalet-beziers-banque-proche-768x577.jpg 768w, https:\/\/chalet-beziers.fr\/wp-content\/uploads\/2023\/08\/chalet-beziers-banque-proche-1536x1154.jpg 1536w, https:\/\/chalet-beziers.fr\/wp-content\/uploads\/2023\/08\/chalet-beziers-banque-proche-2048x1538.jpg 2048w, https:\/\/chalet-beziers.fr\/wp-content\/uploads\/2023\/08\/chalet-beziers-banque-proche-1170x879.jpg 1170w, https:\/\/chalet-beziers.fr\/wp-content\/uploads\/2023\/08\/chalet-beziers-banque-proche-600x451.jpg 600w\" sizes=\"auto, (max-width: 2560px) 100vw, 2560px\" \/><\/div><\/div><div class=\"wp-block-getwid-images-stack__media-wrapper\"><div class=\"wp-block-getwid-images-stack__media-inner-wrapper\"><img loading=\"lazy\" decoding=\"async\" width=\"2560\" height=\"1923\" class=\"wp-block-getwid-images-stack__media wp-image-1391\" src=\"https:\/\/chalet-beziers.fr\/wp-content\/uploads\/2023\/08\/chalet-beziers-jardin-devant.jpg\" alt=\"Chalet Beziers jardin devant\" data-id=\"1391\" data-link=\"https:\/\/chalet-beziers.fr\/img_20230803_121124\/\" srcset=\"https:\/\/chalet-beziers.fr\/wp-content\/uploads\/2023\/08\/chalet-beziers-jardin-devant.jpg 2560w, https:\/\/chalet-beziers.fr\/wp-content\/uploads\/2023\/08\/chalet-beziers-jardin-devant-300x225.jpg 300w, https:\/\/chalet-beziers.fr\/wp-content\/uploads\/2023\/08\/chalet-beziers-jardin-devant-1024x769.jpg 1024w, https:\/\/chalet-beziers.fr\/wp-content\/uploads\/2023\/08\/chalet-beziers-jardin-devant-768x577.jpg 768w, https:\/\/chalet-beziers.fr\/wp-content\/uploads\/2023\/08\/chalet-beziers-jardin-devant-1536x1154.jpg 1536w, https:\/\/chalet-beziers.fr\/wp-content\/uploads\/2023\/08\/chalet-beziers-jardin-devant-2048x1538.jpg 2048w, https:\/\/chalet-beziers.fr\/wp-content\/uploads\/2023\/08\/chalet-beziers-jardin-devant-1170x879.jpg 1170w, https:\/\/chalet-beziers.fr\/wp-content\/uploads\/2023\/08\/chalet-beziers-jardin-devant-600x451.jpg 600w\" sizes=\"auto, (max-width: 2560px) 100vw, 2560px\" \/><\/div><\/div><div class=\"wp-block-getwid-images-stack__media-wrapper\"><div class=\"wp-block-getwid-images-stack__media-inner-wrapper\"><img loading=\"lazy\" decoding=\"async\" width=\"2560\" height=\"1923\" class=\"wp-block-getwid-images-stack__media wp-image-1527\" src=\"https:\/\/chalet-beziers.fr\/wp-content\/uploads\/2024\/11\/chalet-bbq-sky.jpg\" alt=\"Chalet Barbacoa cielo\" data-id=\"1527\" data-link=\"https:\/\/chalet-beziers.fr\/chbbq\/\" srcset=\"https:\/\/chalet-beziers.fr\/wp-content\/uploads\/2024\/11\/chalet-bbq-sky.jpg 2560w, https:\/\/chalet-beziers.fr\/wp-content\/uploads\/2024\/11\/chalet-bbq-sky-300x225.jpg 300w, https:\/\/chalet-beziers.fr\/wp-content\/uploads\/2024\/11\/chalet-bbq-sky-1024x769.jpg 1024w, https:\/\/chalet-beziers.fr\/wp-content\/uploads\/2024\/11\/chalet-bbq-sky-768x577.jpg 768w, https:\/\/chalet-beziers.fr\/wp-content\/uploads\/2024\/11\/chalet-bbq-sky-1536x1154.jpg 1536w, https:\/\/chalet-beziers.fr\/wp-content\/uploads\/2024\/11\/chalet-bbq-sky-2048x1538.jpg 2048w, https:\/\/chalet-beziers.fr\/wp-content\/uploads\/2024\/11\/chalet-bbq-sky-1170x879.jpg 1170w, https:\/\/chalet-beziers.fr\/wp-content\/uploads\/2024\/11\/chalet-bbq-sky-600x451.jpg 600w\" sizes=\"auto, (max-width: 2560px) 100vw, 2560px\" \/><\/div><\/div><\/div><\/div><\/div><\/div><\/div><\/div><\/div><\/div><\/div><\/div><p><\/p>","protected":false},"excerpt":{"rendered":"<p>El Chalet Beziers es la elecci\u00f3n adecuada para los visitantes que buscan una combinaci\u00f3n de encanto, paz, tranquilidad y una posici\u00f3n conveniente desde la que explorar los alrededores.<\/p>\n","protected":false},"author":1,"featured_media":0,"parent":0,"menu_order":0,"comment_status":"closed","ping_status":"closed","template":"","meta":{"footnotes":""},"class_list":["post-2906","page","type-page","status-publish","hentry"],"_links":{"self":[{"href":"https:\/\/chalet-beziers.fr\/es\/wp-json\/wp\/v2\/pages\/2906","targetHints":{"allow":["GET"]}}],"collection":[{"href":"https:\/\/chalet-beziers.fr\/es\/wp-json\/wp\/v2\/pages"}],"about":[{"href":"https:\/\/chalet-beziers.fr\/es\/wp-json\/wp\/v2\/types\/page"}],"author":[{"embeddable":true,"href":"https:\/\/chalet-beziers.fr\/es\/wp-json\/wp\/v2\/users\/1"}],"replies":[{"embeddable":true,"href":"https:\/\/chalet-beziers.fr\/es\/wp-json\/wp\/v2\/comments?post=2906"}],"version-history":[{"count":3,"href":"https:\/\/chalet-beziers.fr\/es\/wp-json\/wp\/v2\/pages\/2906\/revisions"}],"predecessor-version":[{"id":3126,"href":"https:\/\/chalet-beziers.fr\/es\/wp-json\/wp\/v2\/pages\/2906\/revisions\/3126"}],"wp:attachment":[{"href":"https:\/\/chalet-beziers.fr\/es\/wp-json\/wp\/v2\/media?parent=2906"}],"curies":[{"name":"wp","href":"https:\/\/api.w.org\/{rel}","templated":true}]}}