{"id":2687,"date":"2024-12-17T21:31:43","date_gmt":"2024-12-17T20:31:43","guid":{"rendered":"https:\/\/chalet-beziers.fr\/a-propos-du-jardin-de-coubertin\/"},"modified":"2024-12-26T04:31:07","modified_gmt":"2024-12-26T03:31:07","slug":"a-propos-du-jardin-de-coubertin","status":"publish","type":"page","link":"https:\/\/chalet-beziers.fr\/fr\/a-propos-du-jardin-de-coubertin\/","title":{"rendered":"\u00c0 propos du \u00ab\u00a0Jardin de Coubertin"},"content":{"rendered":"<h1 class=\"wp-block-heading\"><\/h1><p>Une petite maison d&rsquo;h\u00f4tes confortable. Notre personnel offre un service attentif de haute qualit\u00e9 et est toujours pr\u00eat \u00e0 offrir son aide aux clients.<\/p><p>L&rsquo;h\u00f4tel est am\u00e9nag\u00e9 principalement au rez-de-chauss\u00e9e avec les suites junior dans le b\u00e2timent principal et les chambres sup\u00e9rieures dans le b\u00e2timent annexe. \u00c0 l&rsquo;\u00e9tage sup\u00e9rieur, apr\u00e8s avoir emprunt\u00e9 les escaliers, vous trouverez notre loft enti\u00e8rement priv\u00e9 (suite sup\u00e9rieure) avec de nombreuses caract\u00e9ristiques \u00e9tonnantes. Il y a aussi un splendide jardin, o\u00f9 vous pouvez vous d\u00e9tendre et vous immerger dans le matin \u00e0 venir d&rsquo;une nouvelle journ\u00e9e merveilleuse dans l&rsquo;atmosph\u00e8re de la vie quotidienne m\u00e9diterran\u00e9enne. Il y a une fusion \u00e9tonnante du calme et de la tranquillit\u00e9 dans le jardin avec l&rsquo;agitation et le bruit \u00e0 l&rsquo;ext\u00e9rieur.  <\/p><div class=\"wp-block-getwid-section alignfull alignfull getwid-section-content-custom-width\"><div class=\"wp-block-getwid-section__wrapper\"><div class=\"wp-block-getwid-section__inner-wrapper\" style=\"max-width:1130px\"><div class=\"wp-block-getwid-section__background-holder\"><div class=\"wp-block-getwid-section__background\"><\/div><div class=\"wp-block-getwid-section__foreground\"><\/div><\/div><div class=\"wp-block-getwid-section__content\"><div class=\"wp-block-getwid-section__inner-content\"><div class=\"wp-block-columns has-3-columns is-layout-flex wp-container-core-columns-is-layout-1 wp-block-columns-is-layout-flex\"><div class=\"wp-block-column is-layout-flow wp-block-column-is-layout-flow\"><div class=\"wp-block-getwid-image-box is-style-rounded has-text-left has-mobile-layout-default has-mobile-alignment-default\"><div class=\"wp-block-getwid-image-box__image-container is-position-top\"><a href=\"https:\/\/jardin-de-coubertin.fr\" target=\"_blank\" rel=\"noreferrer noopener\" class=\"wp-block-getwid-image-box__image-wrapper\"><img loading=\"lazy\" decoding=\"async\" width=\"1280\" height=\"960\" src=\"https:\/\/chalet-beziers.fr\/wp-content\/uploads\/2024\/11\/coubertin-main-side-building.jpg\" alt=\"\" class=\"wp-block-getwid-image-box__image wp-image-1694\" srcset=\"https:\/\/chalet-beziers.fr\/wp-content\/uploads\/2024\/11\/coubertin-main-side-building.jpg 1280w, https:\/\/chalet-beziers.fr\/wp-content\/uploads\/2024\/11\/coubertin-main-side-building-300x225.jpg 300w, https:\/\/chalet-beziers.fr\/wp-content\/uploads\/2024\/11\/coubertin-main-side-building-1024x768.jpg 1024w, https:\/\/chalet-beziers.fr\/wp-content\/uploads\/2024\/11\/coubertin-main-side-building-768x576.jpg 768w, https:\/\/chalet-beziers.fr\/wp-content\/uploads\/2024\/11\/coubertin-main-side-building-1170x878.jpg 1170w, https:\/\/chalet-beziers.fr\/wp-content\/uploads\/2024\/11\/coubertin-main-side-building-600x450.jpg 600w\" sizes=\"auto, (max-width: 1280px) 100vw, 1280px\" \/><\/a><\/div><div class=\"wp-block-getwid-image-box__content\"><h5 class=\"wp-block-heading has-text-align-center\">Jardin spacieux<\/h5>\n\n<p class=\"has-text-align-center\">Il est \u00e9quip\u00e9 de diff\u00e9rents coins salon et d&rsquo;un barbecue \u00e0 gaz.<\/p><\/div><\/div><\/div>\n\n<div class=\"wp-block-column is-layout-flow wp-block-column-is-layout-flow\"><div class=\"wp-block-getwid-image-box is-style-rounded has-text-center has-mobile-layout-default has-mobile-alignment-default\"><div class=\"wp-block-getwid-image-box__image-container is-position-top\"><a href=\"https:\/\/jardin-de-coubertin.fr\" target=\"_blank\" rel=\"noreferrer noopener\" class=\"wp-block-getwid-image-box__image-wrapper\"><img loading=\"lazy\" decoding=\"async\" width=\"1280\" height=\"1707\" src=\"https:\/\/chalet-beziers.fr\/wp-content\/uploads\/2024\/11\/coubertin-studio-light.jpg\" alt=\"\" class=\"wp-block-getwid-image-box__image wp-image-1717\" srcset=\"https:\/\/chalet-beziers.fr\/wp-content\/uploads\/2024\/11\/coubertin-studio-light.jpg 1280w, https:\/\/chalet-beziers.fr\/wp-content\/uploads\/2024\/11\/coubertin-studio-light-225x300.jpg 225w, https:\/\/chalet-beziers.fr\/wp-content\/uploads\/2024\/11\/coubertin-studio-light-768x1024.jpg 768w, https:\/\/chalet-beziers.fr\/wp-content\/uploads\/2024\/11\/coubertin-studio-light-1152x1536.jpg 1152w, https:\/\/chalet-beziers.fr\/wp-content\/uploads\/2024\/11\/coubertin-studio-light-1170x1560.jpg 1170w, https:\/\/chalet-beziers.fr\/wp-content\/uploads\/2024\/11\/coubertin-studio-light-600x800.jpg 600w\" sizes=\"auto, (max-width: 1280px) 100vw, 1280px\" \/><\/a><\/div><div class=\"wp-block-getwid-image-box__content\"><h5 class=\"wp-block-heading\">Chambre sup\u00e9rieure<\/h5>\n\n<p>Chambre agr\u00e9ablement am\u00e9nag\u00e9e avec cuisine et salle de bains.<\/p><\/div><\/div><\/div>\n\n<div class=\"wp-block-column is-layout-flow wp-block-column-is-layout-flow\"><div class=\"wp-block-getwid-image-box is-style-rounded has-text-right has-mobile-layout-default has-mobile-alignment-default\"><div class=\"wp-block-getwid-image-box__image-container is-position-top\"><a href=\"https:\/\/jardin-de-coubertin.fr\" target=\"_blank\" rel=\"noreferrer noopener\" class=\"wp-block-getwid-image-box__image-wrapper\"><img loading=\"lazy\" decoding=\"async\" width=\"1280\" height=\"960\" src=\"https:\/\/chalet-beziers.fr\/wp-content\/uploads\/2024\/11\/coubertin-loft-velux.jpg\" alt=\"\" class=\"wp-block-getwid-image-box__image wp-image-1703\" srcset=\"https:\/\/chalet-beziers.fr\/wp-content\/uploads\/2024\/11\/coubertin-loft-velux.jpg 1280w, https:\/\/chalet-beziers.fr\/wp-content\/uploads\/2024\/11\/coubertin-loft-velux-300x225.jpg 300w, https:\/\/chalet-beziers.fr\/wp-content\/uploads\/2024\/11\/coubertin-loft-velux-1024x768.jpg 1024w, https:\/\/chalet-beziers.fr\/wp-content\/uploads\/2024\/11\/coubertin-loft-velux-768x576.jpg 768w, https:\/\/chalet-beziers.fr\/wp-content\/uploads\/2024\/11\/coubertin-loft-velux-1170x878.jpg 1170w, https:\/\/chalet-beziers.fr\/wp-content\/uploads\/2024\/11\/coubertin-loft-velux-600x450.jpg 600w\" sizes=\"auto, (max-width: 1280px) 100vw, 1280px\" \/><\/a><\/div><div class=\"wp-block-getwid-image-box__content\"><h5 class=\"wp-block-heading has-text-align-center\">Vue du grenier<\/h5>\n\n<p class=\"has-text-align-center\">Vue sup\u00e9rieure sur le jardin et vue partielle sur la cath\u00e9drale<\/p><\/div><\/div><\/div><\/div>\n\n<div class=\"wp-block-getwid-advanced-spacer\" style=\"height:60px\" aria-hidden=\"true\"><\/div>\n\n<div class=\"wp-block-columns has-2-columns is-layout-flex wp-container-core-columns-is-layout-2 wp-block-columns-is-layout-flex\"><div class=\"wp-block-column is-layout-flow wp-block-column-is-layout-flow\"><div class=\"wp-block-getwid-image-box is-style-rounded has-image-right has-text-left has-mobile-layout-column has-mobile-alignment-default\"><div class=\"wp-block-getwid-image-box__image-container is-position-middle\"><a href=\"https:\/\/jardin-de-coubertin.fr\" target=\"_blank\" rel=\"noreferrer noopener\" class=\"wp-block-getwid-image-box__image-wrapper\"><img loading=\"lazy\" decoding=\"async\" width=\"1280\" height=\"960\" src=\"https:\/\/chalet-beziers.fr\/wp-content\/uploads\/2024\/11\/coubertin-loft-lit-proche.jpg\" alt=\"\" class=\"wp-block-getwid-image-box__image wp-image-1700\" srcset=\"https:\/\/chalet-beziers.fr\/wp-content\/uploads\/2024\/11\/coubertin-loft-lit-proche.jpg 1280w, https:\/\/chalet-beziers.fr\/wp-content\/uploads\/2024\/11\/coubertin-loft-lit-proche-300x225.jpg 300w, https:\/\/chalet-beziers.fr\/wp-content\/uploads\/2024\/11\/coubertin-loft-lit-proche-1024x768.jpg 1024w, https:\/\/chalet-beziers.fr\/wp-content\/uploads\/2024\/11\/coubertin-loft-lit-proche-768x576.jpg 768w, https:\/\/chalet-beziers.fr\/wp-content\/uploads\/2024\/11\/coubertin-loft-lit-proche-1170x878.jpg 1170w, https:\/\/chalet-beziers.fr\/wp-content\/uploads\/2024\/11\/coubertin-loft-lit-proche-600x450.jpg 600w\" sizes=\"auto, (max-width: 1280px) 100vw, 1280px\" \/><\/a><\/div><div class=\"wp-block-getwid-image-box__content\"><h5 class=\"wp-block-heading has-text-align-right\">Loft<\/h5>\n\n<p class=\"has-text-align-right\">Lit design tr\u00e8s spacieux.<\/p><\/div><\/div><\/div>\n\n<div class=\"wp-block-column is-layout-flow wp-block-column-is-layout-flow\"><div class=\"wp-block-getwid-image-box is-style-rounded has-image-left has-text-left has-mobile-layout-column has-mobile-alignment-default\"><div class=\"wp-block-getwid-image-box__image-container is-position-middle\"><a href=\"https:\/\/jardin-de-coubertin.fr\" target=\"_blank\" rel=\"noreferrer noopener\" class=\"wp-block-getwid-image-box__image-wrapper\"><img loading=\"lazy\" decoding=\"async\" width=\"2560\" height=\"1920\" src=\"https:\/\/chalet-beziers.fr\/wp-content\/uploads\/2024\/11\/coubertin-appartement-lounge-sofa.jpg\" alt=\"\" class=\"wp-block-getwid-image-box__image wp-image-1660\" srcset=\"https:\/\/chalet-beziers.fr\/wp-content\/uploads\/2024\/11\/coubertin-appartement-lounge-sofa.jpg 2560w, https:\/\/chalet-beziers.fr\/wp-content\/uploads\/2024\/11\/coubertin-appartement-lounge-sofa-300x225.jpg 300w, https:\/\/chalet-beziers.fr\/wp-content\/uploads\/2024\/11\/coubertin-appartement-lounge-sofa-1024x768.jpg 1024w, https:\/\/chalet-beziers.fr\/wp-content\/uploads\/2024\/11\/coubertin-appartement-lounge-sofa-768x576.jpg 768w, https:\/\/chalet-beziers.fr\/wp-content\/uploads\/2024\/11\/coubertin-appartement-lounge-sofa-1536x1152.jpg 1536w, https:\/\/chalet-beziers.fr\/wp-content\/uploads\/2024\/11\/coubertin-appartement-lounge-sofa-2048x1536.jpg 2048w, https:\/\/chalet-beziers.fr\/wp-content\/uploads\/2024\/11\/coubertin-appartement-lounge-sofa-1170x878.jpg 1170w, https:\/\/chalet-beziers.fr\/wp-content\/uploads\/2024\/11\/coubertin-appartement-lounge-sofa-600x450.jpg 600w\" sizes=\"auto, (max-width: 2560px) 100vw, 2560px\" \/><\/a><\/div><div class=\"wp-block-getwid-image-box__content\"><h5 class=\"wp-block-heading\">Appartement<\/h5>\n\n<p>Salon de la suite Junios.<\/p><\/div><\/div><\/div><\/div><\/div><\/div><\/div><\/div><\/div>","protected":false},"excerpt":{"rendered":"<p>Une petite maison d&rsquo;h\u00f4tes confortable. Notre personnel offre un service attentif de haute qualit\u00e9 et est toujours pr\u00eat \u00e0 offrir son aide aux clients. L&rsquo;h\u00f4tel est am\u00e9nag\u00e9 principalement au rez-de-chauss\u00e9e avec les suites junior dans le b\u00e2timent principal et les chambres sup\u00e9rieures dans le b\u00e2timent annexe. \u00c0 l&rsquo;\u00e9tage sup\u00e9rieur, apr\u00e8s avoir emprunt\u00e9 les escaliers, vous [&hellip;]<\/p>\n","protected":false},"author":1,"featured_media":0,"parent":0,"menu_order":0,"comment_status":"closed","ping_status":"closed","template":"","meta":{"footnotes":""},"class_list":["post-2687","page","type-page","status-publish","hentry"],"_links":{"self":[{"href":"https:\/\/chalet-beziers.fr\/fr\/wp-json\/wp\/v2\/pages\/2687","targetHints":{"allow":["GET"]}}],"collection":[{"href":"https:\/\/chalet-beziers.fr\/fr\/wp-json\/wp\/v2\/pages"}],"about":[{"href":"https:\/\/chalet-beziers.fr\/fr\/wp-json\/wp\/v2\/types\/page"}],"author":[{"embeddable":true,"href":"https:\/\/chalet-beziers.fr\/fr\/wp-json\/wp\/v2\/users\/1"}],"replies":[{"embeddable":true,"href":"https:\/\/chalet-beziers.fr\/fr\/wp-json\/wp\/v2\/comments?post=2687"}],"version-history":[{"count":2,"href":"https:\/\/chalet-beziers.fr\/fr\/wp-json\/wp\/v2\/pages\/2687\/revisions"}],"predecessor-version":[{"id":2691,"href":"https:\/\/chalet-beziers.fr\/fr\/wp-json\/wp\/v2\/pages\/2687\/revisions\/2691"}],"wp:attachment":[{"href":"https:\/\/chalet-beziers.fr\/fr\/wp-json\/wp\/v2\/media?parent=2687"}],"curies":[{"name":"wp","href":"https:\/\/api.w.org\/{rel}","templated":true}]}}