{"id":2790,"date":"2019-06-11T09:54:48","date_gmt":"2019-06-11T07:54:48","guid":{"rendered":"https:\/\/chalet-beziers.fr\/accueil\/chambres-lit-double-et-2-lits-simples\/"},"modified":"2025-03-25T02:15:03","modified_gmt":"2025-03-25T01:15:03","slug":"chambres-lit-double-et-2-lits-simples","status":"publish","type":"page","link":"https:\/\/chalet-beziers.fr\/fr\/accueil\/chambres-lit-double-et-2-lits-simples\/","title":{"rendered":"Chambres (lit double et 2 lits simples)"},"content":{"rendered":"<p>Notre maison en bois dispose de deux chambres \u00e0 coucher, l&rsquo;une avec un grand lit double et l&rsquo;autre avec deux lits simples. Toutes les chambres sont d\u00e9cor\u00e9es en bois et disposent d&rsquo;un miroir, d&rsquo;une chaise et d&rsquo;une armoire.   <\/p><!--more--><div style=\"height:50px\" aria-hidden=\"true\" class=\"wp-block-spacer\"><\/div><div class=\"mphb_sc_rooms-wrapper mphb-room-types is-style-style-2 alignwide\">\t<div class=\"mphb-room-types-wrapper\">\r\n\t\r\n<div class=\"mphb-room-type post-3136 mphb_room_type type-mphb_room_type status-publish has-post-thumbnail mphb_room_type_category-quadrupel-fr mphb_room_type_facility-bbq-fr mphb_room_type_facility-climatisation mphb_room_type_facility-cuisine mphb_room_type_facility-free-wi-fi-fr mphb_room_type_facility-machine-a-laver mphb_room_type_facility-seche-cheveux mphb_room_type_facility-television-fr mphb-room-type-adults-4 mphb-room-type-children-0 has-taxes-and-fees\">\r\n\r\n                <div class=\"room-images-wrapper\">\r\n            \n\n\t<div class=\"mphb-room-type-images\">\n\t<div id='mphb-flexslider-gallery-1' class='gallery-columns-1 gallery-size-luviana-square mphb-gallery-main-slider mphb-flexslider-gallery-wrapper mphb-room-type-gallery-wrapper mphb-gallery-main-slider-69fb84f30e577' data-flexslider-atts='{\"animation\":\"slide\",\"controlNav\":false,\"animationLoop\":true,\"smoothHeight\":true,\"slideshow\":false}' data-group='69fb84f30e577'><ul class=\"slides\"><li class='gallery-item'><span class='gallery-icon portrait'>\n\t\t\t\t<a href=\"https:\/\/chalet-beziers.fr\/fr\/accommodation\/wooden-house\/\"><img loading=\"lazy\" decoding=\"async\" width=\"992\" height=\"992\" src=\"https:\/\/chalet-beziers.fr\/wp-content\/uploads\/2024\/11\/chalet-beziers-grand-lit-1-992x992.jpg\" class=\"attachment-luviana-square size-luviana-square\" alt=\"\" srcset=\"https:\/\/chalet-beziers.fr\/wp-content\/uploads\/2024\/11\/chalet-beziers-grand-lit-1-992x992.jpg 992w, https:\/\/chalet-beziers.fr\/wp-content\/uploads\/2024\/11\/chalet-beziers-grand-lit-1-150x150.jpg 150w, https:\/\/chalet-beziers.fr\/wp-content\/uploads\/2024\/11\/chalet-beziers-grand-lit-1-300x300.jpg 300w, https:\/\/chalet-beziers.fr\/wp-content\/uploads\/2024\/11\/chalet-beziers-grand-lit-1-100x100.jpg 100w\" sizes=\"auto, (max-width: 992px) 100vw, 992px\" \/><\/a>\n\t\t\t<\/span><\/li><li class='gallery-item'><span class='gallery-icon landscape'>\n\t\t\t\t<a href=\"https:\/\/chalet-beziers.fr\/fr\/accommodation\/wooden-house\/\"><img loading=\"lazy\" decoding=\"async\" width=\"992\" height=\"992\" src=\"https:\/\/chalet-beziers.fr\/wp-content\/uploads\/2024\/11\/chalet-grand-lit-large-992x992.jpg\" class=\"attachment-luviana-square size-luviana-square\" alt=\"\" srcset=\"https:\/\/chalet-beziers.fr\/wp-content\/uploads\/2024\/11\/chalet-grand-lit-large-992x992.jpg 992w, https:\/\/chalet-beziers.fr\/wp-content\/uploads\/2024\/11\/chalet-grand-lit-large-150x150.jpg 150w, https:\/\/chalet-beziers.fr\/wp-content\/uploads\/2024\/11\/chalet-grand-lit-large-300x300.jpg 300w, https:\/\/chalet-beziers.fr\/wp-content\/uploads\/2024\/11\/chalet-grand-lit-large-100x100.jpg 100w\" sizes=\"auto, (max-width: 992px) 100vw, 992px\" \/><\/a>\n\t\t\t<\/span><\/li><li class='gallery-item'><span class='gallery-icon portrait'>\n\t\t\t\t<a href=\"https:\/\/chalet-beziers.fr\/fr\/accommodation\/wooden-house\/\"><img loading=\"lazy\" decoding=\"async\" width=\"992\" height=\"992\" src=\"https:\/\/chalet-beziers.fr\/wp-content\/uploads\/2024\/11\/chalet-beziers-chambre-deux-992x992.jpg\" class=\"attachment-luviana-square size-luviana-square\" alt=\"\" srcset=\"https:\/\/chalet-beziers.fr\/wp-content\/uploads\/2024\/11\/chalet-beziers-chambre-deux-992x992.jpg 992w, https:\/\/chalet-beziers.fr\/wp-content\/uploads\/2024\/11\/chalet-beziers-chambre-deux-150x150.jpg 150w, https:\/\/chalet-beziers.fr\/wp-content\/uploads\/2024\/11\/chalet-beziers-chambre-deux-300x300.jpg 300w, https:\/\/chalet-beziers.fr\/wp-content\/uploads\/2024\/11\/chalet-beziers-chambre-deux-100x100.jpg 100w\" sizes=\"auto, (max-width: 992px) 100vw, 992px\" \/><\/a>\n\t\t\t<\/span><\/li><li class='gallery-item'><span class='gallery-icon landscape'>\n\t\t\t\t<a href=\"https:\/\/chalet-beziers.fr\/fr\/accommodation\/wooden-house\/\"><img loading=\"lazy\" decoding=\"async\" width=\"992\" height=\"992\" src=\"https:\/\/chalet-beziers.fr\/wp-content\/uploads\/2024\/11\/chalet-chambre-deux-992x992.jpg\" class=\"attachment-luviana-square size-luviana-square\" alt=\"\" srcset=\"https:\/\/chalet-beziers.fr\/wp-content\/uploads\/2024\/11\/chalet-chambre-deux-992x992.jpg 992w, https:\/\/chalet-beziers.fr\/wp-content\/uploads\/2024\/11\/chalet-chambre-deux-150x150.jpg 150w, https:\/\/chalet-beziers.fr\/wp-content\/uploads\/2024\/11\/chalet-chambre-deux-300x300.jpg 300w, https:\/\/chalet-beziers.fr\/wp-content\/uploads\/2024\/11\/chalet-chambre-deux-100x100.jpg 100w\" sizes=\"auto, (max-width: 992px) 100vw, 992px\" \/><\/a>\n\t\t\t<\/span><\/li><\/ul>\n\t\t<\/div>\n\n\t<\/div>\n        <\/div>\r\n                <div class=\"room-description-wrapper\">\r\n            <div class=\"room-description-inner-wrapper\">\r\n                                    <div class=\"room-details\">\r\n                        \n<h2 class=\"mphb-room-type-title entry-title\">\n\n<a class=\"mphb-room-type-title\" href=\"https:\/\/chalet-beziers.fr\/fr\/accommodation\/wooden-house\/\">Wooden house<\/a>\n\n<\/h2>\n\n<p>Parfaitement pour des familles out un groube d amis.<\/p>\n\n\n<h3 class=\"mphb-room-type-details-title\">D\u00e9tails<\/h3><ul class=\"mphb-loop-room-type-attributes\">\n    <li class=\"mphb-room-type-total-capacity\"><span class=\"mphb-attribute-title mphb-total-capacity-title\">Invit\u00e9s:<\/span><span class=\"mphb-attribute-value\">\n    4\n    <\/span><\/li>\n\n\n\n\t<li class=\"mphb-room-type-view\"><span class=\"mphb-attribute-title mphb-view-title\">Vue :<\/span><span class=\"mphb-attribute-value\">\n\tgarden\n\t<\/span><\/li>\n\n\n\n\n\t<li class=\"mphb-room-type-bed-type\"><span  class=\"mphb-attribute-title mphb-bed-type-title\">Type de lit :<\/span><span class=\"mphb-attribute-value\">\n\tdouble bed 140 , two single beds 90\n\t<\/span><\/li>\n\n\n\t<li class=\"mphb-room-type-categories\"><span class=\"mphb-attribute-title mphb-categories-title\">Cat\u00e9gories :<\/span><span class=\"mphb-attribute-value\"> <span class=\"category-quadrupel-fr\"><a href=\"https:\/\/chalet-beziers.fr\/fr\/accommodation-category\/quadrupel-fr\/\">quadrupel<\/a><\/span><\/span><\/li>\n\n\n\t<li class=\"mphb-room-type-facilities\"><span class=\"mphb-attribute-title mphb-facilities-title\">\u00c9quipements :<\/span><span class=\"mphb-attribute-value\"> <span class=\"facility-bbq-fr\"><a href=\"https:\/\/chalet-beziers.fr\/fr\/accommodation-facility\/bbq-fr\/\">BBQ<\/a><\/span>, <span class=\"facility-climatisation\"><a href=\"https:\/\/chalet-beziers.fr\/fr\/accommodation-facility\/climatisation\/\">climatisation<\/a><\/span>, <span class=\"facility-cuisine\"><a href=\"https:\/\/chalet-beziers.fr\/fr\/accommodation-facility\/cuisine\/\">cuisine<\/a><\/span>, <span class=\"facility-free-wi-fi-fr\"><a href=\"https:\/\/chalet-beziers.fr\/fr\/accommodation-facility\/free-wi-fi-fr\/\">free wi-fi<\/a><\/span>, <span class=\"facility-machine-a-laver\"><a href=\"https:\/\/chalet-beziers.fr\/fr\/accommodation-facility\/machine-a-laver\/\">machine a laver<\/a><\/span>, <span class=\"facility-seche-cheveux\"><a href=\"https:\/\/chalet-beziers.fr\/fr\/accommodation-facility\/seche-cheveux\/\">seche cheveux<\/a><\/span>, <span class=\"facility-television-fr\"><a href=\"https:\/\/chalet-beziers.fr\/fr\/accommodation-facility\/television-fr\/\">television<\/a><\/span><\/span><\/li>\n\n<\/ul>                    <\/div>\r\n                                    <div class=\"room-booking-details\">\r\n                        \n\n<div class=\"mphb-to-book-btn-wrapper\">\n<form action=\"https:\/\/chalet-beziers.fr\/fr\/accommodation\/wooden-house\/#booking-form-3136\" method=\"get\" ><button type=\"submit\" class=\"button mphb-book-button\" >R\u00e9server<\/button><\/form>\n<br\/><\/div>\n<p class=\"mphb-view-details-button-wrapper\">\n<a class=\"button mphb-view-details-button\" href=\"https:\/\/chalet-beziers.fr\/fr\/accommodation\/wooden-house\/\" >Voir les d\u00e9tails<\/a>\n<\/p>                    <\/div>\r\n                            <\/div>\r\n        <\/div>\r\n    \r\n    \r\n<\/div>\r\n\r\n\t<\/div>\r\n\t<\/div>","protected":false},"excerpt":{"rendered":"<p>Dans le chalet, vous disposez de deux chambres priv\u00e9es et d&rsquo;un grand salon.  <\/p>\n","protected":false},"author":1,"featured_media":2517,"parent":2783,"menu_order":2,"comment_status":"closed","ping_status":"closed","template":"","meta":{"footnotes":""},"class_list":["post-2790","page","type-page","status-publish","has-post-thumbnail","hentry"],"_links":{"self":[{"href":"https:\/\/chalet-beziers.fr\/fr\/wp-json\/wp\/v2\/pages\/2790","targetHints":{"allow":["GET"]}}],"collection":[{"href":"https:\/\/chalet-beziers.fr\/fr\/wp-json\/wp\/v2\/pages"}],"about":[{"href":"https:\/\/chalet-beziers.fr\/fr\/wp-json\/wp\/v2\/types\/page"}],"author":[{"embeddable":true,"href":"https:\/\/chalet-beziers.fr\/fr\/wp-json\/wp\/v2\/users\/1"}],"replies":[{"embeddable":true,"href":"https:\/\/chalet-beziers.fr\/fr\/wp-json\/wp\/v2\/comments?post=2790"}],"version-history":[{"count":2,"href":"https:\/\/chalet-beziers.fr\/fr\/wp-json\/wp\/v2\/pages\/2790\/revisions"}],"predecessor-version":[{"id":2793,"href":"https:\/\/chalet-beziers.fr\/fr\/wp-json\/wp\/v2\/pages\/2790\/revisions\/2793"}],"up":[{"embeddable":true,"href":"https:\/\/chalet-beziers.fr\/fr\/wp-json\/wp\/v2\/pages\/2783"}],"wp:featuredmedia":[{"embeddable":true,"href":"https:\/\/chalet-beziers.fr\/fr\/wp-json\/wp\/v2\/media\/2517"}],"wp:attachment":[{"href":"https:\/\/chalet-beziers.fr\/fr\/wp-json\/wp\/v2\/media?parent=2790"}],"curies":[{"name":"wp","href":"https:\/\/api.w.org\/{rel}","templated":true}]}}