{"id":2826,"date":"2019-07-15T12:01:45","date_gmt":"2019-07-15T10:01:45","guid":{"rendered":"https:\/\/chalet-beziers.fr\/a-propos-de-vw-combi\/"},"modified":"2024-12-26T04:31:41","modified_gmt":"2024-12-26T03:31:41","slug":"a-propos-de-vw-combi","status":"publish","type":"page","link":"https:\/\/chalet-beziers.fr\/fr\/a-propos-de-vw-combi\/","title":{"rendered":"A propos de \u00ab\u00a0VW Combi\u00a0\u00bb"},"content":{"rendered":"<h1 class=\"wp-block-heading\"><\/h1><p>En tant que campeurs passionn\u00e9s de la vieille \u00e9cole&#8230; nous venons de commencer \u00e0 louer un petit combi.<\/p><p>Pour tous ceux qui r\u00eavent de louer un petit bus combi pour se balader dans le sud de la France. Tous nos bus sont \u00e9quip\u00e9s d&rsquo;un lit \u00e0 bascule pour les adultes et, si n\u00e9cessaire, d&rsquo;un lit sur le toit pour les enfants.  <\/p><p>Avec nos bus, vous \u00e9chappez \u00e0 la vie rapide de notre \u00e9poque, vous ralentissez et vous profitez&#8230;<\/p><div class=\"wp-block-getwid-section alignfull alignfull getwid-section-content-custom-width\"><div class=\"wp-block-getwid-section__wrapper\"><div class=\"wp-block-getwid-section__inner-wrapper\" style=\"max-width:1130px\"><div class=\"wp-block-getwid-section__background-holder\"><div class=\"wp-block-getwid-section__background\"><\/div><div class=\"wp-block-getwid-section__foreground\"><\/div><\/div><div class=\"wp-block-getwid-section__content\"><div class=\"wp-block-getwid-section__inner-content\"><div class=\"wp-block-columns has-3-columns is-layout-flex wp-container-core-columns-is-layout-1 wp-block-columns-is-layout-flex\"><div class=\"wp-block-column is-layout-flow wp-block-column-is-layout-flow\"><div class=\"wp-block-getwid-image-box is-style-rounded has-text-left has-mobile-layout-default has-mobile-alignment-default\"><div class=\"wp-block-getwid-image-box__image-container is-position-top\"><a href=\"https:\/\/vwcombi-beziers.fr\" target=\"_blank\" rel=\"noreferrer noopener\" class=\"wp-block-getwid-image-box__image-wrapper\"><img loading=\"lazy\" decoding=\"async\" width=\"2560\" height=\"1920\" src=\"https:\/\/chalet-beziers.fr\/wp-content\/uploads\/2024\/11\/IMG_20181115_104438-scaled.jpg\" alt=\"\" class=\"wp-block-getwid-image-box__image wp-image-1722\" srcset=\"https:\/\/chalet-beziers.fr\/wp-content\/uploads\/2024\/11\/IMG_20181115_104438-scaled.jpg 2560w, https:\/\/chalet-beziers.fr\/wp-content\/uploads\/2024\/11\/IMG_20181115_104438-300x225.jpg 300w, https:\/\/chalet-beziers.fr\/wp-content\/uploads\/2024\/11\/IMG_20181115_104438-1024x768.jpg 1024w, https:\/\/chalet-beziers.fr\/wp-content\/uploads\/2024\/11\/IMG_20181115_104438-768x576.jpg 768w, https:\/\/chalet-beziers.fr\/wp-content\/uploads\/2024\/11\/IMG_20181115_104438-1536x1152.jpg 1536w, https:\/\/chalet-beziers.fr\/wp-content\/uploads\/2024\/11\/IMG_20181115_104438-2048x1536.jpg 2048w, https:\/\/chalet-beziers.fr\/wp-content\/uploads\/2024\/11\/IMG_20181115_104438-1170x878.jpg 1170w, https:\/\/chalet-beziers.fr\/wp-content\/uploads\/2024\/11\/IMG_20181115_104438-600x450.jpg 600w\" sizes=\"auto, (max-width: 2560px) 100vw, 2560px\" \/><\/a><\/div><div class=\"wp-block-getwid-image-box__content\"><h5 class=\"wp-block-heading has-text-align-center\">Orange ensoleill\u00e9e<\/h5>\n\n<p class=\"has-text-align-center\">Couleur jaune-orange d&rsquo;origine et toit rigide.<\/p><\/div><\/div><\/div>\n\n<div class=\"wp-block-column is-layout-flow wp-block-column-is-layout-flow\"><div class=\"wp-block-getwid-image-box is-style-rounded has-text-center has-mobile-layout-default has-mobile-alignment-default\"><div class=\"wp-block-getwid-image-box__image-container is-position-top\"><a href=\"https:\/\/vwcombi-beziers.fr\" target=\"_blank\" rel=\"noreferrer noopener\" class=\"wp-block-getwid-image-box__image-wrapper\"><img loading=\"lazy\" decoding=\"async\" width=\"2560\" height=\"1920\" src=\"https:\/\/chalet-beziers.fr\/wp-content\/uploads\/2024\/11\/IMG_20230803_152413-scaled.jpg\" alt=\"\" class=\"wp-block-getwid-image-box__image wp-image-1723\" srcset=\"https:\/\/chalet-beziers.fr\/wp-content\/uploads\/2024\/11\/IMG_20230803_152413-scaled.jpg 2560w, https:\/\/chalet-beziers.fr\/wp-content\/uploads\/2024\/11\/IMG_20230803_152413-300x225.jpg 300w, https:\/\/chalet-beziers.fr\/wp-content\/uploads\/2024\/11\/IMG_20230803_152413-1024x768.jpg 1024w, https:\/\/chalet-beziers.fr\/wp-content\/uploads\/2024\/11\/IMG_20230803_152413-768x576.jpg 768w, https:\/\/chalet-beziers.fr\/wp-content\/uploads\/2024\/11\/IMG_20230803_152413-1536x1152.jpg 1536w, https:\/\/chalet-beziers.fr\/wp-content\/uploads\/2024\/11\/IMG_20230803_152413-2048x1536.jpg 2048w, https:\/\/chalet-beziers.fr\/wp-content\/uploads\/2024\/11\/IMG_20230803_152413-1170x878.jpg 1170w, https:\/\/chalet-beziers.fr\/wp-content\/uploads\/2024\/11\/IMG_20230803_152413-600x450.jpg 600w\" sizes=\"auto, (max-width: 2560px) 100vw, 2560px\" \/><\/a><\/div><div class=\"wp-block-getwid-image-box__content\"><h5 class=\"wp-block-heading\">Ciel bleu<\/h5>\n\n<p>Avec un toit de tente pliable  <\/p><\/div><\/div><\/div>\n\n<div class=\"wp-block-column is-layout-flow wp-block-column-is-layout-flow\"><div class=\"wp-block-getwid-image-box is-style-rounded has-text-right has-mobile-layout-default has-mobile-alignment-default\"><div class=\"wp-block-getwid-image-box__image-container is-position-top\"><a href=\"https:\/\/vwcombi-beziers.fr\" target=\"_blank\" rel=\"noreferrer noopener\" class=\"wp-block-getwid-image-box__image-wrapper\"><img loading=\"lazy\" decoding=\"async\" width=\"2560\" height=\"1920\" src=\"https:\/\/chalet-beziers.fr\/wp-content\/uploads\/2024\/11\/IMG_20230803_152529-scaled.jpg\" alt=\"\" class=\"wp-block-getwid-image-box__image wp-image-1730\" srcset=\"https:\/\/chalet-beziers.fr\/wp-content\/uploads\/2024\/11\/IMG_20230803_152529-scaled.jpg 2560w, https:\/\/chalet-beziers.fr\/wp-content\/uploads\/2024\/11\/IMG_20230803_152529-300x225.jpg 300w, https:\/\/chalet-beziers.fr\/wp-content\/uploads\/2024\/11\/IMG_20230803_152529-1024x768.jpg 1024w, https:\/\/chalet-beziers.fr\/wp-content\/uploads\/2024\/11\/IMG_20230803_152529-768x576.jpg 768w, https:\/\/chalet-beziers.fr\/wp-content\/uploads\/2024\/11\/IMG_20230803_152529-1536x1152.jpg 1536w, https:\/\/chalet-beziers.fr\/wp-content\/uploads\/2024\/11\/IMG_20230803_152529-2048x1536.jpg 2048w, https:\/\/chalet-beziers.fr\/wp-content\/uploads\/2024\/11\/IMG_20230803_152529-1170x878.jpg 1170w, https:\/\/chalet-beziers.fr\/wp-content\/uploads\/2024\/11\/IMG_20230803_152529-600x450.jpg 600w\" sizes=\"auto, (max-width: 2560px) 100vw, 2560px\" \/><\/a><\/div><div class=\"wp-block-getwid-image-box__content\"><h5 class=\"wp-block-heading has-text-align-center\">Brise cappuccino<\/h5>\n\n<p class=\"has-text-align-center\">Transform\u00e9 en un v\u00e9hicule \u00e9lectrique enti\u00e8rement fonctionnel.<\/p><\/div><\/div><\/div><\/div>\n\n<div class=\"wp-block-getwid-advanced-spacer\" style=\"height:60px\" aria-hidden=\"true\"><\/div>\n\n<div class=\"wp-block-columns has-2-columns is-layout-flex wp-container-core-columns-is-layout-2 wp-block-columns-is-layout-flex\"><div class=\"wp-block-column is-layout-flow wp-block-column-is-layout-flow\"><\/div><\/div><\/div><\/div><\/div><\/div><\/div><p><\/p>","protected":false},"excerpt":{"rendered":"<p>En tant que campeurs passionn\u00e9s de la vieille \u00e9cole&#8230; nous venons de commencer \u00e0 louer un petit combi. Pour tous ceux qui r\u00eavent de louer un petit bus combi pour se balader dans le sud de la France. Tous nos bus sont \u00e9quip\u00e9s d&rsquo;un lit \u00e0 bascule pour les adultes et, si n\u00e9cessaire, d&rsquo;un lit [&hellip;]<\/p>\n","protected":false},"author":1,"featured_media":0,"parent":0,"menu_order":0,"comment_status":"closed","ping_status":"closed","template":"","meta":{"footnotes":""},"class_list":["post-2826","page","type-page","status-publish","hentry"],"_links":{"self":[{"href":"https:\/\/chalet-beziers.fr\/fr\/wp-json\/wp\/v2\/pages\/2826","targetHints":{"allow":["GET"]}}],"collection":[{"href":"https:\/\/chalet-beziers.fr\/fr\/wp-json\/wp\/v2\/pages"}],"about":[{"href":"https:\/\/chalet-beziers.fr\/fr\/wp-json\/wp\/v2\/types\/page"}],"author":[{"embeddable":true,"href":"https:\/\/chalet-beziers.fr\/fr\/wp-json\/wp\/v2\/users\/1"}],"replies":[{"embeddable":true,"href":"https:\/\/chalet-beziers.fr\/fr\/wp-json\/wp\/v2\/comments?post=2826"}],"version-history":[{"count":2,"href":"https:\/\/chalet-beziers.fr\/fr\/wp-json\/wp\/v2\/pages\/2826\/revisions"}],"predecessor-version":[{"id":2830,"href":"https:\/\/chalet-beziers.fr\/fr\/wp-json\/wp\/v2\/pages\/2826\/revisions\/2830"}],"wp:attachment":[{"href":"https:\/\/chalet-beziers.fr\/fr\/wp-json\/wp\/v2\/media?parent=2826"}],"curies":[{"name":"wp","href":"https:\/\/api.w.org\/{rel}","templated":true}]}}