{"id":2843,"date":"2019-07-15T11:57:59","date_gmt":"2019-07-15T09:57:59","guid":{"rendered":"https:\/\/chalet-beziers.fr\/temoignages\/"},"modified":"2024-12-26T04:31:46","modified_gmt":"2024-12-26T03:31:46","slug":"temoignages","status":"publish","type":"page","link":"https:\/\/chalet-beziers.fr\/fr\/temoignages\/","title":{"rendered":"T\u00e9moignages"},"content":{"rendered":"<div class=\"wp-block-columns has-2-columns is-layout-flex wp-container-core-columns-is-layout-1 wp-block-columns-is-layout-flex\"><div class=\"wp-block-column is-layout-flow wp-block-column-is-layout-flow\"><div class=\"wp-block-getwid-testimonial has-image\"><div class=\"wp-block-getwid-testimonial__wrapper\"><div class=\"wp-block-getwid-testimonial__content-wrapper\"><p class=\"wp-block-getwid-testimonial__content\">Appartement spacieux et bien \u00e9quip\u00e9. Les charmants propri\u00e9taires \u00e9taient toujours l\u00e0 pour vous aider. La maison se trouve dans un endroit calme et charmant, \u00e0 seulement 15 minutes du centre-ville. Nous reviendrons lorsque nous serons dans les environs  <\/p><\/div><div class=\"wp-block-getwid-testimonial__header\"><div class=\"wp-block-getwid-testimonial__image-wrapper\"><div class=\"wp-block-getwid-testimonial__image\"><img decoding=\"async\" src=\"https:\/\/chalet-beziers.fr\/wp-content\/uploads\/2023\/08\/20170313_150901-150x150.jpg\" alt=\"\" class=\"wp-image-1067\"><\/div><\/div><div class=\"wp-block-getwid-testimonial__heading\"><span class=\"wp-block-getwid-testimonial__title\">Elena via Booking.com<\/span><span class=\"wp-block-getwid-testimonial__subtitle\">Espagne<\/span><\/div><\/div><\/div><\/div>\n\n<div class=\"wp-block-getwid-testimonial has-image\"><div class=\"wp-block-getwid-testimonial__wrapper\"><div class=\"wp-block-getwid-testimonial__content-wrapper\"><p class=\"wp-block-getwid-testimonial__content\">Propri\u00e9taires tr\u00e8s sympathiques, chalet comme sur les photos, parking s\u00e9curis\u00e9, rien de n\u00e9gatif \u00e0 dire sur ce s\u00e9jour.<\/p><\/div><div class=\"wp-block-getwid-testimonial__header\"><div class=\"wp-block-getwid-testimonial__image-wrapper\"><div class=\"wp-block-getwid-testimonial__image\"><img loading=\"lazy\" decoding=\"async\" width=\"150\" height=\"150\" src=\"https:\/\/chalet-beziers.fr\/wp-content\/uploads\/2023\/08\/chalet-beziers-tulip-150x150.jpg\" alt=\"\" class=\"wp-image-1143\" srcset=\"https:\/\/chalet-beziers.fr\/wp-content\/uploads\/2023\/08\/chalet-beziers-tulip-150x150.jpg 150w, https:\/\/chalet-beziers.fr\/wp-content\/uploads\/2023\/08\/chalet-beziers-tulip-992x992.jpg 992w, https:\/\/chalet-beziers.fr\/wp-content\/uploads\/2023\/08\/chalet-beziers-tulip-300x300.jpg 300w, https:\/\/chalet-beziers.fr\/wp-content\/uploads\/2023\/08\/chalet-beziers-tulip-100x100.jpg 100w\" sizes=\"auto, (max-width: 150px) 100vw, 150px\" \/><\/div><\/div><div class=\"wp-block-getwid-testimonial__heading\"><span class=\"wp-block-getwid-testimonial__title\">Lou-anne via Booking.com<\/span><span class=\"wp-block-getwid-testimonial__subtitle\">France<\/span><\/div><\/div><\/div><\/div>\n\n<div class=\"wp-block-getwid-testimonial has-image\"><div class=\"wp-block-getwid-testimonial__wrapper\"><div class=\"wp-block-getwid-testimonial__content-wrapper\"><p class=\"wp-block-getwid-testimonial__content\">Climatisation tr\u00e8s appr\u00e9ci\u00e9e, parking priv\u00e9, et gentillesse des propri\u00e9taires. Ainsi que le charme de la maison en bois.<\/p><\/div><div class=\"wp-block-getwid-testimonial__header\"><div class=\"wp-block-getwid-testimonial__image-wrapper\"><div class=\"wp-block-getwid-testimonial__image\"><img loading=\"lazy\" decoding=\"async\" width=\"150\" height=\"150\" src=\"https:\/\/chalet-beziers.fr\/wp-content\/uploads\/2023\/08\/chalet-beziers-jardin-feuille-150x150.jpg\" alt=\"\" class=\"wp-image-1390\" srcset=\"https:\/\/chalet-beziers.fr\/wp-content\/uploads\/2023\/08\/chalet-beziers-jardin-feuille-150x150.jpg 150w, https:\/\/chalet-beziers.fr\/wp-content\/uploads\/2023\/08\/chalet-beziers-jardin-feuille-992x992.jpg 992w, https:\/\/chalet-beziers.fr\/wp-content\/uploads\/2023\/08\/chalet-beziers-jardin-feuille-300x300.jpg 300w, https:\/\/chalet-beziers.fr\/wp-content\/uploads\/2023\/08\/chalet-beziers-jardin-feuille-100x100.jpg 100w\" sizes=\"auto, (max-width: 150px) 100vw, 150px\" \/><\/div><\/div><div class=\"wp-block-getwid-testimonial__heading\"><span class=\"wp-block-getwid-testimonial__title\">Bernard via Booking.com<\/span><span class=\"wp-block-getwid-testimonial__subtitle\">France<\/span><\/div><\/div><\/div><\/div><\/div>\n\n<div class=\"wp-block-column is-layout-flow wp-block-column-is-layout-flow\"><div class=\"wp-block-getwid-testimonial has-image\"><div class=\"wp-block-getwid-testimonial__wrapper\"><div class=\"wp-block-getwid-testimonial__content-wrapper\"><p class=\"wp-block-getwid-testimonial__content\">L&rsquo;accueil des h\u00f4tes a \u00e9t\u00e9 tr\u00e8s sympathique et amical. La maison est vraiment exceptionnelle avec tout le confort et tr\u00e8s spacieuse.<\/p><\/div><div class=\"wp-block-getwid-testimonial__header\"><div class=\"wp-block-getwid-testimonial__image-wrapper\"><div class=\"wp-block-getwid-testimonial__image\"><img loading=\"lazy\" decoding=\"async\" width=\"150\" height=\"150\" src=\"https:\/\/chalet-beziers.fr\/wp-content\/uploads\/2023\/08\/chalet-beziers-tulip-150x150.jpg\" alt=\"\" class=\"wp-image-1143\" srcset=\"https:\/\/chalet-beziers.fr\/wp-content\/uploads\/2023\/08\/chalet-beziers-tulip-150x150.jpg 150w, https:\/\/chalet-beziers.fr\/wp-content\/uploads\/2023\/08\/chalet-beziers-tulip-992x992.jpg 992w, https:\/\/chalet-beziers.fr\/wp-content\/uploads\/2023\/08\/chalet-beziers-tulip-300x300.jpg 300w, https:\/\/chalet-beziers.fr\/wp-content\/uploads\/2023\/08\/chalet-beziers-tulip-100x100.jpg 100w\" sizes=\"auto, (max-width: 150px) 100vw, 150px\" \/><\/div><\/div><div class=\"wp-block-getwid-testimonial__heading\"><span class=\"wp-block-getwid-testimonial__title\">Alexandrine via Booking.com<\/span><span class=\"wp-block-getwid-testimonial__subtitle\">France<\/span><\/div><\/div><\/div><\/div>\n\n<div class=\"wp-block-getwid-testimonial has-image\"><div class=\"wp-block-getwid-testimonial__wrapper\"><div class=\"wp-block-getwid-testimonial__content-wrapper\"><p class=\"wp-block-getwid-testimonial__content\">Accueil chaleureux, propri\u00e9taires tr\u00e8s sympathiques, rien ne manquait \u00e0 notre arriv\u00e9e. Beaucoup d&rsquo;intimit\u00e9 et une literie confortable.  <br>Nous vous recommandons sans h\u00e9sitation.<\/p><\/div><div class=\"wp-block-getwid-testimonial__header\"><div class=\"wp-block-getwid-testimonial__image-wrapper\"><div class=\"wp-block-getwid-testimonial__image\"><img loading=\"lazy\" decoding=\"async\" width=\"150\" height=\"150\" src=\"https:\/\/chalet-beziers.fr\/wp-content\/uploads\/2023\/08\/20170313_150843-150x150.jpg\" alt=\"\" class=\"wp-image-1064\" srcset=\"https:\/\/chalet-beziers.fr\/wp-content\/uploads\/2023\/08\/20170313_150843-150x150.jpg 150w, https:\/\/chalet-beziers.fr\/wp-content\/uploads\/2023\/08\/20170313_150843-992x992.jpg 992w, https:\/\/chalet-beziers.fr\/wp-content\/uploads\/2023\/08\/20170313_150843-300x300.jpg 300w, https:\/\/chalet-beziers.fr\/wp-content\/uploads\/2023\/08\/20170313_150843-100x100.jpg 100w\" sizes=\"auto, (max-width: 150px) 100vw, 150px\" \/><\/div><\/div><div class=\"wp-block-getwid-testimonial__heading\"><span class=\"wp-block-getwid-testimonial__title\">Nicole via Booking.com<\/span><span class=\"wp-block-getwid-testimonial__subtitle\">Lyon, France<\/span><\/div><\/div><\/div><\/div>\n\n<div class=\"wp-block-getwid-testimonial has-image\"><div class=\"wp-block-getwid-testimonial__wrapper\"><div class=\"wp-block-getwid-testimonial__content-wrapper\"><p class=\"wp-block-getwid-testimonial__content\">Le chalet est central, il est possible de se rendre \u00e0 pied au centre, une ville tr\u00e8s agr\u00e9able. Rien de n\u00e9gatif.<\/p><\/div><div class=\"wp-block-getwid-testimonial__header\"><div class=\"wp-block-getwid-testimonial__image-wrapper\"><div class=\"wp-block-getwid-testimonial__image\"><img loading=\"lazy\" decoding=\"async\" width=\"150\" height=\"150\" src=\"https:\/\/chalet-beziers.fr\/wp-content\/uploads\/2023\/08\/chalet-beziers-jardin-feuille-150x150.jpg\" alt=\"\" class=\"wp-image-1390\" srcset=\"https:\/\/chalet-beziers.fr\/wp-content\/uploads\/2023\/08\/chalet-beziers-jardin-feuille-150x150.jpg 150w, https:\/\/chalet-beziers.fr\/wp-content\/uploads\/2023\/08\/chalet-beziers-jardin-feuille-992x992.jpg 992w, https:\/\/chalet-beziers.fr\/wp-content\/uploads\/2023\/08\/chalet-beziers-jardin-feuille-300x300.jpg 300w, https:\/\/chalet-beziers.fr\/wp-content\/uploads\/2023\/08\/chalet-beziers-jardin-feuille-100x100.jpg 100w\" sizes=\"auto, (max-width: 150px) 100vw, 150px\" \/><\/div><\/div><div class=\"wp-block-getwid-testimonial__heading\"><span class=\"wp-block-getwid-testimonial__title\">Wolfgang via Booking.com<\/span><span class=\"wp-block-getwid-testimonial__subtitle\">Allemagne<\/span><\/div><\/div><\/div><\/div><\/div><\/div>","protected":false},"excerpt":{"rendered":"<p>Nos premiers commentaires sont tir\u00e9s de notre pr\u00e9sentation sur Booking.com.<\/p>\n","protected":false},"author":1,"featured_media":0,"parent":0,"menu_order":0,"comment_status":"closed","ping_status":"closed","template":"","meta":{"footnotes":""},"class_list":["post-2843","page","type-page","status-publish","hentry"],"_links":{"self":[{"href":"https:\/\/chalet-beziers.fr\/fr\/wp-json\/wp\/v2\/pages\/2843","targetHints":{"allow":["GET"]}}],"collection":[{"href":"https:\/\/chalet-beziers.fr\/fr\/wp-json\/wp\/v2\/pages"}],"about":[{"href":"https:\/\/chalet-beziers.fr\/fr\/wp-json\/wp\/v2\/types\/page"}],"author":[{"embeddable":true,"href":"https:\/\/chalet-beziers.fr\/fr\/wp-json\/wp\/v2\/users\/1"}],"replies":[{"embeddable":true,"href":"https:\/\/chalet-beziers.fr\/fr\/wp-json\/wp\/v2\/comments?post=2843"}],"version-history":[{"count":2,"href":"https:\/\/chalet-beziers.fr\/fr\/wp-json\/wp\/v2\/pages\/2843\/revisions"}],"predecessor-version":[{"id":2846,"href":"https:\/\/chalet-beziers.fr\/fr\/wp-json\/wp\/v2\/pages\/2843\/revisions\/2846"}],"wp:attachment":[{"href":"https:\/\/chalet-beziers.fr\/fr\/wp-json\/wp\/v2\/media?parent=2843"}],"curies":[{"name":"wp","href":"https:\/\/api.w.org\/{rel}","templated":true}]}}